{"id":4797,"date":"2021-10-12T07:42:03","date_gmt":"2021-10-12T07:42:03","guid":{"rendered":"https:\/\/www.norgeswood.ee\/katusekonstruktsioonid\/"},"modified":"2021-12-08T22:30:23","modified_gmt":"2021-12-08T20:30:23","slug":"tagkonstruktioner","status":"publish","type":"page","link":"https:\/\/www.norgeswood.ee\/da\/tagkonstruktioner\/","title":{"rendered":"Tagkonstruktioner"},"content":{"rendered":"<div id='layer_slider_1'  class='avia-layerslider main_color avia-shadow  avia-builder-el-0  el_before_av_one_full  avia-builder-el-first  container_wrap sidebar_right'  style='height: 149px;'  ><\/div><div id='after_layer_slider_1'  class='main_color av_default_container_wrap container_wrap sidebar_right'  ><div class='container av-section-cont-open' ><div class='template-page content  av-content-small alpha units'><div class='post-entry post-entry-type-page post-entry-4797'><div class='entry-content-wrapper clearfix'>\n<div class='flex_column av-2hgo1t-bfb404cd94e64190d425757a5d159452 av_one_full  avia-builder-el-1  el_after_av_layerslider  el_before_av_textblock  avia-builder-el-first  first flex_column_div '   ><p><section class=\"av_textblock_section \"  itemscope=\"itemscope\" itemtype=\"https:\/\/schema.org\/CreativeWork\" ><div class='avia_textblock  '   itemprop=\"text\" ><p>Limtr\u00e6 \/ Tagsp\u00e6r \/ Fremstilling af limtr\u00e6 \/ Tagkonstruktioner<\/p>\n<\/div><\/section><br \/>\n\n<style type=\"text\/css\" data-created_by=\"avia_inline_auto\" id=\"style-css-av-kuqqhz8g-f78bc282cf57f8394e2be43791d23372\">\n#top .avia-gallery.av-kuqqhz8g-f78bc282cf57f8394e2be43791d23372 .avia-gallery-thumb a{\nwidth:20%;\n}\n<\/style>\n<div  class='avia-gallery av-kuqqhz8g-f78bc282cf57f8394e2be43791d23372 avia_animate_when_visible  avia-builder-el-3  el_after_av_textblock  el_before_av_textblock  deactivate_avia_lazyload avia-gallery-animate  avia-gallery-1'  itemprop=\"image\" itemscope=\"itemscope\" itemtype=\"https:\/\/schema.org\/ImageObject\" ><div class='avia-gallery-thumb'> <a href=\"https:\/\/www.norgeswood.ee\/wp-content\/uploads\/2021\/10\/katusekonstruktsioonid_4.jpg\" data-srcset=\"https:\/\/www.norgeswood.ee\/wp-content\/uploads\/2021\/10\/katusekonstruktsioonid_4.jpg 1024w, https:\/\/www.norgeswood.ee\/wp-content\/uploads\/2021\/10\/katusekonstruktsioonid_4-300x225.jpg 300w, https:\/\/www.norgeswood.ee\/wp-content\/uploads\/2021\/10\/katusekonstruktsioonid_4-768x575.jpg 768w, https:\/\/www.norgeswood.ee\/wp-content\/uploads\/2021\/10\/katusekonstruktsioonid_4-705x528.jpg 705w\" data-sizes=\"(max-width: 1024px) 100vw, 1024px\" data-rel='gallery-1' data-prev-img='https:\/\/www.norgeswood.ee\/wp-content\/uploads\/2021\/10\/katusekonstruktsioonid_4-495x400.jpg' class='first_thumb lightbox ' data-onclick='1' title='katusekonstruktsioonid_4'  itemprop=\"thumbnailUrl\"  ><img decoding=\"async\" class=\"wp-image-4765 avia-img-lazy-loading-not-4765\"   src=\"https:\/\/www.norgeswood.ee\/wp-content\/uploads\/2021\/10\/katusekonstruktsioonid_4-495x400.jpg\" width=\"495\" height=\"400\"  title='katusekonstruktsioonid_4' alt='' srcset=\"https:\/\/www.norgeswood.ee\/wp-content\/uploads\/2021\/10\/katusekonstruktsioonid_4-495x400.jpg 495w, https:\/\/www.norgeswood.ee\/wp-content\/uploads\/2021\/10\/katusekonstruktsioonid_4-845x684.jpg 845w\" sizes=\"(max-width: 495px) 100vw, 495px\" \/><\/a> <a href=\"https:\/\/www.norgeswood.ee\/wp-content\/uploads\/2021\/10\/katusekonstruktsioonid_5.jpg\" data-srcset=\"https:\/\/www.norgeswood.ee\/wp-content\/uploads\/2021\/10\/katusekonstruktsioonid_5.jpg 1024w, https:\/\/www.norgeswood.ee\/wp-content\/uploads\/2021\/10\/katusekonstruktsioonid_5-300x225.jpg 300w, https:\/\/www.norgeswood.ee\/wp-content\/uploads\/2021\/10\/katusekonstruktsioonid_5-768x576.jpg 768w, https:\/\/www.norgeswood.ee\/wp-content\/uploads\/2021\/10\/katusekonstruktsioonid_5-705x529.jpg 705w\" data-sizes=\"(max-width: 1024px) 100vw, 1024px\" data-rel='gallery-1' data-prev-img='https:\/\/www.norgeswood.ee\/wp-content\/uploads\/2021\/10\/katusekonstruktsioonid_5-495x400.jpg' class='lightbox ' data-onclick='2' title='katusekonstruktsioonid_5'  itemprop=\"thumbnailUrl\"  ><img decoding=\"async\" class=\"wp-image-4766 avia-img-lazy-loading-not-4766\"   src=\"https:\/\/www.norgeswood.ee\/wp-content\/uploads\/2021\/10\/katusekonstruktsioonid_5-495x400.jpg\" width=\"495\" height=\"400\"  title='katusekonstruktsioonid_5' alt='' srcset=\"https:\/\/www.norgeswood.ee\/wp-content\/uploads\/2021\/10\/katusekonstruktsioonid_5-495x400.jpg 495w, https:\/\/www.norgeswood.ee\/wp-content\/uploads\/2021\/10\/katusekonstruktsioonid_5-845x684.jpg 845w\" sizes=\"(max-width: 495px) 100vw, 495px\" \/><\/a><\/div><\/div><br \/>\n<section class=\"av_textblock_section \"  itemscope=\"itemscope\" itemtype=\"https:\/\/schema.org\/CreativeWork\" ><div class='avia_textblock  '   itemprop=\"text\" ><p>Hastighed og kvalitet for fremstillingsprocessen af limtr\u00e6s-tagsp\u00e6r sikres af:<\/p>\n<ul>\n<li>Til fremstilling af tagkonstruktioner anvender vi kun 13 meter lange fingerskarrede konstruktioner og limtr\u00e6,<br \/>\ndermed er alle sp\u00e6rdelene i fuld l\u00e6ngde \u2013 der er ikke behov for at forl\u00e6nge t\u00f8mmeret.<\/li>\n<li>Tv\u00e6rsnit anvendt til limtr\u00e6s-tagkonstruktioner:<br \/>\nBredde p\u00e5 60 mm til 200 mm, h\u00f8jde p\u00e5 80 mm til 800 mm<\/li>\n<li>Moderne Dietrich\u2019s 3D CAD \/ CAM projekteringsprogrammel, som muligg\u00f8r<br \/>\nudarbejdelse af indviklede tagkonstruktioner<\/li>\n<li>Erfarne og kompetente projekteringsfolk og styrkeberegnere<\/li>\n<li>Udelukkende kalibreret og styrkesorteret C24-tr\u00e6 og limtr\u00e6 af meget god kvalitet<\/li>\n<li>Hundegger Speed-Cut SC-3 og Hundegger K2 hurtigopsk\u00e6ringssav<\/li>\n<\/ul>\n<\/div><\/section><\/p><\/div>\n<section class=\"av_textblock_section \"  itemscope=\"itemscope\" itemtype=\"https:\/\/schema.org\/CreativeWork\" ><div class='avia_textblock  '   itemprop=\"text\" ><p>Tr\u00e6 er en fornybar naturressource og af sin natur et let materiale. Derfor er bygning med rammev\u00e6rk<br \/>\naf tr\u00e6 under dagens markedsforhold p\u00e5 den ene side \u00f8konomisk og milj\u00f8venlig, og p\u00e5 den<br \/>\nanden side samtidigt konstruktionsm\u00e6ssigt let og med nem montering.<\/p>\n<\/div><\/section>\n\n<style type=\"text\/css\" data-created_by=\"avia_inline_auto\" id=\"style-css-av-kuqqjv1v-906b6495c9af8188398a1d11baaa47f9\">\n#top .avia-gallery.av-kuqqjv1v-906b6495c9af8188398a1d11baaa47f9 .avia-gallery-thumb a{\nwidth:20%;\n}\n<\/style>\n<div  class='avia-gallery av-kuqqjv1v-906b6495c9af8188398a1d11baaa47f9 avia_animate_when_visible  avia-builder-el-6  el_after_av_textblock  el_before_av_textblock  deactivate_avia_lazyload avia-gallery-animate  avia-gallery-2'  itemprop=\"image\" itemscope=\"itemscope\" itemtype=\"https:\/\/schema.org\/ImageObject\" ><div class='avia-gallery-thumb'> <a href=\"https:\/\/www.norgeswood.ee\/wp-content\/uploads\/2021\/10\/katusekonstruktsioonid_2.jpg\" data-srcset=\"https:\/\/www.norgeswood.ee\/wp-content\/uploads\/2021\/10\/katusekonstruktsioonid_2.jpg 700w, https:\/\/www.norgeswood.ee\/wp-content\/uploads\/2021\/10\/katusekonstruktsioonid_2-300x192.jpg 300w\" data-sizes=\"(max-width: 700px) 100vw, 700px\" data-rel='gallery-2' data-prev-img='https:\/\/www.norgeswood.ee\/wp-content\/uploads\/2021\/10\/katusekonstruktsioonid_2-495x400.jpg' class='first_thumb lightbox ' data-onclick='1' title='katusekonstruktsioonid_2'  itemprop=\"thumbnailUrl\"  ><img decoding=\"async\" class=\"wp-image-4741 avia-img-lazy-loading-not-4741\"   src=\"https:\/\/www.norgeswood.ee\/wp-content\/uploads\/2021\/10\/katusekonstruktsioonid_2-495x400.jpg\" width=\"495\" height=\"400\"  title='katusekonstruktsioonid_2' alt='' \/><\/a> <a href=\"https:\/\/www.norgeswood.ee\/wp-content\/uploads\/2021\/10\/katusekonstruktsioonid_3.jpg\" data-srcset=\"https:\/\/www.norgeswood.ee\/wp-content\/uploads\/2021\/10\/katusekonstruktsioonid_3.jpg 800w, https:\/\/www.norgeswood.ee\/wp-content\/uploads\/2021\/10\/katusekonstruktsioonid_3-300x218.jpg 300w, https:\/\/www.norgeswood.ee\/wp-content\/uploads\/2021\/10\/katusekonstruktsioonid_3-768x557.jpg 768w, https:\/\/www.norgeswood.ee\/wp-content\/uploads\/2021\/10\/katusekonstruktsioonid_3-705x511.jpg 705w\" data-sizes=\"(max-width: 800px) 100vw, 800px\" data-rel='gallery-2' data-prev-img='https:\/\/www.norgeswood.ee\/wp-content\/uploads\/2021\/10\/katusekonstruktsioonid_3-495x400.jpg' class='lightbox ' data-onclick='2' title='katusekonstruktsioonid_3'  itemprop=\"thumbnailUrl\"  ><img decoding=\"async\" class=\"wp-image-4742 avia-img-lazy-loading-not-4742\"   src=\"https:\/\/www.norgeswood.ee\/wp-content\/uploads\/2021\/10\/katusekonstruktsioonid_3-495x400.jpg\" width=\"495\" height=\"400\"  title='katusekonstruktsioonid_3' alt='' \/><\/a><\/div><\/div>\n<section class=\"av_textblock_section \"  itemscope=\"itemscope\" itemtype=\"https:\/\/schema.org\/CreativeWork\" ><div class='avia_textblock  '   itemprop=\"text\" ><p>Sp\u00e6r \u2013 udf\u00f8rte opgaver \u2013 priser<\/p>\n<\/div><\/section>\n\n","protected":false},"excerpt":{"rendered":"","protected":false},"author":1,"featured_media":4783,"parent":0,"menu_order":0,"comment_status":"closed","ping_status":"closed","template":"","meta":{"footnotes":""},"class_list":["post-4797","page","type-page","status-publish","has-post-thumbnail","hentry"],"yoast_head":"<!-- This site is optimized with the Yoast SEO plugin v27.0 - https:\/\/yoast.com\/product\/yoast-seo-wordpress\/ -->\n<title>Tagkonstruktioner - Wooden Houses - NorgesWood<\/title>\n<meta name=\"description\" content=\"Katusekonstruktsioonid - Liimpuit katusekonstruktioonides kasutatavad ristl\u00f5iked:Laiusega 60 mm kuni 200 mm, K\u00f5rgusega 80 mm kuni 800 mm\" \/>\n<meta name=\"robots\" content=\"index, follow, max-snippet:-1, max-image-preview:large, max-video-preview:-1\" \/>\n<link rel=\"canonical\" href=\"https:\/\/www.norgeswood.ee\/da\/tagkonstruktioner\/\" \/>\n<meta property=\"og:locale\" content=\"da_DK\" \/>\n<meta property=\"og:type\" content=\"article\" \/>\n<meta property=\"og:title\" content=\"Tagkonstruktioner - Wooden Houses - NorgesWood\" \/>\n<meta property=\"og:description\" content=\"Katusekonstruktsioonid - Liimpuit katusekonstruktioonides kasutatavad ristl\u00f5iked:Laiusega 60 mm kuni 200 mm, K\u00f5rgusega 80 mm kuni 800 mm\" \/>\n<meta property=\"og:url\" content=\"https:\/\/www.norgeswood.ee\/da\/tagkonstruktioner\/\" \/>\n<meta property=\"og:site_name\" content=\"Wooden Houses - NorgesWood\" \/>\n<meta property=\"article:modified_time\" content=\"2021-12-08T20:30:23+00:00\" \/>\n<meta property=\"og:image\" content=\"https:\/\/www.norgeswood.ee\/wp-content\/uploads\/2021\/10\/norgeswood_liimpuittalad_1-1030x773.jpg\" \/>\n\t<meta property=\"og:image:width\" content=\"1030\" \/>\n\t<meta property=\"og:image:height\" content=\"773\" \/>\n\t<meta property=\"og:image:type\" content=\"image\/jpeg\" \/>\n<meta name=\"twitter:card\" content=\"summary_large_image\" \/>\n<meta name=\"twitter:label1\" content=\"Estimeret l\u00e6setid\" \/>\n\t<meta name=\"twitter:data1\" content=\"4 minutter\" \/>\n<script type=\"application\/ld+json\" class=\"yoast-schema-graph\">{\"@context\":\"https:\/\/schema.org\",\"@graph\":[{\"@type\":\"WebPage\",\"@id\":\"https:\/\/www.norgeswood.ee\/da\/tagkonstruktioner\/\",\"url\":\"https:\/\/www.norgeswood.ee\/da\/tagkonstruktioner\/\",\"name\":\"Tagkonstruktioner - Wooden Houses - NorgesWood\",\"isPartOf\":{\"@id\":\"https:\/\/www.norgeswood.ee\/#website\"},\"primaryImageOfPage\":{\"@id\":\"https:\/\/www.norgeswood.ee\/da\/tagkonstruktioner\/#primaryimage\"},\"image\":{\"@id\":\"https:\/\/www.norgeswood.ee\/da\/tagkonstruktioner\/#primaryimage\"},\"thumbnailUrl\":\"https:\/\/www.norgeswood.ee\/wp-content\/uploads\/2021\/10\/norgeswood_liimpuittalad_1-scaled.jpg\",\"datePublished\":\"2021-10-12T07:42:03+00:00\",\"dateModified\":\"2021-12-08T20:30:23+00:00\",\"description\":\"Katusekonstruktsioonid - Liimpuit katusekonstruktioonides kasutatavad ristl\u00f5iked:Laiusega 60 mm kuni 200 mm, K\u00f5rgusega 80 mm kuni 800 mm\",\"breadcrumb\":{\"@id\":\"https:\/\/www.norgeswood.ee\/da\/tagkonstruktioner\/#breadcrumb\"},\"inLanguage\":\"da-DK\",\"potentialAction\":[{\"@type\":\"ReadAction\",\"target\":[\"https:\/\/www.norgeswood.ee\/da\/tagkonstruktioner\/\"]}]},{\"@type\":\"ImageObject\",\"inLanguage\":\"da-DK\",\"@id\":\"https:\/\/www.norgeswood.ee\/da\/tagkonstruktioner\/#primaryimage\",\"url\":\"https:\/\/www.norgeswood.ee\/wp-content\/uploads\/2021\/10\/norgeswood_liimpuittalad_1-scaled.jpg\",\"contentUrl\":\"https:\/\/www.norgeswood.ee\/wp-content\/uploads\/2021\/10\/norgeswood_liimpuittalad_1-scaled.jpg\",\"width\":2560,\"height\":1920},{\"@type\":\"BreadcrumbList\",\"@id\":\"https:\/\/www.norgeswood.ee\/da\/tagkonstruktioner\/#breadcrumb\",\"itemListElement\":[{\"@type\":\"ListItem\",\"position\":1,\"name\":\"Home\",\"item\":\"https:\/\/www.norgeswood.ee\/da\/homepage\/\"},{\"@type\":\"ListItem\",\"position\":2,\"name\":\"Tagkonstruktioner\"}]},{\"@type\":\"WebSite\",\"@id\":\"https:\/\/www.norgeswood.ee\/#website\",\"url\":\"https:\/\/www.norgeswood.ee\/\",\"name\":\"Wooden Houses - NorgesWood\",\"description\":\"Wooden Houses\",\"publisher\":{\"@id\":\"https:\/\/www.norgeswood.ee\/#organization\"},\"potentialAction\":[{\"@type\":\"SearchAction\",\"target\":{\"@type\":\"EntryPoint\",\"urlTemplate\":\"https:\/\/www.norgeswood.ee\/?s={search_term_string}\"},\"query-input\":{\"@type\":\"PropertyValueSpecification\",\"valueRequired\":true,\"valueName\":\"search_term_string\"}}],\"inLanguage\":\"da-DK\"},{\"@type\":\"Organization\",\"@id\":\"https:\/\/www.norgeswood.ee\/#organization\",\"name\":\"Wooden Houses - NorgesWood\",\"url\":\"https:\/\/www.norgeswood.ee\/\",\"logo\":{\"@type\":\"ImageObject\",\"inLanguage\":\"da-DK\",\"@id\":\"https:\/\/www.norgeswood.ee\/#\/schema\/logo\/image\/\",\"url\":\"https:\/\/www.norgeswood.ee\/wp-content\/uploads\/2021\/10\/logo_norgeshus.png\",\"contentUrl\":\"https:\/\/www.norgeswood.ee\/wp-content\/uploads\/2021\/10\/logo_norgeshus.png\",\"width\":248,\"height\":57,\"caption\":\"Wooden Houses - NorgesWood\"},\"image\":{\"@id\":\"https:\/\/www.norgeswood.ee\/#\/schema\/logo\/image\/\"}}]}<\/script>\n<!-- \/ Yoast SEO plugin. -->","yoast_head_json":{"title":"Tagkonstruktioner - Wooden Houses - NorgesWood","description":"Katusekonstruktsioonid - Liimpuit katusekonstruktioonides kasutatavad ristl\u00f5iked:Laiusega 60 mm kuni 200 mm, K\u00f5rgusega 80 mm kuni 800 mm","robots":{"index":"index","follow":"follow","max-snippet":"max-snippet:-1","max-image-preview":"max-image-preview:large","max-video-preview":"max-video-preview:-1"},"canonical":"https:\/\/www.norgeswood.ee\/da\/tagkonstruktioner\/","og_locale":"da_DK","og_type":"article","og_title":"Tagkonstruktioner - Wooden Houses - NorgesWood","og_description":"Katusekonstruktsioonid - Liimpuit katusekonstruktioonides kasutatavad ristl\u00f5iked:Laiusega 60 mm kuni 200 mm, K\u00f5rgusega 80 mm kuni 800 mm","og_url":"https:\/\/www.norgeswood.ee\/da\/tagkonstruktioner\/","og_site_name":"Wooden Houses - NorgesWood","article_modified_time":"2021-12-08T20:30:23+00:00","og_image":[{"width":1030,"height":773,"url":"https:\/\/www.norgeswood.ee\/wp-content\/uploads\/2021\/10\/norgeswood_liimpuittalad_1-1030x773.jpg","type":"image\/jpeg"}],"twitter_card":"summary_large_image","twitter_misc":{"Estimeret l\u00e6setid":"4 minutter"},"schema":{"@context":"https:\/\/schema.org","@graph":[{"@type":"WebPage","@id":"https:\/\/www.norgeswood.ee\/da\/tagkonstruktioner\/","url":"https:\/\/www.norgeswood.ee\/da\/tagkonstruktioner\/","name":"Tagkonstruktioner - Wooden Houses - NorgesWood","isPartOf":{"@id":"https:\/\/www.norgeswood.ee\/#website"},"primaryImageOfPage":{"@id":"https:\/\/www.norgeswood.ee\/da\/tagkonstruktioner\/#primaryimage"},"image":{"@id":"https:\/\/www.norgeswood.ee\/da\/tagkonstruktioner\/#primaryimage"},"thumbnailUrl":"https:\/\/www.norgeswood.ee\/wp-content\/uploads\/2021\/10\/norgeswood_liimpuittalad_1-scaled.jpg","datePublished":"2021-10-12T07:42:03+00:00","dateModified":"2021-12-08T20:30:23+00:00","description":"Katusekonstruktsioonid - Liimpuit katusekonstruktioonides kasutatavad ristl\u00f5iked:Laiusega 60 mm kuni 200 mm, K\u00f5rgusega 80 mm kuni 800 mm","breadcrumb":{"@id":"https:\/\/www.norgeswood.ee\/da\/tagkonstruktioner\/#breadcrumb"},"inLanguage":"da-DK","potentialAction":[{"@type":"ReadAction","target":["https:\/\/www.norgeswood.ee\/da\/tagkonstruktioner\/"]}]},{"@type":"ImageObject","inLanguage":"da-DK","@id":"https:\/\/www.norgeswood.ee\/da\/tagkonstruktioner\/#primaryimage","url":"https:\/\/www.norgeswood.ee\/wp-content\/uploads\/2021\/10\/norgeswood_liimpuittalad_1-scaled.jpg","contentUrl":"https:\/\/www.norgeswood.ee\/wp-content\/uploads\/2021\/10\/norgeswood_liimpuittalad_1-scaled.jpg","width":2560,"height":1920},{"@type":"BreadcrumbList","@id":"https:\/\/www.norgeswood.ee\/da\/tagkonstruktioner\/#breadcrumb","itemListElement":[{"@type":"ListItem","position":1,"name":"Home","item":"https:\/\/www.norgeswood.ee\/da\/homepage\/"},{"@type":"ListItem","position":2,"name":"Tagkonstruktioner"}]},{"@type":"WebSite","@id":"https:\/\/www.norgeswood.ee\/#website","url":"https:\/\/www.norgeswood.ee\/","name":"Wooden Houses - NorgesWood","description":"Wooden Houses","publisher":{"@id":"https:\/\/www.norgeswood.ee\/#organization"},"potentialAction":[{"@type":"SearchAction","target":{"@type":"EntryPoint","urlTemplate":"https:\/\/www.norgeswood.ee\/?s={search_term_string}"},"query-input":{"@type":"PropertyValueSpecification","valueRequired":true,"valueName":"search_term_string"}}],"inLanguage":"da-DK"},{"@type":"Organization","@id":"https:\/\/www.norgeswood.ee\/#organization","name":"Wooden Houses - NorgesWood","url":"https:\/\/www.norgeswood.ee\/","logo":{"@type":"ImageObject","inLanguage":"da-DK","@id":"https:\/\/www.norgeswood.ee\/#\/schema\/logo\/image\/","url":"https:\/\/www.norgeswood.ee\/wp-content\/uploads\/2021\/10\/logo_norgeshus.png","contentUrl":"https:\/\/www.norgeswood.ee\/wp-content\/uploads\/2021\/10\/logo_norgeshus.png","width":248,"height":57,"caption":"Wooden Houses - NorgesWood"},"image":{"@id":"https:\/\/www.norgeswood.ee\/#\/schema\/logo\/image\/"}}]}},"_links":{"self":[{"href":"https:\/\/www.norgeswood.ee\/da\/wp-json\/wp\/v2\/pages\/4797","targetHints":{"allow":["GET"]}}],"collection":[{"href":"https:\/\/www.norgeswood.ee\/da\/wp-json\/wp\/v2\/pages"}],"about":[{"href":"https:\/\/www.norgeswood.ee\/da\/wp-json\/wp\/v2\/types\/page"}],"author":[{"embeddable":true,"href":"https:\/\/www.norgeswood.ee\/da\/wp-json\/wp\/v2\/users\/1"}],"replies":[{"embeddable":true,"href":"https:\/\/www.norgeswood.ee\/da\/wp-json\/wp\/v2\/comments?post=4797"}],"version-history":[{"count":0,"href":"https:\/\/www.norgeswood.ee\/da\/wp-json\/wp\/v2\/pages\/4797\/revisions"}],"wp:featuredmedia":[{"embeddable":true,"href":"https:\/\/www.norgeswood.ee\/da\/wp-json\/wp\/v2\/media\/4783"}],"wp:attachment":[{"href":"https:\/\/www.norgeswood.ee\/da\/wp-json\/wp\/v2\/media?parent=4797"}],"curies":[{"name":"wp","href":"https:\/\/api.w.org\/{rel}","templated":true}]}}