{"id":4798,"date":"2021-10-07T12:19:04","date_gmt":"2021-10-07T12:19:04","guid":{"rendered":"https:\/\/www.norgeswood.ee\/liimpuittalad\/"},"modified":"2022-08-12T09:34:02","modified_gmt":"2022-08-12T07:34:02","slug":"limtraesbjaelker","status":"publish","type":"page","link":"https:\/\/www.norgeswood.ee\/da\/limtraesbjaelker\/","title":{"rendered":"Limtr\u00e6sbj\u00e6lker"},"content":{"rendered":"<div id='layer_slider_1'  class='avia-layerslider main_color avia-shadow  avia-builder-el-0  el_before_av_one_full  avia-builder-el-first  container_wrap sidebar_right'  style='height: 149px;'  ><\/div><div id='after_layer_slider_1'  class='main_color av_default_container_wrap container_wrap sidebar_right'  ><div class='container av-section-cont-open' ><div class='template-page content  av-content-small alpha units'><div class='post-entry post-entry-type-page post-entry-4798'><div class='entry-content-wrapper clearfix'>\n<div class='flex_column av-316jhx-266b83ef0bc38e843af9d98cb3950a37 av_one_full  avia-builder-el-1  el_after_av_layerslider  avia-builder-el-no-sibling  first flex_column_div '   ><p><section class=\"av_textblock_section \"  itemscope=\"itemscope\" itemtype=\"https:\/\/schema.org\/CreativeWork\" ><div class='avia_textblock  '   itemprop=\"text\" ><p>Limtr\u00e6sbj\u00e6lker \/ Limtr\u00e6 &#8211; Bygningstr\u00e6 er teknisk t\u00f8rret naturtr\u00e6 med et fugtindhold indtil 15( +\/- 3)%. Produktet er fremstillet ved forl\u00e6ngelse af delene til opn\u00e5else af l\u00e6ngere bygningselementer, end det er muligt blot med almindeligt t\u00f8mmer. Bygningstr\u00e6et limes indbyrdes sammen lagvis til den af kunden \u00f8nskede h\u00f8jde, hvilket<br \/>\ngiver limtr\u00e6 med st\u00f8rre b\u00e6reevne. Limningen udf\u00f8res med polyuretanlim, der giver en lys limning. Bygningst\u00f8mmeret skal til udend\u00f8rs brug alt efter<br \/>\nanvendelsesstedet beskyttes mod vejrliget enten ved impr\u00e6gnering, h\u00f8jtryksimpr\u00e6gnering eller lakering.<\/p>\n<p style=\"margin-top: 10px;\">Vi fremstiller limtr\u00e6et af h\u00f8jkvalitets grantr\u00e6. Limtr\u00e6et fremstilles if\u00f8lge kravene i EN 14080:2013 \/ DIN 1052,<br \/>\nfingerskarring if\u00f8lge EN 14080:2013 \/ DIN 68140-1.<\/p>\n<\/div><\/section><br \/>\n<br \/>\n<section class=\"av_textblock_section \"  itemscope=\"itemscope\" itemtype=\"https:\/\/schema.org\/CreativeWork\" ><div class='avia_textblock  '   itemprop=\"text\" ><p style=\"margin-top: 10px;\">Vi lagerf\u00f8rer et standardudvalg af produkter for at kunne levere hurtigt.<\/p>\n<\/div><\/section><br \/>\n<br \/>\n<section class=\"av_textblock_section \"  itemscope=\"itemscope\" itemtype=\"https:\/\/schema.org\/CreativeWork\" ><div class='avia_textblock  '   itemprop=\"text\" ><div id=\"laminated-detail-1\" style=\"display: inline-block; background-color: #5daa47; color: white; padding: 5px 15px 5px 15px;\">Sortiment p\u00e5 lager med 13 m l\u00e6ngde<\/div>\n<\/div><\/section><br \/>\n<section class=\"av_textblock_section \"  itemscope=\"itemscope\" itemtype=\"https:\/\/schema.org\/CreativeWork\" ><div class='avia_textblock  '   itemprop=\"text\" ><p>Disse limtr\u00e6sbj\u00e6lkers tv\u00e6rsnit er vort standardudvalg<br \/>\nFremstillingstiden for limtr\u00e6sbj\u00e6lker med andre tv\u00e6rsnit er ca. 5 til 14 arbejdsdage afh\u00e6ngigt af m\u00e6ngden<\/p>\n<\/div><\/section><\/p><\/div>\n","protected":false},"excerpt":{"rendered":"","protected":false},"author":1,"featured_media":4770,"parent":0,"menu_order":0,"comment_status":"closed","ping_status":"closed","template":"","meta":{"footnotes":""},"class_list":["post-4798","page","type-page","status-publish","has-post-thumbnail","hentry"],"yoast_head":"<!-- This site is optimized with the Yoast SEO plugin v27.0 - https:\/\/yoast.com\/product\/yoast-seo-wordpress\/ -->\n<title>Liimpuittalad - NorgesWoood - Liimpuit - Laoseis - HInnad<\/title>\n<meta name=\"description\" content=\"Liimpuitu valmistame k\u00f5rgekvaliteedilisest kuusepuidust. Liimpuidu tootmine vastab EN 14080:2013 n\u00f5uetele - Liimpuittalade tootja Eestis\" \/>\n<meta name=\"robots\" content=\"index, follow, max-snippet:-1, max-image-preview:large, max-video-preview:-1\" \/>\n<link rel=\"canonical\" href=\"https:\/\/www.norgeswood.ee\/da\/limtraesbjaelker\/\" \/>\n<meta property=\"og:locale\" content=\"da_DK\" \/>\n<meta property=\"og:type\" content=\"article\" \/>\n<meta property=\"og:title\" content=\"K\u00e4esolevate liimpuittalade ristl\u00f5iked on meie standard valikud\" \/>\n<meta property=\"og:description\" content=\"NorgesWood\" \/>\n<meta property=\"og:url\" content=\"https:\/\/www.norgeswood.ee\/da\/limtraesbjaelker\/\" \/>\n<meta property=\"og:site_name\" content=\"Wooden Houses - NorgesWood\" \/>\n<meta property=\"article:modified_time\" content=\"2022-08-12T07:34:02+00:00\" \/>\n<meta property=\"og:image\" content=\"https:\/\/www.norgeswood.ee\/wp-content\/uploads\/2021\/10\/liimpuit_4.jpg\" \/>\n\t<meta property=\"og:image:width\" content=\"350\" \/>\n\t<meta property=\"og:image:height\" content=\"189\" \/>\n\t<meta property=\"og:image:type\" content=\"image\/jpeg\" \/>\n<meta name=\"twitter:card\" content=\"summary_large_image\" \/>\n<meta name=\"twitter:label1\" content=\"Estimeret l\u00e6setid\" \/>\n\t<meta name=\"twitter:data1\" content=\"3 minutter\" \/>\n<script type=\"application\/ld+json\" class=\"yoast-schema-graph\">{\"@context\":\"https:\/\/schema.org\",\"@graph\":[{\"@type\":\"WebPage\",\"@id\":\"https:\/\/www.norgeswood.ee\/da\/limtraesbjaelker\/\",\"url\":\"https:\/\/www.norgeswood.ee\/da\/limtraesbjaelker\/\",\"name\":\"Liimpuittalad - NorgesWoood - Liimpuit - Laoseis - HInnad\",\"isPartOf\":{\"@id\":\"https:\/\/www.norgeswood.ee\/#website\"},\"primaryImageOfPage\":{\"@id\":\"https:\/\/www.norgeswood.ee\/da\/limtraesbjaelker\/#primaryimage\"},\"image\":{\"@id\":\"https:\/\/www.norgeswood.ee\/da\/limtraesbjaelker\/#primaryimage\"},\"thumbnailUrl\":\"https:\/\/www.norgeswood.ee\/wp-content\/uploads\/2021\/10\/liimpuit_4.jpg\",\"datePublished\":\"2021-10-07T12:19:04+00:00\",\"dateModified\":\"2022-08-12T07:34:02+00:00\",\"description\":\"Liimpuitu valmistame k\u00f5rgekvaliteedilisest kuusepuidust. Liimpuidu tootmine vastab EN 14080:2013 n\u00f5uetele - Liimpuittalade tootja Eestis\",\"breadcrumb\":{\"@id\":\"https:\/\/www.norgeswood.ee\/da\/limtraesbjaelker\/#breadcrumb\"},\"inLanguage\":\"da-DK\",\"potentialAction\":[{\"@type\":\"ReadAction\",\"target\":[\"https:\/\/www.norgeswood.ee\/da\/limtraesbjaelker\/\"]}]},{\"@type\":\"ImageObject\",\"inLanguage\":\"da-DK\",\"@id\":\"https:\/\/www.norgeswood.ee\/da\/limtraesbjaelker\/#primaryimage\",\"url\":\"https:\/\/www.norgeswood.ee\/wp-content\/uploads\/2021\/10\/liimpuit_4.jpg\",\"contentUrl\":\"https:\/\/www.norgeswood.ee\/wp-content\/uploads\/2021\/10\/liimpuit_4.jpg\",\"width\":350,\"height\":189},{\"@type\":\"BreadcrumbList\",\"@id\":\"https:\/\/www.norgeswood.ee\/da\/limtraesbjaelker\/#breadcrumb\",\"itemListElement\":[{\"@type\":\"ListItem\",\"position\":1,\"name\":\"Home\",\"item\":\"https:\/\/www.norgeswood.ee\/da\/homepage\/\"},{\"@type\":\"ListItem\",\"position\":2,\"name\":\"Limtr\u00e6sbj\u00e6lker\"}]},{\"@type\":\"WebSite\",\"@id\":\"https:\/\/www.norgeswood.ee\/#website\",\"url\":\"https:\/\/www.norgeswood.ee\/\",\"name\":\"Wooden Houses - NorgesWood\",\"description\":\"Wooden Houses\",\"publisher\":{\"@id\":\"https:\/\/www.norgeswood.ee\/#organization\"},\"potentialAction\":[{\"@type\":\"SearchAction\",\"target\":{\"@type\":\"EntryPoint\",\"urlTemplate\":\"https:\/\/www.norgeswood.ee\/?s={search_term_string}\"},\"query-input\":{\"@type\":\"PropertyValueSpecification\",\"valueRequired\":true,\"valueName\":\"search_term_string\"}}],\"inLanguage\":\"da-DK\"},{\"@type\":\"Organization\",\"@id\":\"https:\/\/www.norgeswood.ee\/#organization\",\"name\":\"Wooden Houses - NorgesWood\",\"url\":\"https:\/\/www.norgeswood.ee\/\",\"logo\":{\"@type\":\"ImageObject\",\"inLanguage\":\"da-DK\",\"@id\":\"https:\/\/www.norgeswood.ee\/#\/schema\/logo\/image\/\",\"url\":\"https:\/\/www.norgeswood.ee\/wp-content\/uploads\/2021\/10\/logo_norgeshus.png\",\"contentUrl\":\"https:\/\/www.norgeswood.ee\/wp-content\/uploads\/2021\/10\/logo_norgeshus.png\",\"width\":248,\"height\":57,\"caption\":\"Wooden Houses - NorgesWood\"},\"image\":{\"@id\":\"https:\/\/www.norgeswood.ee\/#\/schema\/logo\/image\/\"}}]}<\/script>\n<!-- \/ Yoast SEO plugin. -->","yoast_head_json":{"title":"Liimpuittalad - NorgesWoood - Liimpuit - Laoseis - HInnad","description":"Liimpuitu valmistame k\u00f5rgekvaliteedilisest kuusepuidust. Liimpuidu tootmine vastab EN 14080:2013 n\u00f5uetele - Liimpuittalade tootja Eestis","robots":{"index":"index","follow":"follow","max-snippet":"max-snippet:-1","max-image-preview":"max-image-preview:large","max-video-preview":"max-video-preview:-1"},"canonical":"https:\/\/www.norgeswood.ee\/da\/limtraesbjaelker\/","og_locale":"da_DK","og_type":"article","og_title":"K\u00e4esolevate liimpuittalade ristl\u00f5iked on meie standard valikud","og_description":"NorgesWood","og_url":"https:\/\/www.norgeswood.ee\/da\/limtraesbjaelker\/","og_site_name":"Wooden Houses - NorgesWood","article_modified_time":"2022-08-12T07:34:02+00:00","og_image":[{"width":350,"height":189,"url":"https:\/\/www.norgeswood.ee\/wp-content\/uploads\/2021\/10\/liimpuit_4.jpg","type":"image\/jpeg"}],"twitter_card":"summary_large_image","twitter_misc":{"Estimeret l\u00e6setid":"3 minutter"},"schema":{"@context":"https:\/\/schema.org","@graph":[{"@type":"WebPage","@id":"https:\/\/www.norgeswood.ee\/da\/limtraesbjaelker\/","url":"https:\/\/www.norgeswood.ee\/da\/limtraesbjaelker\/","name":"Liimpuittalad - NorgesWoood - Liimpuit - Laoseis - HInnad","isPartOf":{"@id":"https:\/\/www.norgeswood.ee\/#website"},"primaryImageOfPage":{"@id":"https:\/\/www.norgeswood.ee\/da\/limtraesbjaelker\/#primaryimage"},"image":{"@id":"https:\/\/www.norgeswood.ee\/da\/limtraesbjaelker\/#primaryimage"},"thumbnailUrl":"https:\/\/www.norgeswood.ee\/wp-content\/uploads\/2021\/10\/liimpuit_4.jpg","datePublished":"2021-10-07T12:19:04+00:00","dateModified":"2022-08-12T07:34:02+00:00","description":"Liimpuitu valmistame k\u00f5rgekvaliteedilisest kuusepuidust. Liimpuidu tootmine vastab EN 14080:2013 n\u00f5uetele - Liimpuittalade tootja Eestis","breadcrumb":{"@id":"https:\/\/www.norgeswood.ee\/da\/limtraesbjaelker\/#breadcrumb"},"inLanguage":"da-DK","potentialAction":[{"@type":"ReadAction","target":["https:\/\/www.norgeswood.ee\/da\/limtraesbjaelker\/"]}]},{"@type":"ImageObject","inLanguage":"da-DK","@id":"https:\/\/www.norgeswood.ee\/da\/limtraesbjaelker\/#primaryimage","url":"https:\/\/www.norgeswood.ee\/wp-content\/uploads\/2021\/10\/liimpuit_4.jpg","contentUrl":"https:\/\/www.norgeswood.ee\/wp-content\/uploads\/2021\/10\/liimpuit_4.jpg","width":350,"height":189},{"@type":"BreadcrumbList","@id":"https:\/\/www.norgeswood.ee\/da\/limtraesbjaelker\/#breadcrumb","itemListElement":[{"@type":"ListItem","position":1,"name":"Home","item":"https:\/\/www.norgeswood.ee\/da\/homepage\/"},{"@type":"ListItem","position":2,"name":"Limtr\u00e6sbj\u00e6lker"}]},{"@type":"WebSite","@id":"https:\/\/www.norgeswood.ee\/#website","url":"https:\/\/www.norgeswood.ee\/","name":"Wooden Houses - NorgesWood","description":"Wooden Houses","publisher":{"@id":"https:\/\/www.norgeswood.ee\/#organization"},"potentialAction":[{"@type":"SearchAction","target":{"@type":"EntryPoint","urlTemplate":"https:\/\/www.norgeswood.ee\/?s={search_term_string}"},"query-input":{"@type":"PropertyValueSpecification","valueRequired":true,"valueName":"search_term_string"}}],"inLanguage":"da-DK"},{"@type":"Organization","@id":"https:\/\/www.norgeswood.ee\/#organization","name":"Wooden Houses - NorgesWood","url":"https:\/\/www.norgeswood.ee\/","logo":{"@type":"ImageObject","inLanguage":"da-DK","@id":"https:\/\/www.norgeswood.ee\/#\/schema\/logo\/image\/","url":"https:\/\/www.norgeswood.ee\/wp-content\/uploads\/2021\/10\/logo_norgeshus.png","contentUrl":"https:\/\/www.norgeswood.ee\/wp-content\/uploads\/2021\/10\/logo_norgeshus.png","width":248,"height":57,"caption":"Wooden Houses - NorgesWood"},"image":{"@id":"https:\/\/www.norgeswood.ee\/#\/schema\/logo\/image\/"}}]}},"_links":{"self":[{"href":"https:\/\/www.norgeswood.ee\/da\/wp-json\/wp\/v2\/pages\/4798","targetHints":{"allow":["GET"]}}],"collection":[{"href":"https:\/\/www.norgeswood.ee\/da\/wp-json\/wp\/v2\/pages"}],"about":[{"href":"https:\/\/www.norgeswood.ee\/da\/wp-json\/wp\/v2\/types\/page"}],"author":[{"embeddable":true,"href":"https:\/\/www.norgeswood.ee\/da\/wp-json\/wp\/v2\/users\/1"}],"replies":[{"embeddable":true,"href":"https:\/\/www.norgeswood.ee\/da\/wp-json\/wp\/v2\/comments?post=4798"}],"version-history":[{"count":0,"href":"https:\/\/www.norgeswood.ee\/da\/wp-json\/wp\/v2\/pages\/4798\/revisions"}],"wp:featuredmedia":[{"embeddable":true,"href":"https:\/\/www.norgeswood.ee\/da\/wp-json\/wp\/v2\/media\/4770"}],"wp:attachment":[{"href":"https:\/\/www.norgeswood.ee\/da\/wp-json\/wp\/v2\/media?parent=4798"}],"curies":[{"name":"wp","href":"https:\/\/api.w.org\/{rel}","templated":true}]}}