{"id":4800,"date":"2021-10-13T09:18:15","date_gmt":"2021-10-13T09:18:15","guid":{"rendered":"https:\/\/www.norgeswood.ee\/autovarjualused\/"},"modified":"2022-02-06T23:45:53","modified_gmt":"2022-02-06T21:45:53","slug":"carporte","status":"publish","type":"page","link":"https:\/\/www.norgeswood.ee\/da\/carporte\/","title":{"rendered":"Carporte"},"content":{"rendered":"<div id='layer_slider_1'  class='avia-layerslider main_color avia-shadow  avia-builder-el-0  el_before_av_one_full  avia-builder-el-first  container_wrap sidebar_right'  style='height: 149px;'  ><\/div><div id='after_layer_slider_1'  class='main_color av_default_container_wrap container_wrap sidebar_right'  ><div class='container av-section-cont-open' ><div class='template-page content  av-content-small alpha units'><div class='post-entry post-entry-type-page post-entry-4800'><div class='entry-content-wrapper clearfix'>\n<div class='flex_column av-251keq-42ad27f8a6027f0b4bb89d2dafd2cf83 av_one_full  avia-builder-el-1  el_after_av_layerslider  avia-builder-el-no-sibling  first flex_column_div '   ><p><section class=\"av_textblock_section \"  itemscope=\"itemscope\" itemtype=\"https:\/\/schema.org\/CreativeWork\" ><div class='avia_textblock  '   itemprop=\"text\" ><p>Vi tilbyder carporte af god kvalitet og i forskellige m\u00e5l direkte fra producenten.<br \/>\nTil fremstillingen anvender vi altid tr\u00e6 af h\u00f8j kvalitet, hvilket giver carporten holdbarhed og et p\u00e6nt udseende.<\/p>\n<\/div><\/section><br \/>\n\n<style type=\"text\/css\" data-created_by=\"avia_inline_auto\" id=\"style-css-av-kupbeu6b-b1b067e0895d6764517997817643d44a\">\n#top .hr.hr-invisible.av-kupbeu6b-b1b067e0895d6764517997817643d44a{\nheight:5px;\n}\n<\/style>\n<div  class='hr av-kupbeu6b-b1b067e0895d6764517997817643d44a hr-invisible  avia-builder-el-3  el_after_av_textblock  el_before_av_codeblock  '><span class='hr-inner '><span class=\"hr-inner-style\"><\/span><\/span><\/div><br \/>\n<br \/>\n<section class=\"av_textblock_section \"  itemscope=\"itemscope\" itemtype=\"https:\/\/schema.org\/CreativeWork\" ><div class='avia_textblock  '   itemprop=\"text\" ><p>Til fremstillingen af carporte bruger vi kun kalibreret og styrkesorteret C24-tr\u00e6 af meget h\u00f8j kvalitet.<br \/>\nVi bruger udelukkende 13 meter langt fingerskarret bygningst\u00f8mmer.<\/p>\n<p>Mere end ti \u00e5rs erfaring med husbyggeri g\u00f8r vore produkter effektiver og sikrer kundens tilfredshed.<\/p>\n<\/div><\/section><br \/>\n\n<style type=\"text\/css\" data-created_by=\"avia_inline_auto\" id=\"style-css-av-kupdq1ze-ada92003952b565a73c318abd6bc5ef4\">\n#top .avia-gallery.av-kupdq1ze-ada92003952b565a73c318abd6bc5ef4 .avia-gallery-thumb a{\nwidth:20%;\n}\n<\/style>\n<div  class='avia-gallery av-kupdq1ze-ada92003952b565a73c318abd6bc5ef4 avia_animate_when_visible  avia-builder-el-6  el_after_av_textblock  el_before_av_textblock  deactivate_avia_lazyload avia-gallery-animate  avia-gallery-1'  itemprop=\"image\" itemscope=\"itemscope\" itemtype=\"https:\/\/schema.org\/ImageObject\" ><div class='avia-gallery-thumb'> <a href=\"https:\/\/www.norgeswood.ee\/wp-content\/uploads\/2021\/10\/autovarjualune_3.jpg\" data-srcset=\"https:\/\/www.norgeswood.ee\/wp-content\/uploads\/2021\/10\/autovarjualune_3.jpg 530w, https:\/\/www.norgeswood.ee\/wp-content\/uploads\/2021\/10\/autovarjualune_3-300x192.jpg 300w\" data-sizes=\"(max-width: 530px) 100vw, 530px\" data-rel='gallery-1' data-prev-img='https:\/\/www.norgeswood.ee\/wp-content\/uploads\/2021\/10\/autovarjualune_3.jpg' class='first_thumb lightbox ' data-onclick='1' title='autovarjualune_3'  itemprop=\"thumbnailUrl\"  ><img decoding=\"async\" class=\"wp-image-4745 avia-img-lazy-loading-not-4745\"   src=\"https:\/\/www.norgeswood.ee\/wp-content\/uploads\/2021\/10\/autovarjualune_3-495x340.jpg\" width=\"495\" height=\"340\"  title='autovarjualune_3' alt='' \/><\/a> <a href=\"https:\/\/www.norgeswood.ee\/wp-content\/uploads\/2021\/10\/autovarjualune_4.jpg\" data-srcset=\"https:\/\/www.norgeswood.ee\/wp-content\/uploads\/2021\/10\/autovarjualune_4.jpg 530w, https:\/\/www.norgeswood.ee\/wp-content\/uploads\/2021\/10\/autovarjualune_4-300x192.jpg 300w\" data-sizes=\"(max-width: 530px) 100vw, 530px\" data-rel='gallery-1' data-prev-img='https:\/\/www.norgeswood.ee\/wp-content\/uploads\/2021\/10\/autovarjualune_4.jpg' class='lightbox ' data-onclick='2' title='autovarjualune_4'  itemprop=\"thumbnailUrl\"  ><img decoding=\"async\" class=\"wp-image-4746 avia-img-lazy-loading-not-4746\"   src=\"https:\/\/www.norgeswood.ee\/wp-content\/uploads\/2021\/10\/autovarjualune_4-495x340.jpg\" width=\"495\" height=\"340\"  title='autovarjualune_4' alt='' \/><\/a> <a href=\"https:\/\/www.norgeswood.ee\/wp-content\/uploads\/2021\/10\/autovarjualune_5.jpg\" data-srcset=\"https:\/\/www.norgeswood.ee\/wp-content\/uploads\/2021\/10\/autovarjualune_5.jpg 530w, https:\/\/www.norgeswood.ee\/wp-content\/uploads\/2021\/10\/autovarjualune_5-300x192.jpg 300w\" data-sizes=\"(max-width: 530px) 100vw, 530px\" data-rel='gallery-1' data-prev-img='https:\/\/www.norgeswood.ee\/wp-content\/uploads\/2021\/10\/autovarjualune_5.jpg' class='lightbox ' data-onclick='3' title='autovarjualune_5'  itemprop=\"thumbnailUrl\"  ><img decoding=\"async\" class=\"wp-image-4747 avia-img-lazy-loading-not-4747\"   src=\"https:\/\/www.norgeswood.ee\/wp-content\/uploads\/2021\/10\/autovarjualune_5-495x340.jpg\" width=\"495\" height=\"340\"  title='autovarjualune_5' alt='' \/><\/a><\/div><\/div><br \/>\n<section class=\"av_textblock_section \"  itemscope=\"itemscope\" itemtype=\"https:\/\/schema.org\/CreativeWork\" ><div class='avia_textblock  '   itemprop=\"text\" ><p>Vi svarer p\u00e5 Jeres e-breve og sp\u00f8rgsm\u00e5l s\u00e5 hurtigt som muligt. Ved behov ogs\u00e5 i weekender.<br \/>\nDe carporte, vi har i produktion, leverer vi gratis overalt i Estland.<\/p>\n<\/div><\/section><br \/>\n<br \/>\n<br \/>\n<section class=\"av_textblock_section \"  itemscope=\"itemscope\" itemtype=\"https:\/\/schema.org\/CreativeWork\" ><div class='avia_textblock  '   itemprop=\"text\" ><p>Norges Wood katalog<\/p>\n<\/div><\/section><br \/>\n<br \/>\n<section class=\"av_textblock_section \"  itemscope=\"itemscope\" itemtype=\"https:\/\/schema.org\/CreativeWork\" ><div class='avia_textblock  '   itemprop=\"text\" ><p>Email: <a style=\"color: #666666;\" href=\"mailto:andreas.reineberg@norgeshus.ee\">andreas.reineberg@norgeshus.ee<\/a><br \/>\nTel: <a style=\"color: #666666;\" href=\"tel:+37256821601\">+372 56821601<\/a><\/p>\n<\/div><\/section><\/p><\/div>\n","protected":false},"excerpt":{"rendered":"","protected":false},"author":1,"featured_media":4780,"parent":0,"menu_order":0,"comment_status":"closed","ping_status":"closed","template":"","meta":{"footnotes":""},"class_list":["post-4800","page","type-page","status-publish","has-post-thumbnail","hentry"],"yoast_head":"<!-- This site is optimized with the Yoast SEO plugin v27.0 - https:\/\/yoast.com\/product\/yoast-seo-wordpress\/ -->\n<title>Carporte - Wooden Houses - NorgesWood<\/title>\n<meta name=\"description\" content=\"Autovarjualused - Valmistame autovarjualuseid \u00fcksnes v\u00e4ga kvaliteetse kalibreeritud ja tugevussorteeritud C24 puidust.\" \/>\n<meta name=\"robots\" content=\"index, follow, max-snippet:-1, max-image-preview:large, max-video-preview:-1\" \/>\n<link rel=\"canonical\" href=\"https:\/\/www.norgeswood.ee\/da\/carporte\/\" \/>\n<meta property=\"og:locale\" content=\"da_DK\" \/>\n<meta property=\"og:type\" content=\"article\" \/>\n<meta property=\"og:title\" content=\"Carporte - Wooden Houses - NorgesWood\" \/>\n<meta property=\"og:description\" content=\"Autovarjualused - Valmistame autovarjualuseid \u00fcksnes v\u00e4ga kvaliteetse kalibreeritud ja tugevussorteeritud C24 puidust.\" \/>\n<meta property=\"og:url\" content=\"https:\/\/www.norgeswood.ee\/da\/carporte\/\" \/>\n<meta property=\"og:site_name\" content=\"Wooden Houses - NorgesWood\" \/>\n<meta property=\"article:modified_time\" content=\"2022-02-06T21:45:53+00:00\" \/>\n<meta property=\"og:image\" content=\"https:\/\/www.norgeswood.ee\/wp-content\/uploads\/2021\/10\/tehtud_tood_10.jpg\" \/>\n\t<meta property=\"og:image:width\" content=\"440\" \/>\n\t<meta property=\"og:image:height\" content=\"283\" \/>\n\t<meta property=\"og:image:type\" content=\"image\/jpeg\" \/>\n<meta name=\"twitter:card\" content=\"summary_large_image\" \/>\n<meta name=\"twitter:label1\" content=\"Estimeret l\u00e6setid\" \/>\n\t<meta name=\"twitter:data1\" content=\"4 minutter\" \/>\n<script type=\"application\/ld+json\" class=\"yoast-schema-graph\">{\"@context\":\"https:\/\/schema.org\",\"@graph\":[{\"@type\":\"WebPage\",\"@id\":\"https:\/\/www.norgeswood.ee\/da\/carporte\/\",\"url\":\"https:\/\/www.norgeswood.ee\/da\/carporte\/\",\"name\":\"Carporte - Wooden Houses - NorgesWood\",\"isPartOf\":{\"@id\":\"https:\/\/www.norgeswood.ee\/#website\"},\"primaryImageOfPage\":{\"@id\":\"https:\/\/www.norgeswood.ee\/da\/carporte\/#primaryimage\"},\"image\":{\"@id\":\"https:\/\/www.norgeswood.ee\/da\/carporte\/#primaryimage\"},\"thumbnailUrl\":\"https:\/\/www.norgeswood.ee\/wp-content\/uploads\/2021\/10\/tehtud_tood_10.jpg\",\"datePublished\":\"2021-10-13T09:18:15+00:00\",\"dateModified\":\"2022-02-06T21:45:53+00:00\",\"description\":\"Autovarjualused - Valmistame autovarjualuseid \u00fcksnes v\u00e4ga kvaliteetse kalibreeritud ja tugevussorteeritud C24 puidust.\",\"breadcrumb\":{\"@id\":\"https:\/\/www.norgeswood.ee\/da\/carporte\/#breadcrumb\"},\"inLanguage\":\"da-DK\",\"potentialAction\":[{\"@type\":\"ReadAction\",\"target\":[\"https:\/\/www.norgeswood.ee\/da\/carporte\/\"]}]},{\"@type\":\"ImageObject\",\"inLanguage\":\"da-DK\",\"@id\":\"https:\/\/www.norgeswood.ee\/da\/carporte\/#primaryimage\",\"url\":\"https:\/\/www.norgeswood.ee\/wp-content\/uploads\/2021\/10\/tehtud_tood_10.jpg\",\"contentUrl\":\"https:\/\/www.norgeswood.ee\/wp-content\/uploads\/2021\/10\/tehtud_tood_10.jpg\",\"width\":440,\"height\":283},{\"@type\":\"BreadcrumbList\",\"@id\":\"https:\/\/www.norgeswood.ee\/da\/carporte\/#breadcrumb\",\"itemListElement\":[{\"@type\":\"ListItem\",\"position\":1,\"name\":\"Home\",\"item\":\"https:\/\/www.norgeswood.ee\/da\/homepage\/\"},{\"@type\":\"ListItem\",\"position\":2,\"name\":\"Carporte\"}]},{\"@type\":\"WebSite\",\"@id\":\"https:\/\/www.norgeswood.ee\/#website\",\"url\":\"https:\/\/www.norgeswood.ee\/\",\"name\":\"Wooden Houses - NorgesWood\",\"description\":\"Wooden Houses\",\"publisher\":{\"@id\":\"https:\/\/www.norgeswood.ee\/#organization\"},\"potentialAction\":[{\"@type\":\"SearchAction\",\"target\":{\"@type\":\"EntryPoint\",\"urlTemplate\":\"https:\/\/www.norgeswood.ee\/?s={search_term_string}\"},\"query-input\":{\"@type\":\"PropertyValueSpecification\",\"valueRequired\":true,\"valueName\":\"search_term_string\"}}],\"inLanguage\":\"da-DK\"},{\"@type\":\"Organization\",\"@id\":\"https:\/\/www.norgeswood.ee\/#organization\",\"name\":\"Wooden Houses - NorgesWood\",\"url\":\"https:\/\/www.norgeswood.ee\/\",\"logo\":{\"@type\":\"ImageObject\",\"inLanguage\":\"da-DK\",\"@id\":\"https:\/\/www.norgeswood.ee\/#\/schema\/logo\/image\/\",\"url\":\"https:\/\/www.norgeswood.ee\/wp-content\/uploads\/2021\/10\/logo_norgeshus.png\",\"contentUrl\":\"https:\/\/www.norgeswood.ee\/wp-content\/uploads\/2021\/10\/logo_norgeshus.png\",\"width\":248,\"height\":57,\"caption\":\"Wooden Houses - NorgesWood\"},\"image\":{\"@id\":\"https:\/\/www.norgeswood.ee\/#\/schema\/logo\/image\/\"}}]}<\/script>\n<!-- \/ Yoast SEO plugin. -->","yoast_head_json":{"title":"Carporte - Wooden Houses - NorgesWood","description":"Autovarjualused - Valmistame autovarjualuseid \u00fcksnes v\u00e4ga kvaliteetse kalibreeritud ja tugevussorteeritud C24 puidust.","robots":{"index":"index","follow":"follow","max-snippet":"max-snippet:-1","max-image-preview":"max-image-preview:large","max-video-preview":"max-video-preview:-1"},"canonical":"https:\/\/www.norgeswood.ee\/da\/carporte\/","og_locale":"da_DK","og_type":"article","og_title":"Carporte - Wooden Houses - NorgesWood","og_description":"Autovarjualused - Valmistame autovarjualuseid \u00fcksnes v\u00e4ga kvaliteetse kalibreeritud ja tugevussorteeritud C24 puidust.","og_url":"https:\/\/www.norgeswood.ee\/da\/carporte\/","og_site_name":"Wooden Houses - NorgesWood","article_modified_time":"2022-02-06T21:45:53+00:00","og_image":[{"width":440,"height":283,"url":"https:\/\/www.norgeswood.ee\/wp-content\/uploads\/2021\/10\/tehtud_tood_10.jpg","type":"image\/jpeg"}],"twitter_card":"summary_large_image","twitter_misc":{"Estimeret l\u00e6setid":"4 minutter"},"schema":{"@context":"https:\/\/schema.org","@graph":[{"@type":"WebPage","@id":"https:\/\/www.norgeswood.ee\/da\/carporte\/","url":"https:\/\/www.norgeswood.ee\/da\/carporte\/","name":"Carporte - Wooden Houses - NorgesWood","isPartOf":{"@id":"https:\/\/www.norgeswood.ee\/#website"},"primaryImageOfPage":{"@id":"https:\/\/www.norgeswood.ee\/da\/carporte\/#primaryimage"},"image":{"@id":"https:\/\/www.norgeswood.ee\/da\/carporte\/#primaryimage"},"thumbnailUrl":"https:\/\/www.norgeswood.ee\/wp-content\/uploads\/2021\/10\/tehtud_tood_10.jpg","datePublished":"2021-10-13T09:18:15+00:00","dateModified":"2022-02-06T21:45:53+00:00","description":"Autovarjualused - Valmistame autovarjualuseid \u00fcksnes v\u00e4ga kvaliteetse kalibreeritud ja tugevussorteeritud C24 puidust.","breadcrumb":{"@id":"https:\/\/www.norgeswood.ee\/da\/carporte\/#breadcrumb"},"inLanguage":"da-DK","potentialAction":[{"@type":"ReadAction","target":["https:\/\/www.norgeswood.ee\/da\/carporte\/"]}]},{"@type":"ImageObject","inLanguage":"da-DK","@id":"https:\/\/www.norgeswood.ee\/da\/carporte\/#primaryimage","url":"https:\/\/www.norgeswood.ee\/wp-content\/uploads\/2021\/10\/tehtud_tood_10.jpg","contentUrl":"https:\/\/www.norgeswood.ee\/wp-content\/uploads\/2021\/10\/tehtud_tood_10.jpg","width":440,"height":283},{"@type":"BreadcrumbList","@id":"https:\/\/www.norgeswood.ee\/da\/carporte\/#breadcrumb","itemListElement":[{"@type":"ListItem","position":1,"name":"Home","item":"https:\/\/www.norgeswood.ee\/da\/homepage\/"},{"@type":"ListItem","position":2,"name":"Carporte"}]},{"@type":"WebSite","@id":"https:\/\/www.norgeswood.ee\/#website","url":"https:\/\/www.norgeswood.ee\/","name":"Wooden Houses - NorgesWood","description":"Wooden Houses","publisher":{"@id":"https:\/\/www.norgeswood.ee\/#organization"},"potentialAction":[{"@type":"SearchAction","target":{"@type":"EntryPoint","urlTemplate":"https:\/\/www.norgeswood.ee\/?s={search_term_string}"},"query-input":{"@type":"PropertyValueSpecification","valueRequired":true,"valueName":"search_term_string"}}],"inLanguage":"da-DK"},{"@type":"Organization","@id":"https:\/\/www.norgeswood.ee\/#organization","name":"Wooden Houses - NorgesWood","url":"https:\/\/www.norgeswood.ee\/","logo":{"@type":"ImageObject","inLanguage":"da-DK","@id":"https:\/\/www.norgeswood.ee\/#\/schema\/logo\/image\/","url":"https:\/\/www.norgeswood.ee\/wp-content\/uploads\/2021\/10\/logo_norgeshus.png","contentUrl":"https:\/\/www.norgeswood.ee\/wp-content\/uploads\/2021\/10\/logo_norgeshus.png","width":248,"height":57,"caption":"Wooden Houses - NorgesWood"},"image":{"@id":"https:\/\/www.norgeswood.ee\/#\/schema\/logo\/image\/"}}]}},"_links":{"self":[{"href":"https:\/\/www.norgeswood.ee\/da\/wp-json\/wp\/v2\/pages\/4800","targetHints":{"allow":["GET"]}}],"collection":[{"href":"https:\/\/www.norgeswood.ee\/da\/wp-json\/wp\/v2\/pages"}],"about":[{"href":"https:\/\/www.norgeswood.ee\/da\/wp-json\/wp\/v2\/types\/page"}],"author":[{"embeddable":true,"href":"https:\/\/www.norgeswood.ee\/da\/wp-json\/wp\/v2\/users\/1"}],"replies":[{"embeddable":true,"href":"https:\/\/www.norgeswood.ee\/da\/wp-json\/wp\/v2\/comments?post=4800"}],"version-history":[{"count":0,"href":"https:\/\/www.norgeswood.ee\/da\/wp-json\/wp\/v2\/pages\/4800\/revisions"}],"wp:featuredmedia":[{"embeddable":true,"href":"https:\/\/www.norgeswood.ee\/da\/wp-json\/wp\/v2\/media\/4780"}],"wp:attachment":[{"href":"https:\/\/www.norgeswood.ee\/da\/wp-json\/wp\/v2\/media?parent=4800"}],"curies":[{"name":"wp","href":"https:\/\/api.w.org\/{rel}","templated":true}]}}