{"id":4804,"date":"2021-10-17T21:40:06","date_gmt":"2021-10-17T19:40:06","guid":{"rendered":"https:\/\/www.norgeswood.ee\/steico-wall-protect\/"},"modified":"2022-02-06T22:47:42","modified_gmt":"2022-02-06T20:47:42","slug":"steico-wall-protect","status":"publish","type":"page","link":"https:\/\/www.norgeswood.ee\/da\/steico-wall-protect\/","title":{"rendered":"Steico Wall Protect"},"content":{"rendered":"<div id='layer_slider_1'  class='avia-layerslider main_color avia-shadow  avia-builder-el-0  el_before_av_one_full  avia-builder-el-first  container_wrap sidebar_right'  style='height: 149px;'  ><\/div><div id='after_layer_slider_1'  class='main_color av_default_container_wrap container_wrap sidebar_right'  ><div class='container av-section-cont-open' ><div class='template-page content  av-content-small alpha units'><div class='post-entry post-entry-type-page post-entry-4804'><div class='entry-content-wrapper clearfix'>\n<div class='flex_column av-2hjoek-318e3733e0bda2228482a508b91d4d20 av_one_full  avia-builder-el-1  el_after_av_layerslider  avia-builder-el-no-sibling  first flex_column_div '   ><p><section class=\"av_textblock_section \"  itemscope=\"itemscope\" itemtype=\"https:\/\/schema.org\/CreativeWork\" ><div class='avia_textblock  '   itemprop=\"text\" ><p>Lagervare \/ Steico Wall Protect \u2013 40 mm<\/p>\n<p>Steico Wall Protect \u2013 40 mm \u2013 Tr\u00e6fiberplade, isoleringsplade \u2013 M\u00e6ngde p\u00e5 lager: 168 paller<\/p>\n<\/div><\/section><br \/>\n\n<style type=\"text\/css\" data-created_by=\"avia_inline_auto\" id=\"style-css-av-kuvno4w3-137a1d790598f5895326c331d38fa7b1\">\n.avia-image-container.av-kuvno4w3-137a1d790598f5895326c331d38fa7b1 .av-image-caption-overlay-center{\ncolor:#ffffff;\n}\n<\/style>\n<div  class='avia-image-container av-kuvno4w3-137a1d790598f5895326c331d38fa7b1 av-styling- avia-align-left  avia-builder-el-3  el_after_av_textblock  el_before_av_hr  '  itemprop=\"image\" itemscope=\"itemscope\" itemtype=\"https:\/\/schema.org\/ImageObject\" ><div class=\"avia-image-container-inner\"><div class=\"avia-image-overlay-wrap\"><img decoding=\"async\" class='wp-image-4786 avia-img-lazy-loading-not-4786 avia_image' src=\"https:\/\/www.norgeswood.ee\/wp-content\/uploads\/2021\/10\/steico_wall_protect_1-300x163.jpg\" alt='' title='norgeswood_liimpuittalad_steico wall protect'  height=\"163\" width=\"300\"  itemprop=\"thumbnailUrl\" srcset=\"https:\/\/www.norgeswood.ee\/wp-content\/uploads\/2021\/10\/steico_wall_protect_1-300x163.jpg 300w, https:\/\/www.norgeswood.ee\/wp-content\/uploads\/2021\/10\/steico_wall_protect_1.jpg 415w\" sizes=\"(max-width: 300px) 100vw, 300px\" \/><\/div><\/div><\/div><br \/>\n\n<style type=\"text\/css\" data-created_by=\"avia_inline_auto\" id=\"style-css-av-kuvp942l-a4d9b02f7625629f31a0dedd67a3f96a\">\n#top .hr.hr-invisible.av-kuvp942l-a4d9b02f7625629f31a0dedd67a3f96a{\nheight:5px;\n}\n<\/style>\n<div  class='hr av-kuvp942l-a4d9b02f7625629f31a0dedd67a3f96a hr-invisible  avia-builder-el-4  el_after_av_image  el_before_av_textblock  '><span class='hr-inner '><span class=\"hr-inner-style\"><\/span><\/span><\/div><br \/>\n<section class=\"av_textblock_section \"  itemscope=\"itemscope\" itemtype=\"https:\/\/schema.org\/CreativeWork\" ><div class='avia_textblock  '   itemprop=\"text\" ><p>V\u00e6gtfylde 265 kg\/m3 (type H) og omkring 230 kg\/m3 (type M).<br \/>\nStabil plade som underlag for puds. Fastg\u00f8res direkte til rammev\u00e6rket. Kan pudses.<\/p>\n<\/div><\/section><br \/>\n<section class=\"av_textblock_section \"  itemscope=\"itemscope\" itemtype=\"https:\/\/schema.org\/CreativeWork\" ><div class='avia_textblock  '   itemprop=\"text\" ><p>Pladens m\u00e5l 1325 x 600 mm \/ pladens tykkelse <strong style=\"color: #444444;\">40 mm<\/strong><\/p>\n<p><strong style=\"color: #444444;\">\u00c9n palle rummer 44,52 m\u00b2<\/strong> \/ <strong style=\"color: #444444;\">\u00c9n palle rummer 56 stk<\/strong><\/p>\n<p>Pallens v\u00e6gt: 478 kg \u2013 Pallens m\u00e5l 1325 x 1200 mm<\/p>\n<p><strong style=\"color: #444444;\">Pallens pris: 1000,-\u20ac + moms<\/strong> \/ <strong style=\"color: #444444;\">M\u00e6ngde p\u00e5 lager: 168 paller<\/strong><\/p>\n<\/div><\/section><br \/>\n<section class=\"av_textblock_section \"  itemscope=\"itemscope\" itemtype=\"https:\/\/schema.org\/CreativeWork\" ><div class='avia_textblock  '   itemprop=\"text\" ><p>Varmeisolerende tr\u00e6fiber-vindsp\u00e6rreplade til v\u00e6gge og tage. Overholder normerne EN 13171 og EN 13986.<\/p>\n<p>Under varem\u00e6rket Steico fremstilles pladematerialer af tr\u00e6fiber, isoleringsm\u00e5tter af tr\u00e6 og hamp,<br \/>\nb\u00e6rende konstruktioner til tage, lofter og v\u00e6gge. Den tyske virksomhed Steico AG er en af de<br \/>\nf\u00f8rste, der begyndte at fremstille isoleringsmaterialer af tr\u00e6.<\/p>\n<p>Produkterne overholder kravene i EN 13171, EN 13986 og EN 622-4.<\/p>\n<\/div><\/section><br \/>\n\n<style type=\"text\/css\" data-created_by=\"avia_inline_auto\" id=\"style-css-av-kuvo5op0-91c84d7abcb4ff6878b731f6cd752e76\">\n.avia-image-container.av-kuvo5op0-91c84d7abcb4ff6878b731f6cd752e76 .av-image-caption-overlay-center{\ncolor:#ffffff;\n}\n<\/style>\n<div  class='avia-image-container av-kuvo5op0-91c84d7abcb4ff6878b731f6cd752e76 av-styling- avia-align-left  avia-builder-el-8  el_after_av_textblock  el_before_av_hr  '  itemprop=\"image\" itemscope=\"itemscope\" itemtype=\"https:\/\/schema.org\/ImageObject\" ><div class=\"avia-image-container-inner\"><div class=\"avia-image-overlay-wrap\"><img decoding=\"async\" class='wp-image-4787 avia-img-lazy-loading-not-4787 avia_image' src=\"https:\/\/www.norgeswood.ee\/wp-content\/uploads\/2021\/10\/steico_wall_protect_2.jpg\" alt='' title='steico_wall_protect_2'  height=\"385\" width=\"460\"  itemprop=\"thumbnailUrl\" srcset=\"https:\/\/www.norgeswood.ee\/wp-content\/uploads\/2021\/10\/steico_wall_protect_2.jpg 460w, https:\/\/www.norgeswood.ee\/wp-content\/uploads\/2021\/10\/steico_wall_protect_2-300x251.jpg 300w\" sizes=\"(max-width: 460px) 100vw, 460px\" \/><\/div><\/div><\/div><br \/>\n\n<style type=\"text\/css\" data-created_by=\"avia_inline_auto\" id=\"style-css-av-kuvohs28-7aa44a63f04fccb047365202674fc747\">\n#top .hr.hr-invisible.av-kuvohs28-7aa44a63f04fccb047365202674fc747{\nheight:10px;\n}\n<\/style>\n<div  class='hr av-kuvohs28-7aa44a63f04fccb047365202674fc747 hr-invisible  avia-builder-el-9  el_after_av_image  el_before_av_textblock  '><span class='hr-inner '><span class=\"hr-inner-style\"><\/span><\/span><\/div><br \/>\n<section class=\"av_textblock_section \"  itemscope=\"itemscope\" itemtype=\"https:\/\/schema.org\/CreativeWork\" ><div class='avia_textblock  '   itemprop=\"text\" ><p>Universal stiv isoleringsplade. Isoleringsplade egnet til isolering af tr\u00e6huse (yderv\u00e6gge og tage); monteres<br \/>\np\u00e5 tagets b\u00e6rende elementer eller p\u00e5 rammev\u00e6rket; tre-i-\u00e9t plade-isoleringsmateriale, giver<br \/>\nst\u00f8rre modstandsevne mod vind og vejr; kan monteres direkte uden yderligere<br \/>\nst\u00f8tte \u2013 varmeledningsevne 0,048<\/p>\n<ul>\n<li>Isoleringsplade egnet til isolering af tr\u00e6huse (yderv\u00e6gge og tage)<\/li>\n<li>Monteres p\u00e5 tagets b\u00e6rende elementer eller p\u00e5 rammev\u00e6rket<\/li>\n<li>Tre-i-\u00e9t plade-isoleringsmateriale, giver st\u00f8rre modstandsevne mod vind og vejr<\/li>\n<li>Kan monteres direkte uden yderligere st\u00f8tte<\/li>\n<li>Varmeledningsevne 0,048 [W\/(m*K)]<\/li>\n<li>Varmefylde ca. 2100 [J\/(kg*K)]<\/li>\n<li>Massefylde 270 kg\/m3<\/li>\n<li>Tykkelser, der kan leveres (mm) 22 \/ 24 \/ 35 \/ 52 \/ 60<\/li>\n<li>Mindsker kuldebroer i konstruktionerne<\/li>\n<li>Forbedrer konstruktionens lydt\u00e6thed<\/li>\n<li>God vandfasthed p\u00e5 tage uden ekstra tape og afd\u00e6kning, n\u00e5r taget h\u00e6lder mere end 18 grader<\/li>\n<li>\u00d8ko- og milj\u00f8certificeret<\/li>\n<li>Genbrugeligt<\/li>\n<\/ul>\n<\/div><\/section><br \/>\n<section class=\"av_textblock_section \"  itemscope=\"itemscope\" itemtype=\"https:\/\/schema.org\/CreativeWork\" ><div class='avia_textblock  '   itemprop=\"text\" ><p><strong>Bestilling:<\/strong><br \/>\nEmail: <a style=\"color: #666666;\" href=\"mailto:info@norgeshus.ee\">info@norgeshus.ee<\/a><br \/>\nTel: <a style=\"color: #666666;\" href=\"tel:+37256821601\">+372 56821601<\/a><\/p>\n<\/div><\/section><\/p><\/div>\n","protected":false},"excerpt":{"rendered":"","protected":false},"author":1,"featured_media":4786,"parent":0,"menu_order":0,"comment_status":"closed","ping_status":"closed","template":"","meta":{"footnotes":""},"class_list":["post-4804","page","type-page","status-publish","has-post-thumbnail","hentry"],"yoast_head":"<!-- This site is optimized with the Yoast SEO plugin v27.0 - https:\/\/yoast.com\/product\/yoast-seo-wordpress\/ -->\n<title>Steico Wall Protect - Wooden Houses - NorgesWood<\/title>\n<meta name=\"description\" content=\"Laokaup \/ Steico Wall Protect - 40mmSteico Wall Protect \u2013 40mm - Puitkiudplaat, soojustusplaat \u2013 Laoseis: 168 alust\" \/>\n<meta name=\"robots\" content=\"index, follow, max-snippet:-1, max-image-preview:large, max-video-preview:-1\" \/>\n<link rel=\"canonical\" href=\"https:\/\/www.norgeswood.ee\/da\/steico-wall-protect\/\" \/>\n<meta property=\"og:locale\" content=\"da_DK\" \/>\n<meta property=\"og:type\" content=\"article\" \/>\n<meta property=\"og:title\" content=\"Steico Wall Protect - Wooden Houses - NorgesWood\" \/>\n<meta property=\"og:description\" content=\"Laokaup \/ Steico Wall Protect - 40mmSteico Wall Protect \u2013 40mm - Puitkiudplaat, soojustusplaat \u2013 Laoseis: 168 alust\" \/>\n<meta property=\"og:url\" content=\"https:\/\/www.norgeswood.ee\/da\/steico-wall-protect\/\" \/>\n<meta property=\"og:site_name\" content=\"Wooden Houses - NorgesWood\" \/>\n<meta property=\"article:modified_time\" content=\"2022-02-06T20:47:42+00:00\" \/>\n<meta property=\"og:image\" content=\"https:\/\/www.norgeswood.ee\/wp-content\/uploads\/2021\/10\/steico_wall_protect_1.jpg\" \/>\n\t<meta property=\"og:image:width\" content=\"415\" \/>\n\t<meta property=\"og:image:height\" content=\"226\" \/>\n\t<meta property=\"og:image:type\" content=\"image\/jpeg\" \/>\n<meta name=\"twitter:card\" content=\"summary_large_image\" \/>\n<meta name=\"twitter:label1\" content=\"Estimeret l\u00e6setid\" \/>\n\t<meta name=\"twitter:data1\" content=\"5 minutter\" \/>\n<script type=\"application\/ld+json\" class=\"yoast-schema-graph\">{\"@context\":\"https:\/\/schema.org\",\"@graph\":[{\"@type\":\"WebPage\",\"@id\":\"https:\/\/www.norgeswood.ee\/da\/steico-wall-protect\/\",\"url\":\"https:\/\/www.norgeswood.ee\/da\/steico-wall-protect\/\",\"name\":\"Steico Wall Protect - Wooden Houses - NorgesWood\",\"isPartOf\":{\"@id\":\"https:\/\/www.norgeswood.ee\/#website\"},\"primaryImageOfPage\":{\"@id\":\"https:\/\/www.norgeswood.ee\/da\/steico-wall-protect\/#primaryimage\"},\"image\":{\"@id\":\"https:\/\/www.norgeswood.ee\/da\/steico-wall-protect\/#primaryimage\"},\"thumbnailUrl\":\"https:\/\/www.norgeswood.ee\/wp-content\/uploads\/2021\/10\/steico_wall_protect_1.jpg\",\"datePublished\":\"2021-10-17T19:40:06+00:00\",\"dateModified\":\"2022-02-06T20:47:42+00:00\",\"description\":\"Laokaup \/ Steico Wall Protect - 40mmSteico Wall Protect \u2013 40mm - Puitkiudplaat, soojustusplaat \u2013 Laoseis: 168 alust\",\"breadcrumb\":{\"@id\":\"https:\/\/www.norgeswood.ee\/da\/steico-wall-protect\/#breadcrumb\"},\"inLanguage\":\"da-DK\",\"potentialAction\":[{\"@type\":\"ReadAction\",\"target\":[\"https:\/\/www.norgeswood.ee\/da\/steico-wall-protect\/\"]}]},{\"@type\":\"ImageObject\",\"inLanguage\":\"da-DK\",\"@id\":\"https:\/\/www.norgeswood.ee\/da\/steico-wall-protect\/#primaryimage\",\"url\":\"https:\/\/www.norgeswood.ee\/wp-content\/uploads\/2021\/10\/steico_wall_protect_1.jpg\",\"contentUrl\":\"https:\/\/www.norgeswood.ee\/wp-content\/uploads\/2021\/10\/steico_wall_protect_1.jpg\",\"width\":415,\"height\":226},{\"@type\":\"BreadcrumbList\",\"@id\":\"https:\/\/www.norgeswood.ee\/da\/steico-wall-protect\/#breadcrumb\",\"itemListElement\":[{\"@type\":\"ListItem\",\"position\":1,\"name\":\"Home\",\"item\":\"https:\/\/www.norgeswood.ee\/da\/homepage\/\"},{\"@type\":\"ListItem\",\"position\":2,\"name\":\"Steico Wall Protect\"}]},{\"@type\":\"WebSite\",\"@id\":\"https:\/\/www.norgeswood.ee\/#website\",\"url\":\"https:\/\/www.norgeswood.ee\/\",\"name\":\"Wooden Houses - NorgesWood\",\"description\":\"Wooden Houses\",\"publisher\":{\"@id\":\"https:\/\/www.norgeswood.ee\/#organization\"},\"potentialAction\":[{\"@type\":\"SearchAction\",\"target\":{\"@type\":\"EntryPoint\",\"urlTemplate\":\"https:\/\/www.norgeswood.ee\/?s={search_term_string}\"},\"query-input\":{\"@type\":\"PropertyValueSpecification\",\"valueRequired\":true,\"valueName\":\"search_term_string\"}}],\"inLanguage\":\"da-DK\"},{\"@type\":\"Organization\",\"@id\":\"https:\/\/www.norgeswood.ee\/#organization\",\"name\":\"Wooden Houses - NorgesWood\",\"url\":\"https:\/\/www.norgeswood.ee\/\",\"logo\":{\"@type\":\"ImageObject\",\"inLanguage\":\"da-DK\",\"@id\":\"https:\/\/www.norgeswood.ee\/#\/schema\/logo\/image\/\",\"url\":\"https:\/\/www.norgeswood.ee\/wp-content\/uploads\/2021\/10\/logo_norgeshus.png\",\"contentUrl\":\"https:\/\/www.norgeswood.ee\/wp-content\/uploads\/2021\/10\/logo_norgeshus.png\",\"width\":248,\"height\":57,\"caption\":\"Wooden Houses - NorgesWood\"},\"image\":{\"@id\":\"https:\/\/www.norgeswood.ee\/#\/schema\/logo\/image\/\"}}]}<\/script>\n<!-- \/ Yoast SEO plugin. -->","yoast_head_json":{"title":"Steico Wall Protect - Wooden Houses - NorgesWood","description":"Laokaup \/ Steico Wall Protect - 40mmSteico Wall Protect \u2013 40mm - Puitkiudplaat, soojustusplaat \u2013 Laoseis: 168 alust","robots":{"index":"index","follow":"follow","max-snippet":"max-snippet:-1","max-image-preview":"max-image-preview:large","max-video-preview":"max-video-preview:-1"},"canonical":"https:\/\/www.norgeswood.ee\/da\/steico-wall-protect\/","og_locale":"da_DK","og_type":"article","og_title":"Steico Wall Protect - Wooden Houses - NorgesWood","og_description":"Laokaup \/ Steico Wall Protect - 40mmSteico Wall Protect \u2013 40mm - Puitkiudplaat, soojustusplaat \u2013 Laoseis: 168 alust","og_url":"https:\/\/www.norgeswood.ee\/da\/steico-wall-protect\/","og_site_name":"Wooden Houses - NorgesWood","article_modified_time":"2022-02-06T20:47:42+00:00","og_image":[{"width":415,"height":226,"url":"https:\/\/www.norgeswood.ee\/wp-content\/uploads\/2021\/10\/steico_wall_protect_1.jpg","type":"image\/jpeg"}],"twitter_card":"summary_large_image","twitter_misc":{"Estimeret l\u00e6setid":"5 minutter"},"schema":{"@context":"https:\/\/schema.org","@graph":[{"@type":"WebPage","@id":"https:\/\/www.norgeswood.ee\/da\/steico-wall-protect\/","url":"https:\/\/www.norgeswood.ee\/da\/steico-wall-protect\/","name":"Steico Wall Protect - Wooden Houses - NorgesWood","isPartOf":{"@id":"https:\/\/www.norgeswood.ee\/#website"},"primaryImageOfPage":{"@id":"https:\/\/www.norgeswood.ee\/da\/steico-wall-protect\/#primaryimage"},"image":{"@id":"https:\/\/www.norgeswood.ee\/da\/steico-wall-protect\/#primaryimage"},"thumbnailUrl":"https:\/\/www.norgeswood.ee\/wp-content\/uploads\/2021\/10\/steico_wall_protect_1.jpg","datePublished":"2021-10-17T19:40:06+00:00","dateModified":"2022-02-06T20:47:42+00:00","description":"Laokaup \/ Steico Wall Protect - 40mmSteico Wall Protect \u2013 40mm - Puitkiudplaat, soojustusplaat \u2013 Laoseis: 168 alust","breadcrumb":{"@id":"https:\/\/www.norgeswood.ee\/da\/steico-wall-protect\/#breadcrumb"},"inLanguage":"da-DK","potentialAction":[{"@type":"ReadAction","target":["https:\/\/www.norgeswood.ee\/da\/steico-wall-protect\/"]}]},{"@type":"ImageObject","inLanguage":"da-DK","@id":"https:\/\/www.norgeswood.ee\/da\/steico-wall-protect\/#primaryimage","url":"https:\/\/www.norgeswood.ee\/wp-content\/uploads\/2021\/10\/steico_wall_protect_1.jpg","contentUrl":"https:\/\/www.norgeswood.ee\/wp-content\/uploads\/2021\/10\/steico_wall_protect_1.jpg","width":415,"height":226},{"@type":"BreadcrumbList","@id":"https:\/\/www.norgeswood.ee\/da\/steico-wall-protect\/#breadcrumb","itemListElement":[{"@type":"ListItem","position":1,"name":"Home","item":"https:\/\/www.norgeswood.ee\/da\/homepage\/"},{"@type":"ListItem","position":2,"name":"Steico Wall Protect"}]},{"@type":"WebSite","@id":"https:\/\/www.norgeswood.ee\/#website","url":"https:\/\/www.norgeswood.ee\/","name":"Wooden Houses - NorgesWood","description":"Wooden Houses","publisher":{"@id":"https:\/\/www.norgeswood.ee\/#organization"},"potentialAction":[{"@type":"SearchAction","target":{"@type":"EntryPoint","urlTemplate":"https:\/\/www.norgeswood.ee\/?s={search_term_string}"},"query-input":{"@type":"PropertyValueSpecification","valueRequired":true,"valueName":"search_term_string"}}],"inLanguage":"da-DK"},{"@type":"Organization","@id":"https:\/\/www.norgeswood.ee\/#organization","name":"Wooden Houses - NorgesWood","url":"https:\/\/www.norgeswood.ee\/","logo":{"@type":"ImageObject","inLanguage":"da-DK","@id":"https:\/\/www.norgeswood.ee\/#\/schema\/logo\/image\/","url":"https:\/\/www.norgeswood.ee\/wp-content\/uploads\/2021\/10\/logo_norgeshus.png","contentUrl":"https:\/\/www.norgeswood.ee\/wp-content\/uploads\/2021\/10\/logo_norgeshus.png","width":248,"height":57,"caption":"Wooden Houses - NorgesWood"},"image":{"@id":"https:\/\/www.norgeswood.ee\/#\/schema\/logo\/image\/"}}]}},"_links":{"self":[{"href":"https:\/\/www.norgeswood.ee\/da\/wp-json\/wp\/v2\/pages\/4804","targetHints":{"allow":["GET"]}}],"collection":[{"href":"https:\/\/www.norgeswood.ee\/da\/wp-json\/wp\/v2\/pages"}],"about":[{"href":"https:\/\/www.norgeswood.ee\/da\/wp-json\/wp\/v2\/types\/page"}],"author":[{"embeddable":true,"href":"https:\/\/www.norgeswood.ee\/da\/wp-json\/wp\/v2\/users\/1"}],"replies":[{"embeddable":true,"href":"https:\/\/www.norgeswood.ee\/da\/wp-json\/wp\/v2\/comments?post=4804"}],"version-history":[{"count":0,"href":"https:\/\/www.norgeswood.ee\/da\/wp-json\/wp\/v2\/pages\/4804\/revisions"}],"wp:featuredmedia":[{"embeddable":true,"href":"https:\/\/www.norgeswood.ee\/da\/wp-json\/wp\/v2\/media\/4786"}],"wp:attachment":[{"href":"https:\/\/www.norgeswood.ee\/da\/wp-json\/wp\/v2\/media?parent=4804"}],"curies":[{"name":"wp","href":"https:\/\/api.w.org\/{rel}","templated":true}]}}