{"id":4911,"date":"2021-10-07T12:19:04","date_gmt":"2021-10-07T12:19:04","guid":{"rendered":"https:\/\/www.norgeswood.ee\/liimpuittalad\/"},"modified":"2022-08-12T09:35:27","modified_gmt":"2022-08-12T07:35:27","slug":"brettschichtholztraeger","status":"publish","type":"page","link":"https:\/\/www.norgeswood.ee\/de\/brettschichtholztraeger\/","title":{"rendered":"Brettschichtholztr\u00e4ger"},"content":{"rendered":"<div id='layer_slider_1'  class='avia-layerslider main_color avia-shadow  avia-builder-el-0  el_before_av_one_full  avia-builder-el-first  container_wrap sidebar_right'  style='height: 149px;'  ><\/div><div id='after_layer_slider_1'  class='main_color av_default_container_wrap container_wrap sidebar_right'  ><div class='container av-section-cont-open' ><div class='template-page content  av-content-small alpha units'><div class='post-entry post-entry-type-page post-entry-4911'><div class='entry-content-wrapper clearfix'>\n<div class='flex_column av-316jhx-266b83ef0bc38e843af9d98cb3950a37 av_one_full  avia-builder-el-1  el_after_av_layerslider  avia-builder-el-no-sibling  first flex_column_div '   ><p><section class=\"av_textblock_section \"  itemscope=\"itemscope\" itemtype=\"https:\/\/schema.org\/CreativeWork\" ><div class='avia_textblock  '   itemprop=\"text\" ><p>Brettschichtholztr\u00e4ger \/ Brettschichtholz &#8211; Konstruktionsholz ist technisch getrocknetes Naturholz mit einem Feuchtigkeitsgehalt von bis zu 15 \/ +\/- 3 \/ %. Das Produkt wird durch L\u00e4ngsverl\u00e4ngerung von Details hergestellt, um Konstruktionselemente zu erhalten, die l\u00e4nger als gew\u00f6hnliches Holz sind. Das Konstruktionsholz wird entsprechend der vom Kunden gew\u00fcnschten H\u00f6he schichtweise verleimt, wodurch Brettschichtholz mit h\u00f6herer Tragf\u00e4higkeit entsteht. Zum Kleben wird Polyurethankleber verwendet, der eine helle Leimverbindung hinterl\u00e4sst. Konstruktionsholz muss im Au\u00dfenbereich je nach Anwendung durch<br \/>\nImpr\u00e4gnierung, Tiefenimpr\u00e4gnierung oder Lackierung vor Witterungseinfl\u00fcssen gesch\u00fctzt werden.<\/p>\n<p style=\"margin-top: 10px;\">Wir stellen unser Brettschichtholz aus hochwertigem Fichtenholz her. Die Herstellung von Brettschichtholz entspricht den Anforderungen<br \/>\ngem\u00e4\u00df EN 14080:2013 \/ DIN 1052, die Keilzinkenverbindungen den Anforderungen gem\u00e4\u00df EN 14080:2013 \/ DIN 68140-1.<\/p>\n<\/div><\/section><br \/>\n<br \/>\n<section class=\"av_textblock_section \"  itemscope=\"itemscope\" itemtype=\"https:\/\/schema.org\/CreativeWork\" ><div class='avia_textblock  '   itemprop=\"text\" ><p style=\"margin-top: 10px;\">Wir f\u00fchren ein Standardsortiment f\u00fcr schnelle Lieferungen.<\/p>\n<\/div><\/section><br \/>\n<br \/>\n<section class=\"av_textblock_section \"  itemscope=\"itemscope\" itemtype=\"https:\/\/schema.org\/CreativeWork\" ><div class='avia_textblock  '   itemprop=\"text\" ><div id=\"laminated-detail-1\" style=\"display: inline-block; background-color: #5daa47; color: white; padding: 5px 15px 5px 15px;\">Sortiment im Lager mit 13 m L\u00e4nge<\/div>\n<\/div><\/section><br \/>\n<section class=\"av_textblock_section \"  itemscope=\"itemscope\" itemtype=\"https:\/\/schema.org\/CreativeWork\" ><div class='avia_textblock  '   itemprop=\"text\" ><p>Die Querschnitte dieser Brettschichtholztr\u00e4ger sind unsere Standardoptionen<br \/>\nFertigungszeit von Schnitten anderer Brettschichtholztr\u00e4ger ca. 5 bis 14 Werktage je nach St\u00fcckzahl<\/p>\n<\/div><\/section><\/p><\/div>\n","protected":false},"excerpt":{"rendered":"","protected":false},"author":1,"featured_media":4883,"parent":0,"menu_order":0,"comment_status":"closed","ping_status":"closed","template":"","meta":{"footnotes":""},"class_list":["post-4911","page","type-page","status-publish","has-post-thumbnail","hentry"],"yoast_head":"<!-- This site is optimized with the Yoast SEO plugin v27.0 - https:\/\/yoast.com\/product\/yoast-seo-wordpress\/ -->\n<title>Liimpuittalad - NorgesWoood - Liimpuit - Laoseis - HInnad<\/title>\n<meta name=\"description\" content=\"Liimpuitu valmistame k\u00f5rgekvaliteedilisest kuusepuidust. Liimpuidu tootmine vastab EN 14080:2013 n\u00f5uetele - Liimpuittalade tootja Eestis\" \/>\n<meta name=\"robots\" content=\"index, follow, max-snippet:-1, max-image-preview:large, max-video-preview:-1\" \/>\n<link rel=\"canonical\" href=\"https:\/\/www.norgeswood.ee\/de\/brettschichtholztraeger\/\" \/>\n<meta property=\"og:locale\" content=\"de_DE\" \/>\n<meta property=\"og:type\" content=\"article\" \/>\n<meta property=\"og:title\" content=\"K\u00e4esolevate liimpuittalade ristl\u00f5iked on meie standard valikud\" \/>\n<meta property=\"og:description\" content=\"NorgesWood\" \/>\n<meta property=\"og:url\" content=\"https:\/\/www.norgeswood.ee\/de\/brettschichtholztraeger\/\" \/>\n<meta property=\"og:site_name\" content=\"Wooden Houses - NorgesWood\" \/>\n<meta property=\"article:modified_time\" content=\"2022-08-12T07:35:27+00:00\" \/>\n<meta property=\"og:image\" content=\"https:\/\/www.norgeswood.ee\/wp-content\/uploads\/2021\/10\/liimpuit_4.jpg\" \/>\n\t<meta property=\"og:image:width\" content=\"350\" \/>\n\t<meta property=\"og:image:height\" content=\"189\" \/>\n\t<meta property=\"og:image:type\" content=\"image\/jpeg\" \/>\n<meta name=\"twitter:card\" content=\"summary_large_image\" \/>\n<meta name=\"twitter:label1\" content=\"Gesch\u00e4tzte Lesezeit\" \/>\n\t<meta name=\"twitter:data1\" content=\"3\u00a0Minuten\" \/>\n<script type=\"application\/ld+json\" class=\"yoast-schema-graph\">{\"@context\":\"https:\/\/schema.org\",\"@graph\":[{\"@type\":\"WebPage\",\"@id\":\"https:\/\/www.norgeswood.ee\/de\/brettschichtholztraeger\/\",\"url\":\"https:\/\/www.norgeswood.ee\/de\/brettschichtholztraeger\/\",\"name\":\"Liimpuittalad - NorgesWoood - Liimpuit - Laoseis - HInnad\",\"isPartOf\":{\"@id\":\"https:\/\/www.norgeswood.ee\/#website\"},\"primaryImageOfPage\":{\"@id\":\"https:\/\/www.norgeswood.ee\/de\/brettschichtholztraeger\/#primaryimage\"},\"image\":{\"@id\":\"https:\/\/www.norgeswood.ee\/de\/brettschichtholztraeger\/#primaryimage\"},\"thumbnailUrl\":\"https:\/\/www.norgeswood.ee\/wp-content\/uploads\/2021\/10\/liimpuit_4.jpg\",\"datePublished\":\"2021-10-07T12:19:04+00:00\",\"dateModified\":\"2022-08-12T07:35:27+00:00\",\"description\":\"Liimpuitu valmistame k\u00f5rgekvaliteedilisest kuusepuidust. Liimpuidu tootmine vastab EN 14080:2013 n\u00f5uetele - Liimpuittalade tootja Eestis\",\"breadcrumb\":{\"@id\":\"https:\/\/www.norgeswood.ee\/de\/brettschichtholztraeger\/#breadcrumb\"},\"inLanguage\":\"de\",\"potentialAction\":[{\"@type\":\"ReadAction\",\"target\":[\"https:\/\/www.norgeswood.ee\/de\/brettschichtholztraeger\/\"]}]},{\"@type\":\"ImageObject\",\"inLanguage\":\"de\",\"@id\":\"https:\/\/www.norgeswood.ee\/de\/brettschichtholztraeger\/#primaryimage\",\"url\":\"https:\/\/www.norgeswood.ee\/wp-content\/uploads\/2021\/10\/liimpuit_4.jpg\",\"contentUrl\":\"https:\/\/www.norgeswood.ee\/wp-content\/uploads\/2021\/10\/liimpuit_4.jpg\",\"width\":350,\"height\":189},{\"@type\":\"BreadcrumbList\",\"@id\":\"https:\/\/www.norgeswood.ee\/de\/brettschichtholztraeger\/#breadcrumb\",\"itemListElement\":[{\"@type\":\"ListItem\",\"position\":1,\"name\":\"Home\",\"item\":\"https:\/\/www.norgeswood.ee\/de\/homepage\/\"},{\"@type\":\"ListItem\",\"position\":2,\"name\":\"Brettschichtholztr\u00e4ger\"}]},{\"@type\":\"WebSite\",\"@id\":\"https:\/\/www.norgeswood.ee\/#website\",\"url\":\"https:\/\/www.norgeswood.ee\/\",\"name\":\"Wooden Houses - NorgesWood\",\"description\":\"Wooden Houses\",\"publisher\":{\"@id\":\"https:\/\/www.norgeswood.ee\/#organization\"},\"potentialAction\":[{\"@type\":\"SearchAction\",\"target\":{\"@type\":\"EntryPoint\",\"urlTemplate\":\"https:\/\/www.norgeswood.ee\/?s={search_term_string}\"},\"query-input\":{\"@type\":\"PropertyValueSpecification\",\"valueRequired\":true,\"valueName\":\"search_term_string\"}}],\"inLanguage\":\"de\"},{\"@type\":\"Organization\",\"@id\":\"https:\/\/www.norgeswood.ee\/#organization\",\"name\":\"Wooden Houses - NorgesWood\",\"url\":\"https:\/\/www.norgeswood.ee\/\",\"logo\":{\"@type\":\"ImageObject\",\"inLanguage\":\"de\",\"@id\":\"https:\/\/www.norgeswood.ee\/#\/schema\/logo\/image\/\",\"url\":\"https:\/\/www.norgeswood.ee\/wp-content\/uploads\/2021\/10\/logo_norgeshus.png\",\"contentUrl\":\"https:\/\/www.norgeswood.ee\/wp-content\/uploads\/2021\/10\/logo_norgeshus.png\",\"width\":248,\"height\":57,\"caption\":\"Wooden Houses - NorgesWood\"},\"image\":{\"@id\":\"https:\/\/www.norgeswood.ee\/#\/schema\/logo\/image\/\"}}]}<\/script>\n<!-- \/ Yoast SEO plugin. -->","yoast_head_json":{"title":"Liimpuittalad - NorgesWoood - Liimpuit - Laoseis - HInnad","description":"Liimpuitu valmistame k\u00f5rgekvaliteedilisest kuusepuidust. Liimpuidu tootmine vastab EN 14080:2013 n\u00f5uetele - Liimpuittalade tootja Eestis","robots":{"index":"index","follow":"follow","max-snippet":"max-snippet:-1","max-image-preview":"max-image-preview:large","max-video-preview":"max-video-preview:-1"},"canonical":"https:\/\/www.norgeswood.ee\/de\/brettschichtholztraeger\/","og_locale":"de_DE","og_type":"article","og_title":"K\u00e4esolevate liimpuittalade ristl\u00f5iked on meie standard valikud","og_description":"NorgesWood","og_url":"https:\/\/www.norgeswood.ee\/de\/brettschichtholztraeger\/","og_site_name":"Wooden Houses - NorgesWood","article_modified_time":"2022-08-12T07:35:27+00:00","og_image":[{"width":350,"height":189,"url":"https:\/\/www.norgeswood.ee\/wp-content\/uploads\/2021\/10\/liimpuit_4.jpg","type":"image\/jpeg"}],"twitter_card":"summary_large_image","twitter_misc":{"Gesch\u00e4tzte Lesezeit":"3\u00a0Minuten"},"schema":{"@context":"https:\/\/schema.org","@graph":[{"@type":"WebPage","@id":"https:\/\/www.norgeswood.ee\/de\/brettschichtholztraeger\/","url":"https:\/\/www.norgeswood.ee\/de\/brettschichtholztraeger\/","name":"Liimpuittalad - NorgesWoood - Liimpuit - Laoseis - HInnad","isPartOf":{"@id":"https:\/\/www.norgeswood.ee\/#website"},"primaryImageOfPage":{"@id":"https:\/\/www.norgeswood.ee\/de\/brettschichtholztraeger\/#primaryimage"},"image":{"@id":"https:\/\/www.norgeswood.ee\/de\/brettschichtholztraeger\/#primaryimage"},"thumbnailUrl":"https:\/\/www.norgeswood.ee\/wp-content\/uploads\/2021\/10\/liimpuit_4.jpg","datePublished":"2021-10-07T12:19:04+00:00","dateModified":"2022-08-12T07:35:27+00:00","description":"Liimpuitu valmistame k\u00f5rgekvaliteedilisest kuusepuidust. Liimpuidu tootmine vastab EN 14080:2013 n\u00f5uetele - Liimpuittalade tootja Eestis","breadcrumb":{"@id":"https:\/\/www.norgeswood.ee\/de\/brettschichtholztraeger\/#breadcrumb"},"inLanguage":"de","potentialAction":[{"@type":"ReadAction","target":["https:\/\/www.norgeswood.ee\/de\/brettschichtholztraeger\/"]}]},{"@type":"ImageObject","inLanguage":"de","@id":"https:\/\/www.norgeswood.ee\/de\/brettschichtholztraeger\/#primaryimage","url":"https:\/\/www.norgeswood.ee\/wp-content\/uploads\/2021\/10\/liimpuit_4.jpg","contentUrl":"https:\/\/www.norgeswood.ee\/wp-content\/uploads\/2021\/10\/liimpuit_4.jpg","width":350,"height":189},{"@type":"BreadcrumbList","@id":"https:\/\/www.norgeswood.ee\/de\/brettschichtholztraeger\/#breadcrumb","itemListElement":[{"@type":"ListItem","position":1,"name":"Home","item":"https:\/\/www.norgeswood.ee\/de\/homepage\/"},{"@type":"ListItem","position":2,"name":"Brettschichtholztr\u00e4ger"}]},{"@type":"WebSite","@id":"https:\/\/www.norgeswood.ee\/#website","url":"https:\/\/www.norgeswood.ee\/","name":"Wooden Houses - NorgesWood","description":"Wooden Houses","publisher":{"@id":"https:\/\/www.norgeswood.ee\/#organization"},"potentialAction":[{"@type":"SearchAction","target":{"@type":"EntryPoint","urlTemplate":"https:\/\/www.norgeswood.ee\/?s={search_term_string}"},"query-input":{"@type":"PropertyValueSpecification","valueRequired":true,"valueName":"search_term_string"}}],"inLanguage":"de"},{"@type":"Organization","@id":"https:\/\/www.norgeswood.ee\/#organization","name":"Wooden Houses - NorgesWood","url":"https:\/\/www.norgeswood.ee\/","logo":{"@type":"ImageObject","inLanguage":"de","@id":"https:\/\/www.norgeswood.ee\/#\/schema\/logo\/image\/","url":"https:\/\/www.norgeswood.ee\/wp-content\/uploads\/2021\/10\/logo_norgeshus.png","contentUrl":"https:\/\/www.norgeswood.ee\/wp-content\/uploads\/2021\/10\/logo_norgeshus.png","width":248,"height":57,"caption":"Wooden Houses - NorgesWood"},"image":{"@id":"https:\/\/www.norgeswood.ee\/#\/schema\/logo\/image\/"}}]}},"_links":{"self":[{"href":"https:\/\/www.norgeswood.ee\/de\/wp-json\/wp\/v2\/pages\/4911","targetHints":{"allow":["GET"]}}],"collection":[{"href":"https:\/\/www.norgeswood.ee\/de\/wp-json\/wp\/v2\/pages"}],"about":[{"href":"https:\/\/www.norgeswood.ee\/de\/wp-json\/wp\/v2\/types\/page"}],"author":[{"embeddable":true,"href":"https:\/\/www.norgeswood.ee\/de\/wp-json\/wp\/v2\/users\/1"}],"replies":[{"embeddable":true,"href":"https:\/\/www.norgeswood.ee\/de\/wp-json\/wp\/v2\/comments?post=4911"}],"version-history":[{"count":0,"href":"https:\/\/www.norgeswood.ee\/de\/wp-json\/wp\/v2\/pages\/4911\/revisions"}],"wp:featuredmedia":[{"embeddable":true,"href":"https:\/\/www.norgeswood.ee\/de\/wp-json\/wp\/v2\/media\/4883"}],"wp:attachment":[{"href":"https:\/\/www.norgeswood.ee\/de\/wp-json\/wp\/v2\/media?parent=4911"}],"curies":[{"name":"wp","href":"https:\/\/api.w.org\/{rel}","templated":true}]}}