{"id":4656,"date":"2021-10-07T12:19:04","date_gmt":"2021-10-07T12:19:04","guid":{"rendered":"https:\/\/www.norgeswood.ee\/liimpuittalad\/"},"modified":"2022-08-12T09:31:09","modified_gmt":"2022-08-12T07:31:09","slug":"klijuotosios-sijos","status":"publish","type":"page","link":"https:\/\/www.norgeswood.ee\/lt\/klijuotosios-sijos\/","title":{"rendered":"Klijuotosios sijos"},"content":{"rendered":"<div id='layer_slider_1'  class='avia-layerslider main_color avia-shadow  avia-builder-el-0  el_before_av_one_full  avia-builder-el-first  container_wrap sidebar_right'  style='height: 149px;'  ><\/div><div id='after_layer_slider_1'  class='main_color av_default_container_wrap container_wrap sidebar_right'  ><div class='container av-section-cont-open' ><div class='template-page content  av-content-small alpha units'><div class='post-entry post-entry-type-page post-entry-4656'><div class='entry-content-wrapper clearfix'>\n<div class='flex_column av-316jhx-266b83ef0bc38e843af9d98cb3950a37 av_one_full  avia-builder-el-1  el_after_av_layerslider  avia-builder-el-no-sibling  first flex_column_div '   ><p><section class=\"av_textblock_section \"  itemscope=\"itemscope\" itemtype=\"https:\/\/schema.org\/CreativeWork\" ><div class='avia_textblock  '   itemprop=\"text\" ><p>Klijuotosios sijos \/ Klijuota mediena &#8211; Konstrukcin\u0117 mediena \u2013 tai techni\u0161kai i\u0161d\u017eiovinta nat\u016brali mediena, kurios dr\u0117gnumas iki 15 \/ +\/- 3 %. Gaminys gaminamas detali\u0173 sujungimo b\u016bdu, kad b\u016bt\u0173 gauti ilgesni konstrukciniai elementai nei \u012fprasta mediena. Konstrukcin\u0117 mediena suklijuojama tarpusavyje sluoksniais pagal u\u017esakovo pageidaujam\u0105 auk\u0161t\u012f. Tokiu b\u016bdu i\u0161gaunama didesn\u0117s laikomosios galios klijuota mediena. Klijavimui naudojami poliuretano klijai, kurie palieka \u0161viesi\u0105<br \/>\nklij\u0173 jungt\u012f. Konstrukcin\u0117 mediena turi b\u016bti lauko s\u0105lygomis b\u016bti apsaugota priklausomai nuo naudojimo s\u0105lyg\u0173 impregnuojant, giliai<br \/>\nimpregnuojant arba lakuojant.<\/p>\n<p style=\"margin-top: 10px;\">Klijuot\u0105 medien\u0105 gaminame i\u0161 kokybi\u0161kos egl\u0117s medienos. Klijuotos medienos gamyba atitinka EN 14080:2013 \/ DIN 1052<br \/>\nreikalavimus, sujungta mediena EN 14080:2013 \/ DIN 68140-1 reikalavimus.<\/p>\n<\/div><\/section><br \/>\n<br \/>\n<section class=\"av_textblock_section \"  itemscope=\"itemscope\" itemtype=\"https:\/\/schema.org\/CreativeWork\" ><div class='avia_textblock  '   itemprop=\"text\" ><p style=\"margin-top: 10px;\">Sand\u0117liuose laikome standartin\u012f gamini\u0173 asortiment\u0105, kad u\u017etikrintume kuo greitesnius tiekimus.<\/p>\n<\/div><\/section><br \/>\n<br \/>\n<section class=\"av_textblock_section \"  itemscope=\"itemscope\" itemtype=\"https:\/\/schema.org\/CreativeWork\" ><div class='avia_textblock  '   itemprop=\"text\" ><div id=\"laminated-detail-1\" style=\"display: inline-block; background-color: #5daa47; color: white; padding: 5px 15px 5px 15px;\">Asortimentas sand\u0117lyje 13 m ilgio<\/div>\n<\/div><\/section><br \/>\n<section class=\"av_textblock_section \"  itemscope=\"itemscope\" itemtype=\"https:\/\/schema.org\/CreativeWork\" ><div class='avia_textblock  '   itemprop=\"text\" ><p>\u0160i\u0173 klijuotos medienos sij\u0173 skerspj\u016bviai yra m\u016bs\u0173 standartiniai variantai<br \/>\nKit\u0173 klijuotos medienos sij\u0173 skerspj\u016bvi\u0173 gamybos laikas yra nuo 5 iki 14 darbo dien\u0173 priklausomai nuo kiekio<\/p>\n<\/div><\/section><\/p><\/div>\n","protected":false},"excerpt":{"rendered":"","protected":false},"author":1,"featured_media":4442,"parent":0,"menu_order":0,"comment_status":"closed","ping_status":"closed","template":"","meta":{"footnotes":""},"class_list":["post-4656","page","type-page","status-publish","has-post-thumbnail","hentry"],"yoast_head":"<!-- This site is optimized with the Yoast SEO plugin v27.0 - https:\/\/yoast.com\/product\/yoast-seo-wordpress\/ -->\n<title>Liimpuittalad - NorgesWoood - Liimpuit - Laoseis - HInnad<\/title>\n<meta name=\"description\" content=\"Liimpuitu valmistame k\u00f5rgekvaliteedilisest kuusepuidust. Liimpuidu tootmine vastab EN 14080:2013 n\u00f5uetele - Liimpuittalade tootja Eestis\" \/>\n<meta name=\"robots\" content=\"index, follow, max-snippet:-1, max-image-preview:large, max-video-preview:-1\" \/>\n<link rel=\"canonical\" href=\"https:\/\/www.norgeswood.ee\/lt\/klijuotosios-sijos\/\" \/>\n<meta property=\"og:locale\" content=\"lt_LT\" \/>\n<meta property=\"og:type\" content=\"article\" \/>\n<meta property=\"og:title\" content=\"K\u00e4esolevate liimpuittalade ristl\u00f5iked on meie standard valikud\" \/>\n<meta property=\"og:description\" content=\"NorgesWood\" \/>\n<meta property=\"og:url\" content=\"https:\/\/www.norgeswood.ee\/lt\/klijuotosios-sijos\/\" \/>\n<meta property=\"og:site_name\" content=\"Wooden Houses - NorgesWood\" \/>\n<meta property=\"article:modified_time\" content=\"2022-08-12T07:31:09+00:00\" \/>\n<meta property=\"og:image\" content=\"https:\/\/www.norgeswood.ee\/wp-content\/uploads\/2021\/10\/liimpuit_4.jpg\" \/>\n\t<meta property=\"og:image:width\" content=\"350\" \/>\n\t<meta property=\"og:image:height\" content=\"189\" \/>\n\t<meta property=\"og:image:type\" content=\"image\/jpeg\" \/>\n<meta name=\"twitter:card\" content=\"summary_large_image\" \/>\n<meta name=\"twitter:label1\" content=\"Est. reading time\" \/>\n\t<meta name=\"twitter:data1\" content=\"3 minut\u0117s\" \/>\n<script type=\"application\/ld+json\" class=\"yoast-schema-graph\">{\"@context\":\"https:\/\/schema.org\",\"@graph\":[{\"@type\":\"WebPage\",\"@id\":\"https:\/\/www.norgeswood.ee\/lt\/klijuotosios-sijos\/\",\"url\":\"https:\/\/www.norgeswood.ee\/lt\/klijuotosios-sijos\/\",\"name\":\"Liimpuittalad - NorgesWoood - Liimpuit - Laoseis - HInnad\",\"isPartOf\":{\"@id\":\"https:\/\/www.norgeswood.ee\/#website\"},\"primaryImageOfPage\":{\"@id\":\"https:\/\/www.norgeswood.ee\/lt\/klijuotosios-sijos\/#primaryimage\"},\"image\":{\"@id\":\"https:\/\/www.norgeswood.ee\/lt\/klijuotosios-sijos\/#primaryimage\"},\"thumbnailUrl\":\"https:\/\/www.norgeswood.ee\/wp-content\/uploads\/2021\/10\/liimpuit_4.jpg\",\"datePublished\":\"2021-10-07T12:19:04+00:00\",\"dateModified\":\"2022-08-12T07:31:09+00:00\",\"description\":\"Liimpuitu valmistame k\u00f5rgekvaliteedilisest kuusepuidust. Liimpuidu tootmine vastab EN 14080:2013 n\u00f5uetele - Liimpuittalade tootja Eestis\",\"breadcrumb\":{\"@id\":\"https:\/\/www.norgeswood.ee\/lt\/klijuotosios-sijos\/#breadcrumb\"},\"inLanguage\":\"lt-LT\",\"potentialAction\":[{\"@type\":\"ReadAction\",\"target\":[\"https:\/\/www.norgeswood.ee\/lt\/klijuotosios-sijos\/\"]}]},{\"@type\":\"ImageObject\",\"inLanguage\":\"lt-LT\",\"@id\":\"https:\/\/www.norgeswood.ee\/lt\/klijuotosios-sijos\/#primaryimage\",\"url\":\"https:\/\/www.norgeswood.ee\/wp-content\/uploads\/2021\/10\/liimpuit_4.jpg\",\"contentUrl\":\"https:\/\/www.norgeswood.ee\/wp-content\/uploads\/2021\/10\/liimpuit_4.jpg\",\"width\":350,\"height\":189},{\"@type\":\"BreadcrumbList\",\"@id\":\"https:\/\/www.norgeswood.ee\/lt\/klijuotosios-sijos\/#breadcrumb\",\"itemListElement\":[{\"@type\":\"ListItem\",\"position\":1,\"name\":\"Home\",\"item\":\"https:\/\/www.norgeswood.ee\/lt\/homepage\/\"},{\"@type\":\"ListItem\",\"position\":2,\"name\":\"Klijuotosios sijos\"}]},{\"@type\":\"WebSite\",\"@id\":\"https:\/\/www.norgeswood.ee\/#website\",\"url\":\"https:\/\/www.norgeswood.ee\/\",\"name\":\"Wooden Houses - NorgesWood\",\"description\":\"Wooden Houses\",\"publisher\":{\"@id\":\"https:\/\/www.norgeswood.ee\/#organization\"},\"potentialAction\":[{\"@type\":\"SearchAction\",\"target\":{\"@type\":\"EntryPoint\",\"urlTemplate\":\"https:\/\/www.norgeswood.ee\/?s={search_term_string}\"},\"query-input\":{\"@type\":\"PropertyValueSpecification\",\"valueRequired\":true,\"valueName\":\"search_term_string\"}}],\"inLanguage\":\"lt-LT\"},{\"@type\":\"Organization\",\"@id\":\"https:\/\/www.norgeswood.ee\/#organization\",\"name\":\"Wooden Houses - NorgesWood\",\"url\":\"https:\/\/www.norgeswood.ee\/\",\"logo\":{\"@type\":\"ImageObject\",\"inLanguage\":\"lt-LT\",\"@id\":\"https:\/\/www.norgeswood.ee\/#\/schema\/logo\/image\/\",\"url\":\"https:\/\/www.norgeswood.ee\/wp-content\/uploads\/2021\/10\/logo_norgeshus.png\",\"contentUrl\":\"https:\/\/www.norgeswood.ee\/wp-content\/uploads\/2021\/10\/logo_norgeshus.png\",\"width\":248,\"height\":57,\"caption\":\"Wooden Houses - NorgesWood\"},\"image\":{\"@id\":\"https:\/\/www.norgeswood.ee\/#\/schema\/logo\/image\/\"}}]}<\/script>\n<!-- \/ Yoast SEO plugin. -->","yoast_head_json":{"title":"Liimpuittalad - NorgesWoood - Liimpuit - Laoseis - HInnad","description":"Liimpuitu valmistame k\u00f5rgekvaliteedilisest kuusepuidust. Liimpuidu tootmine vastab EN 14080:2013 n\u00f5uetele - Liimpuittalade tootja Eestis","robots":{"index":"index","follow":"follow","max-snippet":"max-snippet:-1","max-image-preview":"max-image-preview:large","max-video-preview":"max-video-preview:-1"},"canonical":"https:\/\/www.norgeswood.ee\/lt\/klijuotosios-sijos\/","og_locale":"lt_LT","og_type":"article","og_title":"K\u00e4esolevate liimpuittalade ristl\u00f5iked on meie standard valikud","og_description":"NorgesWood","og_url":"https:\/\/www.norgeswood.ee\/lt\/klijuotosios-sijos\/","og_site_name":"Wooden Houses - NorgesWood","article_modified_time":"2022-08-12T07:31:09+00:00","og_image":[{"width":350,"height":189,"url":"https:\/\/www.norgeswood.ee\/wp-content\/uploads\/2021\/10\/liimpuit_4.jpg","type":"image\/jpeg"}],"twitter_card":"summary_large_image","twitter_misc":{"Est. reading time":"3 minut\u0117s"},"schema":{"@context":"https:\/\/schema.org","@graph":[{"@type":"WebPage","@id":"https:\/\/www.norgeswood.ee\/lt\/klijuotosios-sijos\/","url":"https:\/\/www.norgeswood.ee\/lt\/klijuotosios-sijos\/","name":"Liimpuittalad - NorgesWoood - Liimpuit - Laoseis - HInnad","isPartOf":{"@id":"https:\/\/www.norgeswood.ee\/#website"},"primaryImageOfPage":{"@id":"https:\/\/www.norgeswood.ee\/lt\/klijuotosios-sijos\/#primaryimage"},"image":{"@id":"https:\/\/www.norgeswood.ee\/lt\/klijuotosios-sijos\/#primaryimage"},"thumbnailUrl":"https:\/\/www.norgeswood.ee\/wp-content\/uploads\/2021\/10\/liimpuit_4.jpg","datePublished":"2021-10-07T12:19:04+00:00","dateModified":"2022-08-12T07:31:09+00:00","description":"Liimpuitu valmistame k\u00f5rgekvaliteedilisest kuusepuidust. Liimpuidu tootmine vastab EN 14080:2013 n\u00f5uetele - Liimpuittalade tootja Eestis","breadcrumb":{"@id":"https:\/\/www.norgeswood.ee\/lt\/klijuotosios-sijos\/#breadcrumb"},"inLanguage":"lt-LT","potentialAction":[{"@type":"ReadAction","target":["https:\/\/www.norgeswood.ee\/lt\/klijuotosios-sijos\/"]}]},{"@type":"ImageObject","inLanguage":"lt-LT","@id":"https:\/\/www.norgeswood.ee\/lt\/klijuotosios-sijos\/#primaryimage","url":"https:\/\/www.norgeswood.ee\/wp-content\/uploads\/2021\/10\/liimpuit_4.jpg","contentUrl":"https:\/\/www.norgeswood.ee\/wp-content\/uploads\/2021\/10\/liimpuit_4.jpg","width":350,"height":189},{"@type":"BreadcrumbList","@id":"https:\/\/www.norgeswood.ee\/lt\/klijuotosios-sijos\/#breadcrumb","itemListElement":[{"@type":"ListItem","position":1,"name":"Home","item":"https:\/\/www.norgeswood.ee\/lt\/homepage\/"},{"@type":"ListItem","position":2,"name":"Klijuotosios sijos"}]},{"@type":"WebSite","@id":"https:\/\/www.norgeswood.ee\/#website","url":"https:\/\/www.norgeswood.ee\/","name":"Wooden Houses - NorgesWood","description":"Wooden Houses","publisher":{"@id":"https:\/\/www.norgeswood.ee\/#organization"},"potentialAction":[{"@type":"SearchAction","target":{"@type":"EntryPoint","urlTemplate":"https:\/\/www.norgeswood.ee\/?s={search_term_string}"},"query-input":{"@type":"PropertyValueSpecification","valueRequired":true,"valueName":"search_term_string"}}],"inLanguage":"lt-LT"},{"@type":"Organization","@id":"https:\/\/www.norgeswood.ee\/#organization","name":"Wooden Houses - NorgesWood","url":"https:\/\/www.norgeswood.ee\/","logo":{"@type":"ImageObject","inLanguage":"lt-LT","@id":"https:\/\/www.norgeswood.ee\/#\/schema\/logo\/image\/","url":"https:\/\/www.norgeswood.ee\/wp-content\/uploads\/2021\/10\/logo_norgeshus.png","contentUrl":"https:\/\/www.norgeswood.ee\/wp-content\/uploads\/2021\/10\/logo_norgeshus.png","width":248,"height":57,"caption":"Wooden Houses - NorgesWood"},"image":{"@id":"https:\/\/www.norgeswood.ee\/#\/schema\/logo\/image\/"}}]}},"_links":{"self":[{"href":"https:\/\/www.norgeswood.ee\/lt\/wp-json\/wp\/v2\/pages\/4656","targetHints":{"allow":["GET"]}}],"collection":[{"href":"https:\/\/www.norgeswood.ee\/lt\/wp-json\/wp\/v2\/pages"}],"about":[{"href":"https:\/\/www.norgeswood.ee\/lt\/wp-json\/wp\/v2\/types\/page"}],"author":[{"embeddable":true,"href":"https:\/\/www.norgeswood.ee\/lt\/wp-json\/wp\/v2\/users\/1"}],"replies":[{"embeddable":true,"href":"https:\/\/www.norgeswood.ee\/lt\/wp-json\/wp\/v2\/comments?post=4656"}],"version-history":[{"count":0,"href":"https:\/\/www.norgeswood.ee\/lt\/wp-json\/wp\/v2\/pages\/4656\/revisions"}],"wp:featuredmedia":[{"embeddable":true,"href":"https:\/\/www.norgeswood.ee\/lt\/wp-json\/wp\/v2\/media\/4442"}],"wp:attachment":[{"href":"https:\/\/www.norgeswood.ee\/lt\/wp-json\/wp\/v2\/media?parent=4656"}],"curies":[{"name":"wp","href":"https:\/\/api.w.org\/{rel}","templated":true}]}}