{"id":4627,"date":"2021-10-12T07:42:03","date_gmt":"2021-10-12T07:42:03","guid":{"rendered":"https:\/\/www.norgeswood.ee\/katusekonstruktsioonid\/"},"modified":"2021-12-02T11:23:24","modified_gmt":"2021-12-02T09:23:24","slug":"jumtu-konstrukcijas","status":"publish","type":"page","link":"https:\/\/www.norgeswood.ee\/lv\/jumtu-konstrukcijas\/","title":{"rendered":"Jumtu konstrukcijas"},"content":{"rendered":"<div id='layer_slider_1'  class='avia-layerslider main_color avia-shadow  avia-builder-el-0  el_before_av_one_full  avia-builder-el-first  container_wrap sidebar_right'  style='height: 149px;'  ><\/div><div id='after_layer_slider_1'  class='main_color av_default_container_wrap container_wrap sidebar_right'  ><div class='container av-section-cont-open' ><div class='template-page content  av-content-small alpha units'><div class='post-entry post-entry-type-page post-entry-4627'><div class='entry-content-wrapper clearfix'>\n<div class='flex_column av-2hgo1t-bfb404cd94e64190d425757a5d159452 av_one_full  avia-builder-el-1  el_after_av_layerslider  el_before_av_textblock  avia-builder-el-first  first flex_column_div '   ><p><section class=\"av_textblock_section \"  itemscope=\"itemscope\" itemtype=\"https:\/\/schema.org\/CreativeWork\" ><div class='avia_textblock  '   itemprop=\"text\" ><p>L\u012bmkoks \/ Jumta sp\u0101res \/ L\u012bmkoka ra\u017eo\u0161ana \/ Jumta konstrukcijas<\/p>\n<\/div><\/section><br \/>\n\n<style type=\"text\/css\" data-created_by=\"avia_inline_auto\" id=\"style-css-av-kuqqhz8g-f78bc282cf57f8394e2be43791d23372\">\n#top .avia-gallery.av-kuqqhz8g-f78bc282cf57f8394e2be43791d23372 .avia-gallery-thumb a{\nwidth:20%;\n}\n<\/style>\n<div  class='avia-gallery av-kuqqhz8g-f78bc282cf57f8394e2be43791d23372 avia_animate_when_visible  avia-builder-el-3  el_after_av_textblock  el_before_av_textblock  deactivate_avia_lazyload avia-gallery-animate  avia-gallery-1'  itemprop=\"image\" itemscope=\"itemscope\" itemtype=\"https:\/\/schema.org\/ImageObject\" ><div class='avia-gallery-thumb'> <a href=\"https:\/\/www.norgeswood.ee\/wp-content\/uploads\/2021\/10\/katusekonstruktsioonid_4.jpg\" data-srcset=\"https:\/\/www.norgeswood.ee\/wp-content\/uploads\/2021\/10\/katusekonstruktsioonid_4.jpg 1024w, https:\/\/www.norgeswood.ee\/wp-content\/uploads\/2021\/10\/katusekonstruktsioonid_4-300x225.jpg 300w, https:\/\/www.norgeswood.ee\/wp-content\/uploads\/2021\/10\/katusekonstruktsioonid_4-768x575.jpg 768w, https:\/\/www.norgeswood.ee\/wp-content\/uploads\/2021\/10\/katusekonstruktsioonid_4-705x528.jpg 705w\" data-sizes=\"(max-width: 1024px) 100vw, 1024px\" data-rel='gallery-1' data-prev-img='https:\/\/www.norgeswood.ee\/wp-content\/uploads\/2021\/10\/katusekonstruktsioonid_4-495x400.jpg' class='first_thumb lightbox ' data-onclick='1' title='katusekonstruktsioonid_4'  itemprop=\"thumbnailUrl\"  ><img decoding=\"async\" class=\"wp-image-4416 avia-img-lazy-loading-not-4416\"   src=\"https:\/\/www.norgeswood.ee\/wp-content\/uploads\/2021\/10\/katusekonstruktsioonid_4-495x400.jpg\" width=\"495\" height=\"400\"  title='katusekonstruktsioonid_4' alt='' srcset=\"https:\/\/www.norgeswood.ee\/wp-content\/uploads\/2021\/10\/katusekonstruktsioonid_4-495x400.jpg 495w, https:\/\/www.norgeswood.ee\/wp-content\/uploads\/2021\/10\/katusekonstruktsioonid_4-845x684.jpg 845w\" sizes=\"(max-width: 495px) 100vw, 495px\" \/><\/a> <a href=\"https:\/\/www.norgeswood.ee\/wp-content\/uploads\/2021\/10\/katusekonstruktsioonid_5.jpg\" data-srcset=\"https:\/\/www.norgeswood.ee\/wp-content\/uploads\/2021\/10\/katusekonstruktsioonid_5.jpg 1024w, https:\/\/www.norgeswood.ee\/wp-content\/uploads\/2021\/10\/katusekonstruktsioonid_5-300x225.jpg 300w, https:\/\/www.norgeswood.ee\/wp-content\/uploads\/2021\/10\/katusekonstruktsioonid_5-768x576.jpg 768w, https:\/\/www.norgeswood.ee\/wp-content\/uploads\/2021\/10\/katusekonstruktsioonid_5-705x529.jpg 705w\" data-sizes=\"(max-width: 1024px) 100vw, 1024px\" data-rel='gallery-1' data-prev-img='https:\/\/www.norgeswood.ee\/wp-content\/uploads\/2021\/10\/katusekonstruktsioonid_5-495x400.jpg' class='lightbox ' data-onclick='2' title='katusekonstruktsioonid_5'  itemprop=\"thumbnailUrl\"  ><img decoding=\"async\" class=\"wp-image-4421 avia-img-lazy-loading-not-4421\"   src=\"https:\/\/www.norgeswood.ee\/wp-content\/uploads\/2021\/10\/katusekonstruktsioonid_5-495x400.jpg\" width=\"495\" height=\"400\"  title='katusekonstruktsioonid_5' alt='' srcset=\"https:\/\/www.norgeswood.ee\/wp-content\/uploads\/2021\/10\/katusekonstruktsioonid_5-495x400.jpg 495w, https:\/\/www.norgeswood.ee\/wp-content\/uploads\/2021\/10\/katusekonstruktsioonid_5-845x684.jpg 845w\" sizes=\"(max-width: 495px) 100vw, 495px\" \/><\/a><\/div><\/div><br \/>\n<section class=\"av_textblock_section \"  itemscope=\"itemscope\" itemtype=\"https:\/\/schema.org\/CreativeWork\" ><div class='avia_textblock  '   itemprop=\"text\" ><p>L\u012bmkoka jumta sp\u0101ru ra\u017eo\u0161anas procesa \u0101trumu un kvalit\u0101ti nodro\u0161ina:<\/p>\n<ul>\n<li>Jumtu konstrukciju izgatavo\u0161an\u0101 izmantojam tikai 13 metru garus garensavienotus<br \/>\nkonstrukciju kokus, t\u0101p\u0113c visas sp\u0101res deta\u013cas ir vajadz\u012bgaj\u0101 garum\u0101 &#8211; t\u0101s nav<br \/>\nnepiecie\u0161ams pagarin\u0101t.<\/li>\n<li>L\u012bmkoka jumtu konstrukcij\u0101s izmantotie \u0161\u0137\u0113rsgriezumi:<br \/>\nPlatums 60 mm l\u012bdz 200 mm, Augstums 80 mm l\u012bdz 800 mm<\/li>\n<li>Tiek izmantota m\u016bsdien\u012bga projekt\u0113\u0161anas programma Dietrich\u2019s 3D CAD \/ CAM,<br \/>\nar kuras pal\u012bdz\u012bbu iesp\u0113jams izveidot sare\u017e\u0123\u012btas jumta konstrukcijas<\/li>\n<li>Pieredz\u0113ju\u0161i un prasm\u012bgi projekt\u0113t\u0101ji un in\u017eenieri<\/li>\n<li>Tikai augsti kvalitat\u012bvs, kalibr\u0113ts un p\u0113c stipruma sa\u0161\u0137irots C24 koks un l\u012bmkoks<\/li>\n<li>\u0100trgaitas z\u0101\u0123i Hundegger Speed-Cut SC-3 un Hundegger K2<\/li>\n<\/ul>\n<\/div><\/section><\/p><\/div>\n<section class=\"av_textblock_section \"  itemscope=\"itemscope\" itemtype=\"https:\/\/schema.org\/CreativeWork\" ><div class='avia_textblock  '   itemprop=\"text\" ><p>Koks ir atjaunojams dabas resurss un p\u0113c svara viegls materi\u0101ls. T\u0101p\u0113c koks \u0161odienas<br \/>\nb\u016bvniec\u012bbas tirg\u016b uzskat\u0101mas par ekonomisku un videi draudz\u012bgu materi\u0101lu,<br \/>\nturkl\u0101t konstrukcijas zi\u0146\u0101 par viegli saliekamu.<\/p>\n<\/div><\/section>\n\n<style type=\"text\/css\" data-created_by=\"avia_inline_auto\" id=\"style-css-av-kuqqjv1v-906b6495c9af8188398a1d11baaa47f9\">\n#top .avia-gallery.av-kuqqjv1v-906b6495c9af8188398a1d11baaa47f9 .avia-gallery-thumb a{\nwidth:20%;\n}\n<\/style>\n<div  class='avia-gallery av-kuqqjv1v-906b6495c9af8188398a1d11baaa47f9 avia_animate_when_visible  avia-builder-el-6  el_after_av_textblock  el_before_av_textblock  deactivate_avia_lazyload avia-gallery-animate  avia-gallery-2'  itemprop=\"image\" itemscope=\"itemscope\" itemtype=\"https:\/\/schema.org\/ImageObject\" ><div class='avia-gallery-thumb'> <a href=\"https:\/\/www.norgeswood.ee\/wp-content\/uploads\/2021\/10\/katusekonstruktsioonid_2.jpg\" data-srcset=\"https:\/\/www.norgeswood.ee\/wp-content\/uploads\/2021\/10\/katusekonstruktsioonid_2.jpg 700w, https:\/\/www.norgeswood.ee\/wp-content\/uploads\/2021\/10\/katusekonstruktsioonid_2-300x192.jpg 300w\" data-sizes=\"(max-width: 700px) 100vw, 700px\" data-rel='gallery-2' data-prev-img='https:\/\/www.norgeswood.ee\/wp-content\/uploads\/2021\/10\/katusekonstruktsioonid_2-495x400.jpg' class='first_thumb lightbox ' data-onclick='1' title='katusekonstruktsioonid_2'  itemprop=\"thumbnailUrl\"  ><img decoding=\"async\" class=\"wp-image-4296 avia-img-lazy-loading-not-4296\"   src=\"https:\/\/www.norgeswood.ee\/wp-content\/uploads\/2021\/10\/katusekonstruktsioonid_2-495x400.jpg\" width=\"495\" height=\"400\"  title='katusekonstruktsioonid_2' alt='' \/><\/a> <a href=\"https:\/\/www.norgeswood.ee\/wp-content\/uploads\/2021\/10\/katusekonstruktsioonid_3.jpg\" data-srcset=\"https:\/\/www.norgeswood.ee\/wp-content\/uploads\/2021\/10\/katusekonstruktsioonid_3.jpg 800w, https:\/\/www.norgeswood.ee\/wp-content\/uploads\/2021\/10\/katusekonstruktsioonid_3-300x218.jpg 300w, https:\/\/www.norgeswood.ee\/wp-content\/uploads\/2021\/10\/katusekonstruktsioonid_3-768x557.jpg 768w, https:\/\/www.norgeswood.ee\/wp-content\/uploads\/2021\/10\/katusekonstruktsioonid_3-705x511.jpg 705w\" data-sizes=\"(max-width: 800px) 100vw, 800px\" data-rel='gallery-2' data-prev-img='https:\/\/www.norgeswood.ee\/wp-content\/uploads\/2021\/10\/katusekonstruktsioonid_3-495x400.jpg' class='lightbox ' data-onclick='2' title='katusekonstruktsioonid_3'  itemprop=\"thumbnailUrl\"  ><img decoding=\"async\" class=\"wp-image-4301 avia-img-lazy-loading-not-4301\"   src=\"https:\/\/www.norgeswood.ee\/wp-content\/uploads\/2021\/10\/katusekonstruktsioonid_3-495x400.jpg\" width=\"495\" height=\"400\"  title='katusekonstruktsioonid_3' alt='' \/><\/a><\/div><\/div>\n<section class=\"av_textblock_section \"  itemscope=\"itemscope\" itemtype=\"https:\/\/schema.org\/CreativeWork\" ><div class='avia_textblock  '   itemprop=\"text\" ><p>Sp\u0101res &#8211; paveiktie darbi &#8211; cenas<\/p>\n<\/div><\/section>\n\n","protected":false},"excerpt":{"rendered":"","protected":false},"author":1,"featured_media":4506,"parent":0,"menu_order":0,"comment_status":"closed","ping_status":"closed","template":"","meta":{"footnotes":""},"class_list":["post-4627","page","type-page","status-publish","has-post-thumbnail","hentry"],"yoast_head":"<!-- This site is optimized with the Yoast SEO plugin v27.0 - https:\/\/yoast.com\/product\/yoast-seo-wordpress\/ -->\n<title>Jumtu konstrukcijas - Wooden Houses - NorgesWood<\/title>\n<meta name=\"description\" content=\"Katusekonstruktsioonid - Liimpuit katusekonstruktioonides kasutatavad ristl\u00f5iked:Laiusega 60 mm kuni 200 mm, K\u00f5rgusega 80 mm kuni 800 mm\" \/>\n<meta name=\"robots\" content=\"index, follow, max-snippet:-1, max-image-preview:large, max-video-preview:-1\" \/>\n<link rel=\"canonical\" href=\"https:\/\/www.norgeswood.ee\/lv\/jumtu-konstrukcijas\/\" \/>\n<meta property=\"og:locale\" content=\"lv_LV\" \/>\n<meta property=\"og:type\" content=\"article\" \/>\n<meta property=\"og:title\" content=\"Jumtu konstrukcijas - Wooden Houses - NorgesWood\" \/>\n<meta property=\"og:description\" content=\"Katusekonstruktsioonid - Liimpuit katusekonstruktioonides kasutatavad ristl\u00f5iked:Laiusega 60 mm kuni 200 mm, K\u00f5rgusega 80 mm kuni 800 mm\" \/>\n<meta property=\"og:url\" content=\"https:\/\/www.norgeswood.ee\/lv\/jumtu-konstrukcijas\/\" \/>\n<meta property=\"og:site_name\" content=\"Wooden Houses - NorgesWood\" \/>\n<meta property=\"article:modified_time\" content=\"2021-12-02T09:23:24+00:00\" \/>\n<meta property=\"og:image\" content=\"https:\/\/www.norgeswood.ee\/wp-content\/uploads\/2021\/10\/norgeswood_liimpuittalad_1-1030x773.jpg\" \/>\n\t<meta property=\"og:image:width\" content=\"1030\" \/>\n\t<meta property=\"og:image:height\" content=\"773\" \/>\n\t<meta property=\"og:image:type\" content=\"image\/jpeg\" \/>\n<meta name=\"twitter:card\" content=\"summary_large_image\" \/>\n<meta name=\"twitter:label1\" content=\"Est. reading time\" \/>\n\t<meta name=\"twitter:data1\" content=\"4 minutes\" \/>\n<script type=\"application\/ld+json\" class=\"yoast-schema-graph\">{\"@context\":\"https:\/\/schema.org\",\"@graph\":[{\"@type\":\"WebPage\",\"@id\":\"https:\/\/www.norgeswood.ee\/lv\/jumtu-konstrukcijas\/\",\"url\":\"https:\/\/www.norgeswood.ee\/lv\/jumtu-konstrukcijas\/\",\"name\":\"Jumtu konstrukcijas - Wooden Houses - NorgesWood\",\"isPartOf\":{\"@id\":\"https:\/\/www.norgeswood.ee\/#website\"},\"primaryImageOfPage\":{\"@id\":\"https:\/\/www.norgeswood.ee\/lv\/jumtu-konstrukcijas\/#primaryimage\"},\"image\":{\"@id\":\"https:\/\/www.norgeswood.ee\/lv\/jumtu-konstrukcijas\/#primaryimage\"},\"thumbnailUrl\":\"https:\/\/www.norgeswood.ee\/wp-content\/uploads\/2021\/10\/norgeswood_liimpuittalad_1-scaled.jpg\",\"datePublished\":\"2021-10-12T07:42:03+00:00\",\"dateModified\":\"2021-12-02T09:23:24+00:00\",\"description\":\"Katusekonstruktsioonid - Liimpuit katusekonstruktioonides kasutatavad ristl\u00f5iked:Laiusega 60 mm kuni 200 mm, K\u00f5rgusega 80 mm kuni 800 mm\",\"breadcrumb\":{\"@id\":\"https:\/\/www.norgeswood.ee\/lv\/jumtu-konstrukcijas\/#breadcrumb\"},\"inLanguage\":\"lv-LV\",\"potentialAction\":[{\"@type\":\"ReadAction\",\"target\":[\"https:\/\/www.norgeswood.ee\/lv\/jumtu-konstrukcijas\/\"]}]},{\"@type\":\"ImageObject\",\"inLanguage\":\"lv-LV\",\"@id\":\"https:\/\/www.norgeswood.ee\/lv\/jumtu-konstrukcijas\/#primaryimage\",\"url\":\"https:\/\/www.norgeswood.ee\/wp-content\/uploads\/2021\/10\/norgeswood_liimpuittalad_1-scaled.jpg\",\"contentUrl\":\"https:\/\/www.norgeswood.ee\/wp-content\/uploads\/2021\/10\/norgeswood_liimpuittalad_1-scaled.jpg\",\"width\":2560,\"height\":1920},{\"@type\":\"BreadcrumbList\",\"@id\":\"https:\/\/www.norgeswood.ee\/lv\/jumtu-konstrukcijas\/#breadcrumb\",\"itemListElement\":[{\"@type\":\"ListItem\",\"position\":1,\"name\":\"Home\",\"item\":\"https:\/\/www.norgeswood.ee\/lv\/homepage\/\"},{\"@type\":\"ListItem\",\"position\":2,\"name\":\"Jumtu konstrukcijas\"}]},{\"@type\":\"WebSite\",\"@id\":\"https:\/\/www.norgeswood.ee\/#website\",\"url\":\"https:\/\/www.norgeswood.ee\/\",\"name\":\"Wooden Houses - NorgesWood\",\"description\":\"Wooden Houses\",\"publisher\":{\"@id\":\"https:\/\/www.norgeswood.ee\/#organization\"},\"potentialAction\":[{\"@type\":\"SearchAction\",\"target\":{\"@type\":\"EntryPoint\",\"urlTemplate\":\"https:\/\/www.norgeswood.ee\/?s={search_term_string}\"},\"query-input\":{\"@type\":\"PropertyValueSpecification\",\"valueRequired\":true,\"valueName\":\"search_term_string\"}}],\"inLanguage\":\"lv-LV\"},{\"@type\":\"Organization\",\"@id\":\"https:\/\/www.norgeswood.ee\/#organization\",\"name\":\"Wooden Houses - NorgesWood\",\"url\":\"https:\/\/www.norgeswood.ee\/\",\"logo\":{\"@type\":\"ImageObject\",\"inLanguage\":\"lv-LV\",\"@id\":\"https:\/\/www.norgeswood.ee\/#\/schema\/logo\/image\/\",\"url\":\"https:\/\/www.norgeswood.ee\/wp-content\/uploads\/2021\/10\/logo_norgeshus.png\",\"contentUrl\":\"https:\/\/www.norgeswood.ee\/wp-content\/uploads\/2021\/10\/logo_norgeshus.png\",\"width\":248,\"height\":57,\"caption\":\"Wooden Houses - NorgesWood\"},\"image\":{\"@id\":\"https:\/\/www.norgeswood.ee\/#\/schema\/logo\/image\/\"}}]}<\/script>\n<!-- \/ Yoast SEO plugin. -->","yoast_head_json":{"title":"Jumtu konstrukcijas - Wooden Houses - NorgesWood","description":"Katusekonstruktsioonid - Liimpuit katusekonstruktioonides kasutatavad ristl\u00f5iked:Laiusega 60 mm kuni 200 mm, K\u00f5rgusega 80 mm kuni 800 mm","robots":{"index":"index","follow":"follow","max-snippet":"max-snippet:-1","max-image-preview":"max-image-preview:large","max-video-preview":"max-video-preview:-1"},"canonical":"https:\/\/www.norgeswood.ee\/lv\/jumtu-konstrukcijas\/","og_locale":"lv_LV","og_type":"article","og_title":"Jumtu konstrukcijas - Wooden Houses - NorgesWood","og_description":"Katusekonstruktsioonid - Liimpuit katusekonstruktioonides kasutatavad ristl\u00f5iked:Laiusega 60 mm kuni 200 mm, K\u00f5rgusega 80 mm kuni 800 mm","og_url":"https:\/\/www.norgeswood.ee\/lv\/jumtu-konstrukcijas\/","og_site_name":"Wooden Houses - NorgesWood","article_modified_time":"2021-12-02T09:23:24+00:00","og_image":[{"width":1030,"height":773,"url":"https:\/\/www.norgeswood.ee\/wp-content\/uploads\/2021\/10\/norgeswood_liimpuittalad_1-1030x773.jpg","type":"image\/jpeg"}],"twitter_card":"summary_large_image","twitter_misc":{"Est. reading time":"4 minutes"},"schema":{"@context":"https:\/\/schema.org","@graph":[{"@type":"WebPage","@id":"https:\/\/www.norgeswood.ee\/lv\/jumtu-konstrukcijas\/","url":"https:\/\/www.norgeswood.ee\/lv\/jumtu-konstrukcijas\/","name":"Jumtu konstrukcijas - Wooden Houses - NorgesWood","isPartOf":{"@id":"https:\/\/www.norgeswood.ee\/#website"},"primaryImageOfPage":{"@id":"https:\/\/www.norgeswood.ee\/lv\/jumtu-konstrukcijas\/#primaryimage"},"image":{"@id":"https:\/\/www.norgeswood.ee\/lv\/jumtu-konstrukcijas\/#primaryimage"},"thumbnailUrl":"https:\/\/www.norgeswood.ee\/wp-content\/uploads\/2021\/10\/norgeswood_liimpuittalad_1-scaled.jpg","datePublished":"2021-10-12T07:42:03+00:00","dateModified":"2021-12-02T09:23:24+00:00","description":"Katusekonstruktsioonid - Liimpuit katusekonstruktioonides kasutatavad ristl\u00f5iked:Laiusega 60 mm kuni 200 mm, K\u00f5rgusega 80 mm kuni 800 mm","breadcrumb":{"@id":"https:\/\/www.norgeswood.ee\/lv\/jumtu-konstrukcijas\/#breadcrumb"},"inLanguage":"lv-LV","potentialAction":[{"@type":"ReadAction","target":["https:\/\/www.norgeswood.ee\/lv\/jumtu-konstrukcijas\/"]}]},{"@type":"ImageObject","inLanguage":"lv-LV","@id":"https:\/\/www.norgeswood.ee\/lv\/jumtu-konstrukcijas\/#primaryimage","url":"https:\/\/www.norgeswood.ee\/wp-content\/uploads\/2021\/10\/norgeswood_liimpuittalad_1-scaled.jpg","contentUrl":"https:\/\/www.norgeswood.ee\/wp-content\/uploads\/2021\/10\/norgeswood_liimpuittalad_1-scaled.jpg","width":2560,"height":1920},{"@type":"BreadcrumbList","@id":"https:\/\/www.norgeswood.ee\/lv\/jumtu-konstrukcijas\/#breadcrumb","itemListElement":[{"@type":"ListItem","position":1,"name":"Home","item":"https:\/\/www.norgeswood.ee\/lv\/homepage\/"},{"@type":"ListItem","position":2,"name":"Jumtu konstrukcijas"}]},{"@type":"WebSite","@id":"https:\/\/www.norgeswood.ee\/#website","url":"https:\/\/www.norgeswood.ee\/","name":"Wooden Houses - NorgesWood","description":"Wooden Houses","publisher":{"@id":"https:\/\/www.norgeswood.ee\/#organization"},"potentialAction":[{"@type":"SearchAction","target":{"@type":"EntryPoint","urlTemplate":"https:\/\/www.norgeswood.ee\/?s={search_term_string}"},"query-input":{"@type":"PropertyValueSpecification","valueRequired":true,"valueName":"search_term_string"}}],"inLanguage":"lv-LV"},{"@type":"Organization","@id":"https:\/\/www.norgeswood.ee\/#organization","name":"Wooden Houses - NorgesWood","url":"https:\/\/www.norgeswood.ee\/","logo":{"@type":"ImageObject","inLanguage":"lv-LV","@id":"https:\/\/www.norgeswood.ee\/#\/schema\/logo\/image\/","url":"https:\/\/www.norgeswood.ee\/wp-content\/uploads\/2021\/10\/logo_norgeshus.png","contentUrl":"https:\/\/www.norgeswood.ee\/wp-content\/uploads\/2021\/10\/logo_norgeshus.png","width":248,"height":57,"caption":"Wooden Houses - NorgesWood"},"image":{"@id":"https:\/\/www.norgeswood.ee\/#\/schema\/logo\/image\/"}}]}},"_links":{"self":[{"href":"https:\/\/www.norgeswood.ee\/lv\/wp-json\/wp\/v2\/pages\/4627","targetHints":{"allow":["GET"]}}],"collection":[{"href":"https:\/\/www.norgeswood.ee\/lv\/wp-json\/wp\/v2\/pages"}],"about":[{"href":"https:\/\/www.norgeswood.ee\/lv\/wp-json\/wp\/v2\/types\/page"}],"author":[{"embeddable":true,"href":"https:\/\/www.norgeswood.ee\/lv\/wp-json\/wp\/v2\/users\/1"}],"replies":[{"embeddable":true,"href":"https:\/\/www.norgeswood.ee\/lv\/wp-json\/wp\/v2\/comments?post=4627"}],"version-history":[{"count":0,"href":"https:\/\/www.norgeswood.ee\/lv\/wp-json\/wp\/v2\/pages\/4627\/revisions"}],"wp:featuredmedia":[{"embeddable":true,"href":"https:\/\/www.norgeswood.ee\/lv\/wp-json\/wp\/v2\/media\/4506"}],"wp:attachment":[{"href":"https:\/\/www.norgeswood.ee\/lv\/wp-json\/wp\/v2\/media?parent=4627"}],"curies":[{"name":"wp","href":"https:\/\/api.w.org\/{rel}","templated":true}]}}