{"id":4628,"date":"2021-10-07T12:19:04","date_gmt":"2021-10-07T12:19:04","guid":{"rendered":"https:\/\/www.norgeswood.ee\/liimpuittalad\/"},"modified":"2022-08-12T09:29:17","modified_gmt":"2022-08-12T07:29:17","slug":"limkoka-sijas","status":"publish","type":"page","link":"https:\/\/www.norgeswood.ee\/lv\/limkoka-sijas\/","title":{"rendered":"L\u012bmkoka sijas"},"content":{"rendered":"<div id='layer_slider_1'  class='avia-layerslider main_color avia-shadow  avia-builder-el-0  el_before_av_one_full  avia-builder-el-first  container_wrap sidebar_right'  style='height: 149px;'  ><\/div><div id='after_layer_slider_1'  class='main_color av_default_container_wrap container_wrap sidebar_right'  ><div class='container av-section-cont-open' ><div class='template-page content  av-content-small alpha units'><div class='post-entry post-entry-type-page post-entry-4628'><div class='entry-content-wrapper clearfix'>\n<div class='flex_column av-316jhx-266b83ef0bc38e843af9d98cb3950a37 av_one_full  avia-builder-el-1  el_after_av_layerslider  avia-builder-el-no-sibling  first flex_column_div '   ><p><section class=\"av_textblock_section \"  itemscope=\"itemscope\" itemtype=\"https:\/\/schema.org\/CreativeWork\" ><div class='avia_textblock  '   itemprop=\"text\" ><p>L\u012bmkoka sijas \/ L\u012bmkoks &#8211; Konstrukciju kokmateri\u0101ls, izgatavots no tehniski iz\u017e\u0101v\u0113ta dab\u012bg\u0101 koka, kura mitruma saturs ir l\u012bdz 15\/ +\/- 3\/%. Produkts izgatavots, savienojot deta\u013cas garenvirzien\u0101, lai ieg\u016btu gar\u0101ku b\u016bvkonstrukcijas elementu. Konstrukciju koks tiek izgatavots, sal\u012bm\u0113jot kop\u0101 sl\u0101\u0146us vienu virs otra, kam\u0113r tiek sasniegts v\u0113lamais augstums, rezult\u0101t\u0101 ieg\u016bstot liel\u0101kas nestsp\u0113jas l\u012bmkoku. L\u012bm\u0113\u0161anai tiek izmantota poliuret\u0101na l\u012bme, kas savienojuma vietu nepadara tum\u0161u. Ja konstrukciju koks tiek izmantots \u0101rpus telp\u0101m, tas j\u0101pasarg\u0101 no laikapst\u0101k\u013cu ietekmes vai nu impregn\u0113jot, vai ar dzi\u013co pies\u016bcin\u0101\u0161anu, vai lakojot.<\/p>\n<p style=\"margin-top: 10px;\">L\u012bmkoku gatavojam no augsti kvalitat\u012bva egles koka. L\u012bmkoka ra\u017eo\u0161ana notiek atbilsto\u0161i EN 14080:2013 \/ DIN 1052<br \/>\npras\u012bb\u0101m, pagarin\u0101\u0161ana &#8211; atbilsto\u0161i EN 14080:2013 \/ DIN 68140-1 pras\u012bb\u0101m.<\/p>\n<\/div><\/section><br \/>\n<br \/>\n<section class=\"av_textblock_section \"  itemscope=\"itemscope\" itemtype=\"https:\/\/schema.org\/CreativeWork\" ><div class='avia_textblock  '   itemprop=\"text\" ><p style=\"margin-top: 10px;\">Noliktav\u0101 grab\u0101jam standarta izm\u0113ru preces \u0101tr\u0101k\u0101m pieg\u0101d\u0113m.<\/p>\n<\/div><\/section><br \/>\n<br \/>\n<section class=\"av_textblock_section \"  itemscope=\"itemscope\" itemtype=\"https:\/\/schema.org\/CreativeWork\" ><div class='avia_textblock  '   itemprop=\"text\" ><div id=\"laminated-detail-1\" style=\"display: inline-block; background-color: #5daa47; color: white; padding: 5px 15px 5px 15px;\">Noliktavas sortiments 13 m garum\u0101<\/div>\n<\/div><\/section><br \/>\n<section class=\"av_textblock_section \"  itemscope=\"itemscope\" itemtype=\"https:\/\/schema.org\/CreativeWork\" ><div class='avia_textblock  '   itemprop=\"text\" ><p>Pied\u0101v\u0101jum\u0101 eso\u0161o l\u012bmkoka siju \u0161\u0137\u0113rsgriezumi ir atbilsto\u0161ie m\u016bsu standartiem<br \/>\nCitu \u0161\u0137\u0113rsgriezumu l\u012bmkoku izgatavo\u0161anas laiks ir 5 l\u012bdz 14 darbdienas, atkar\u012bb\u0101 no daudzuma<\/p>\n<\/div><\/section><\/p><\/div>\n","protected":false},"excerpt":{"rendered":"","protected":false},"author":1,"featured_media":4441,"parent":0,"menu_order":0,"comment_status":"closed","ping_status":"closed","template":"","meta":{"footnotes":""},"class_list":["post-4628","page","type-page","status-publish","has-post-thumbnail","hentry"],"yoast_head":"<!-- This site is optimized with the Yoast SEO plugin v27.0 - https:\/\/yoast.com\/product\/yoast-seo-wordpress\/ -->\n<title>Liimpuittalad - NorgesWoood - Liimpuit - Laoseis - HInnad<\/title>\n<meta name=\"description\" content=\"Liimpuitu valmistame k\u00f5rgekvaliteedilisest kuusepuidust. Liimpuidu tootmine vastab EN 14080:2013 n\u00f5uetele - Liimpuittalade tootja Eestis\" \/>\n<meta name=\"robots\" content=\"index, follow, max-snippet:-1, max-image-preview:large, max-video-preview:-1\" \/>\n<link rel=\"canonical\" href=\"https:\/\/www.norgeswood.ee\/lv\/limkoka-sijas\/\" \/>\n<meta property=\"og:locale\" content=\"lv_LV\" \/>\n<meta property=\"og:type\" content=\"article\" \/>\n<meta property=\"og:title\" content=\"K\u00e4esolevate liimpuittalade ristl\u00f5iked on meie standard valikud\" \/>\n<meta property=\"og:description\" content=\"NorgesWood\" \/>\n<meta property=\"og:url\" content=\"https:\/\/www.norgeswood.ee\/lv\/limkoka-sijas\/\" \/>\n<meta property=\"og:site_name\" content=\"Wooden Houses - NorgesWood\" \/>\n<meta property=\"article:modified_time\" content=\"2022-08-12T07:29:17+00:00\" \/>\n<meta property=\"og:image\" content=\"https:\/\/www.norgeswood.ee\/wp-content\/uploads\/2021\/10\/liimpuit_4.jpg\" \/>\n\t<meta property=\"og:image:width\" content=\"350\" \/>\n\t<meta property=\"og:image:height\" content=\"189\" \/>\n\t<meta property=\"og:image:type\" content=\"image\/jpeg\" \/>\n<meta name=\"twitter:card\" content=\"summary_large_image\" \/>\n<meta name=\"twitter:label1\" content=\"Est. reading time\" \/>\n\t<meta name=\"twitter:data1\" content=\"3 minutes\" \/>\n<script type=\"application\/ld+json\" class=\"yoast-schema-graph\">{\"@context\":\"https:\/\/schema.org\",\"@graph\":[{\"@type\":\"WebPage\",\"@id\":\"https:\/\/www.norgeswood.ee\/lv\/limkoka-sijas\/\",\"url\":\"https:\/\/www.norgeswood.ee\/lv\/limkoka-sijas\/\",\"name\":\"Liimpuittalad - NorgesWoood - Liimpuit - Laoseis - HInnad\",\"isPartOf\":{\"@id\":\"https:\/\/www.norgeswood.ee\/#website\"},\"primaryImageOfPage\":{\"@id\":\"https:\/\/www.norgeswood.ee\/lv\/limkoka-sijas\/#primaryimage\"},\"image\":{\"@id\":\"https:\/\/www.norgeswood.ee\/lv\/limkoka-sijas\/#primaryimage\"},\"thumbnailUrl\":\"https:\/\/www.norgeswood.ee\/wp-content\/uploads\/2021\/10\/liimpuit_4.jpg\",\"datePublished\":\"2021-10-07T12:19:04+00:00\",\"dateModified\":\"2022-08-12T07:29:17+00:00\",\"description\":\"Liimpuitu valmistame k\u00f5rgekvaliteedilisest kuusepuidust. Liimpuidu tootmine vastab EN 14080:2013 n\u00f5uetele - Liimpuittalade tootja Eestis\",\"breadcrumb\":{\"@id\":\"https:\/\/www.norgeswood.ee\/lv\/limkoka-sijas\/#breadcrumb\"},\"inLanguage\":\"lv-LV\",\"potentialAction\":[{\"@type\":\"ReadAction\",\"target\":[\"https:\/\/www.norgeswood.ee\/lv\/limkoka-sijas\/\"]}]},{\"@type\":\"ImageObject\",\"inLanguage\":\"lv-LV\",\"@id\":\"https:\/\/www.norgeswood.ee\/lv\/limkoka-sijas\/#primaryimage\",\"url\":\"https:\/\/www.norgeswood.ee\/wp-content\/uploads\/2021\/10\/liimpuit_4.jpg\",\"contentUrl\":\"https:\/\/www.norgeswood.ee\/wp-content\/uploads\/2021\/10\/liimpuit_4.jpg\",\"width\":350,\"height\":189},{\"@type\":\"BreadcrumbList\",\"@id\":\"https:\/\/www.norgeswood.ee\/lv\/limkoka-sijas\/#breadcrumb\",\"itemListElement\":[{\"@type\":\"ListItem\",\"position\":1,\"name\":\"Home\",\"item\":\"https:\/\/www.norgeswood.ee\/lv\/homepage\/\"},{\"@type\":\"ListItem\",\"position\":2,\"name\":\"L\u012bmkoka sijas\"}]},{\"@type\":\"WebSite\",\"@id\":\"https:\/\/www.norgeswood.ee\/#website\",\"url\":\"https:\/\/www.norgeswood.ee\/\",\"name\":\"Wooden Houses - NorgesWood\",\"description\":\"Wooden Houses\",\"publisher\":{\"@id\":\"https:\/\/www.norgeswood.ee\/#organization\"},\"potentialAction\":[{\"@type\":\"SearchAction\",\"target\":{\"@type\":\"EntryPoint\",\"urlTemplate\":\"https:\/\/www.norgeswood.ee\/?s={search_term_string}\"},\"query-input\":{\"@type\":\"PropertyValueSpecification\",\"valueRequired\":true,\"valueName\":\"search_term_string\"}}],\"inLanguage\":\"lv-LV\"},{\"@type\":\"Organization\",\"@id\":\"https:\/\/www.norgeswood.ee\/#organization\",\"name\":\"Wooden Houses - NorgesWood\",\"url\":\"https:\/\/www.norgeswood.ee\/\",\"logo\":{\"@type\":\"ImageObject\",\"inLanguage\":\"lv-LV\",\"@id\":\"https:\/\/www.norgeswood.ee\/#\/schema\/logo\/image\/\",\"url\":\"https:\/\/www.norgeswood.ee\/wp-content\/uploads\/2021\/10\/logo_norgeshus.png\",\"contentUrl\":\"https:\/\/www.norgeswood.ee\/wp-content\/uploads\/2021\/10\/logo_norgeshus.png\",\"width\":248,\"height\":57,\"caption\":\"Wooden Houses - NorgesWood\"},\"image\":{\"@id\":\"https:\/\/www.norgeswood.ee\/#\/schema\/logo\/image\/\"}}]}<\/script>\n<!-- \/ Yoast SEO plugin. -->","yoast_head_json":{"title":"Liimpuittalad - NorgesWoood - Liimpuit - Laoseis - HInnad","description":"Liimpuitu valmistame k\u00f5rgekvaliteedilisest kuusepuidust. Liimpuidu tootmine vastab EN 14080:2013 n\u00f5uetele - Liimpuittalade tootja Eestis","robots":{"index":"index","follow":"follow","max-snippet":"max-snippet:-1","max-image-preview":"max-image-preview:large","max-video-preview":"max-video-preview:-1"},"canonical":"https:\/\/www.norgeswood.ee\/lv\/limkoka-sijas\/","og_locale":"lv_LV","og_type":"article","og_title":"K\u00e4esolevate liimpuittalade ristl\u00f5iked on meie standard valikud","og_description":"NorgesWood","og_url":"https:\/\/www.norgeswood.ee\/lv\/limkoka-sijas\/","og_site_name":"Wooden Houses - NorgesWood","article_modified_time":"2022-08-12T07:29:17+00:00","og_image":[{"width":350,"height":189,"url":"https:\/\/www.norgeswood.ee\/wp-content\/uploads\/2021\/10\/liimpuit_4.jpg","type":"image\/jpeg"}],"twitter_card":"summary_large_image","twitter_misc":{"Est. reading time":"3 minutes"},"schema":{"@context":"https:\/\/schema.org","@graph":[{"@type":"WebPage","@id":"https:\/\/www.norgeswood.ee\/lv\/limkoka-sijas\/","url":"https:\/\/www.norgeswood.ee\/lv\/limkoka-sijas\/","name":"Liimpuittalad - NorgesWoood - Liimpuit - Laoseis - HInnad","isPartOf":{"@id":"https:\/\/www.norgeswood.ee\/#website"},"primaryImageOfPage":{"@id":"https:\/\/www.norgeswood.ee\/lv\/limkoka-sijas\/#primaryimage"},"image":{"@id":"https:\/\/www.norgeswood.ee\/lv\/limkoka-sijas\/#primaryimage"},"thumbnailUrl":"https:\/\/www.norgeswood.ee\/wp-content\/uploads\/2021\/10\/liimpuit_4.jpg","datePublished":"2021-10-07T12:19:04+00:00","dateModified":"2022-08-12T07:29:17+00:00","description":"Liimpuitu valmistame k\u00f5rgekvaliteedilisest kuusepuidust. Liimpuidu tootmine vastab EN 14080:2013 n\u00f5uetele - Liimpuittalade tootja Eestis","breadcrumb":{"@id":"https:\/\/www.norgeswood.ee\/lv\/limkoka-sijas\/#breadcrumb"},"inLanguage":"lv-LV","potentialAction":[{"@type":"ReadAction","target":["https:\/\/www.norgeswood.ee\/lv\/limkoka-sijas\/"]}]},{"@type":"ImageObject","inLanguage":"lv-LV","@id":"https:\/\/www.norgeswood.ee\/lv\/limkoka-sijas\/#primaryimage","url":"https:\/\/www.norgeswood.ee\/wp-content\/uploads\/2021\/10\/liimpuit_4.jpg","contentUrl":"https:\/\/www.norgeswood.ee\/wp-content\/uploads\/2021\/10\/liimpuit_4.jpg","width":350,"height":189},{"@type":"BreadcrumbList","@id":"https:\/\/www.norgeswood.ee\/lv\/limkoka-sijas\/#breadcrumb","itemListElement":[{"@type":"ListItem","position":1,"name":"Home","item":"https:\/\/www.norgeswood.ee\/lv\/homepage\/"},{"@type":"ListItem","position":2,"name":"L\u012bmkoka sijas"}]},{"@type":"WebSite","@id":"https:\/\/www.norgeswood.ee\/#website","url":"https:\/\/www.norgeswood.ee\/","name":"Wooden Houses - NorgesWood","description":"Wooden Houses","publisher":{"@id":"https:\/\/www.norgeswood.ee\/#organization"},"potentialAction":[{"@type":"SearchAction","target":{"@type":"EntryPoint","urlTemplate":"https:\/\/www.norgeswood.ee\/?s={search_term_string}"},"query-input":{"@type":"PropertyValueSpecification","valueRequired":true,"valueName":"search_term_string"}}],"inLanguage":"lv-LV"},{"@type":"Organization","@id":"https:\/\/www.norgeswood.ee\/#organization","name":"Wooden Houses - NorgesWood","url":"https:\/\/www.norgeswood.ee\/","logo":{"@type":"ImageObject","inLanguage":"lv-LV","@id":"https:\/\/www.norgeswood.ee\/#\/schema\/logo\/image\/","url":"https:\/\/www.norgeswood.ee\/wp-content\/uploads\/2021\/10\/logo_norgeshus.png","contentUrl":"https:\/\/www.norgeswood.ee\/wp-content\/uploads\/2021\/10\/logo_norgeshus.png","width":248,"height":57,"caption":"Wooden Houses - NorgesWood"},"image":{"@id":"https:\/\/www.norgeswood.ee\/#\/schema\/logo\/image\/"}}]}},"_links":{"self":[{"href":"https:\/\/www.norgeswood.ee\/lv\/wp-json\/wp\/v2\/pages\/4628","targetHints":{"allow":["GET"]}}],"collection":[{"href":"https:\/\/www.norgeswood.ee\/lv\/wp-json\/wp\/v2\/pages"}],"about":[{"href":"https:\/\/www.norgeswood.ee\/lv\/wp-json\/wp\/v2\/types\/page"}],"author":[{"embeddable":true,"href":"https:\/\/www.norgeswood.ee\/lv\/wp-json\/wp\/v2\/users\/1"}],"replies":[{"embeddable":true,"href":"https:\/\/www.norgeswood.ee\/lv\/wp-json\/wp\/v2\/comments?post=4628"}],"version-history":[{"count":0,"href":"https:\/\/www.norgeswood.ee\/lv\/wp-json\/wp\/v2\/pages\/4628\/revisions"}],"wp:featuredmedia":[{"embeddable":true,"href":"https:\/\/www.norgeswood.ee\/lv\/wp-json\/wp\/v2\/media\/4441"}],"wp:attachment":[{"href":"https:\/\/www.norgeswood.ee\/lv\/wp-json\/wp\/v2\/media?parent=4628"}],"curies":[{"name":"wp","href":"https:\/\/api.w.org\/{rel}","templated":true}]}}