{"id":4633,"date":"2021-10-08T08:57:22","date_gmt":"2021-10-08T08:57:22","guid":{"rendered":"https:\/\/www.norgeswood.ee\/liimpuittalad-hinnad\/"},"modified":"2022-08-12T10:54:39","modified_gmt":"2022-08-12T08:54:39","slug":"limkoka-cenas","status":"publish","type":"page","link":"https:\/\/www.norgeswood.ee\/lv\/limkoka-cenas\/","title":{"rendered":"L\u012bmkoka cenas"},"content":{"rendered":"<div id='layer_slider_1'  class='avia-layerslider main_color avia-shadow  avia-builder-el-0  el_before_av_one_full  avia-builder-el-first  container_wrap sidebar_right'  style='height: 149px;'  ><\/div><div id='after_layer_slider_1'  class='main_color av_default_container_wrap container_wrap sidebar_right'  ><div class='container av-section-cont-open' ><div class='template-page content  av-content-small alpha units'><div class='post-entry post-entry-type-page post-entry-4633'><div class='entry-content-wrapper clearfix'>\n<div class='flex_column av-29jtcq-27d9e717a9c19173ff2fbb1a156d9a8b av_one_full  avia-builder-el-1  el_after_av_layerslider  avia-builder-el-no-sibling  first flex_column_div '   ><p><section class=\"av_textblock_section \"  itemscope=\"itemscope\" itemtype=\"https:\/\/schema.org\/CreativeWork\" ><div class='avia_textblock  '   itemprop=\"text\" ><p>Cenr\u0101dis \u2013 L\u012bm\u0113t\u0101s sijas noliktav\u0101<\/p>\n<\/div><\/section><br \/>\n<br \/>\n<section class=\"av_textblock_section \"  itemscope=\"itemscope\" itemtype=\"https:\/\/schema.org\/CreativeWork\" ><div class='avia_textblock  '   itemprop=\"text\" ><p>Izpild\u0101m ar\u012b speci\u0101los pas\u016bt\u012bjumus<\/p>\n<\/div><\/section><br \/>\n<section class=\"av_textblock_section \"  itemscope=\"itemscope\" itemtype=\"https:\/\/schema.org\/CreativeWork\" ><div class='avia_textblock  '   itemprop=\"text\" ><p><strong>Vair\u0101k inform\u0101cijas:<\/strong><br \/>\nEmail: <a style=\"color: #666666;\" href=\"mailto:andreas.reineberg@norgeshus.ee\">andreas.reineberg@norgeshus.ee<\/a><br \/>\nTel: <a style=\"color: #666666;\" href=\"tel:+37256821601\">+372 56821601<\/a><\/p>\n<\/div><\/section><\/p><\/div>\n","protected":false},"excerpt":{"rendered":"","protected":false},"author":1,"featured_media":4431,"parent":0,"menu_order":0,"comment_status":"closed","ping_status":"closed","template":"","meta":{"footnotes":""},"class_list":["post-4633","page","type-page","status-publish","has-post-thumbnail","hentry"],"yoast_head":"<!-- This site is optimized with the Yoast SEO plugin v27.0 - https:\/\/yoast.com\/product\/yoast-seo-wordpress\/ -->\n<title>L\u012bmkoka cenas - Wooden Houses - NorgesWood<\/title>\n<meta name=\"description\" content=\"Liimpuittalad hinnad - Liimpuit LAOSEIS - Liimpuittalad NorgesWood - K\u00e4esolevate liimpuittalade ristl\u00f5iked on meie standard valikud\" \/>\n<meta name=\"robots\" content=\"index, follow, max-snippet:-1, max-image-preview:large, max-video-preview:-1\" \/>\n<link rel=\"canonical\" href=\"https:\/\/www.norgeswood.ee\/lv\/limkoka-cenas\/\" \/>\n<meta property=\"og:locale\" content=\"lv_LV\" \/>\n<meta property=\"og:type\" content=\"article\" \/>\n<meta property=\"og:title\" content=\"L\u012bmkoka cenas - Wooden Houses - NorgesWood\" \/>\n<meta property=\"og:description\" content=\"Liimpuittalad hinnad - Liimpuit LAOSEIS - Liimpuittalad NorgesWood - K\u00e4esolevate liimpuittalade ristl\u00f5iked on meie standard valikud\" \/>\n<meta property=\"og:url\" content=\"https:\/\/www.norgeswood.ee\/lv\/limkoka-cenas\/\" \/>\n<meta property=\"og:site_name\" content=\"Wooden Houses - NorgesWood\" \/>\n<meta property=\"article:modified_time\" content=\"2022-08-12T08:54:39+00:00\" \/>\n<meta property=\"og:image\" content=\"https:\/\/www.norgeswood.ee\/wp-content\/uploads\/2021\/10\/liimpuit_hinnad_1.jpg\" \/>\n\t<meta property=\"og:image:width\" content=\"488\" \/>\n\t<meta property=\"og:image:height\" content=\"512\" \/>\n\t<meta property=\"og:image:type\" content=\"image\/jpeg\" \/>\n<meta name=\"twitter:card\" content=\"summary_large_image\" \/>\n<meta name=\"twitter:label1\" content=\"Est. reading time\" \/>\n\t<meta name=\"twitter:data1\" content=\"2 minutes\" \/>\n<script type=\"application\/ld+json\" class=\"yoast-schema-graph\">{\"@context\":\"https:\/\/schema.org\",\"@graph\":[{\"@type\":\"WebPage\",\"@id\":\"https:\/\/www.norgeswood.ee\/lv\/limkoka-cenas\/\",\"url\":\"https:\/\/www.norgeswood.ee\/lv\/limkoka-cenas\/\",\"name\":\"L\u012bmkoka cenas - Wooden Houses - NorgesWood\",\"isPartOf\":{\"@id\":\"https:\/\/www.norgeswood.ee\/#website\"},\"primaryImageOfPage\":{\"@id\":\"https:\/\/www.norgeswood.ee\/lv\/limkoka-cenas\/#primaryimage\"},\"image\":{\"@id\":\"https:\/\/www.norgeswood.ee\/lv\/limkoka-cenas\/#primaryimage\"},\"thumbnailUrl\":\"https:\/\/www.norgeswood.ee\/wp-content\/uploads\/2021\/10\/liimpuit_hinnad_1.jpg\",\"datePublished\":\"2021-10-08T08:57:22+00:00\",\"dateModified\":\"2022-08-12T08:54:39+00:00\",\"description\":\"Liimpuittalad hinnad - Liimpuit LAOSEIS - Liimpuittalad NorgesWood - K\u00e4esolevate liimpuittalade ristl\u00f5iked on meie standard valikud\",\"breadcrumb\":{\"@id\":\"https:\/\/www.norgeswood.ee\/lv\/limkoka-cenas\/#breadcrumb\"},\"inLanguage\":\"lv-LV\",\"potentialAction\":[{\"@type\":\"ReadAction\",\"target\":[\"https:\/\/www.norgeswood.ee\/lv\/limkoka-cenas\/\"]}]},{\"@type\":\"ImageObject\",\"inLanguage\":\"lv-LV\",\"@id\":\"https:\/\/www.norgeswood.ee\/lv\/limkoka-cenas\/#primaryimage\",\"url\":\"https:\/\/www.norgeswood.ee\/wp-content\/uploads\/2021\/10\/liimpuit_hinnad_1.jpg\",\"contentUrl\":\"https:\/\/www.norgeswood.ee\/wp-content\/uploads\/2021\/10\/liimpuit_hinnad_1.jpg\",\"width\":488,\"height\":512},{\"@type\":\"BreadcrumbList\",\"@id\":\"https:\/\/www.norgeswood.ee\/lv\/limkoka-cenas\/#breadcrumb\",\"itemListElement\":[{\"@type\":\"ListItem\",\"position\":1,\"name\":\"Home\",\"item\":\"https:\/\/www.norgeswood.ee\/lv\/homepage\/\"},{\"@type\":\"ListItem\",\"position\":2,\"name\":\"L\u012bmkoka cenas\"}]},{\"@type\":\"WebSite\",\"@id\":\"https:\/\/www.norgeswood.ee\/#website\",\"url\":\"https:\/\/www.norgeswood.ee\/\",\"name\":\"Wooden Houses - NorgesWood\",\"description\":\"Wooden Houses\",\"publisher\":{\"@id\":\"https:\/\/www.norgeswood.ee\/#organization\"},\"potentialAction\":[{\"@type\":\"SearchAction\",\"target\":{\"@type\":\"EntryPoint\",\"urlTemplate\":\"https:\/\/www.norgeswood.ee\/?s={search_term_string}\"},\"query-input\":{\"@type\":\"PropertyValueSpecification\",\"valueRequired\":true,\"valueName\":\"search_term_string\"}}],\"inLanguage\":\"lv-LV\"},{\"@type\":\"Organization\",\"@id\":\"https:\/\/www.norgeswood.ee\/#organization\",\"name\":\"Wooden Houses - NorgesWood\",\"url\":\"https:\/\/www.norgeswood.ee\/\",\"logo\":{\"@type\":\"ImageObject\",\"inLanguage\":\"lv-LV\",\"@id\":\"https:\/\/www.norgeswood.ee\/#\/schema\/logo\/image\/\",\"url\":\"https:\/\/www.norgeswood.ee\/wp-content\/uploads\/2021\/10\/logo_norgeshus.png\",\"contentUrl\":\"https:\/\/www.norgeswood.ee\/wp-content\/uploads\/2021\/10\/logo_norgeshus.png\",\"width\":248,\"height\":57,\"caption\":\"Wooden Houses - NorgesWood\"},\"image\":{\"@id\":\"https:\/\/www.norgeswood.ee\/#\/schema\/logo\/image\/\"}}]}<\/script>\n<!-- \/ Yoast SEO plugin. -->","yoast_head_json":{"title":"L\u012bmkoka cenas - Wooden Houses - NorgesWood","description":"Liimpuittalad hinnad - Liimpuit LAOSEIS - Liimpuittalad NorgesWood - K\u00e4esolevate liimpuittalade ristl\u00f5iked on meie standard valikud","robots":{"index":"index","follow":"follow","max-snippet":"max-snippet:-1","max-image-preview":"max-image-preview:large","max-video-preview":"max-video-preview:-1"},"canonical":"https:\/\/www.norgeswood.ee\/lv\/limkoka-cenas\/","og_locale":"lv_LV","og_type":"article","og_title":"L\u012bmkoka cenas - Wooden Houses - NorgesWood","og_description":"Liimpuittalad hinnad - Liimpuit LAOSEIS - Liimpuittalad NorgesWood - K\u00e4esolevate liimpuittalade ristl\u00f5iked on meie standard valikud","og_url":"https:\/\/www.norgeswood.ee\/lv\/limkoka-cenas\/","og_site_name":"Wooden Houses - NorgesWood","article_modified_time":"2022-08-12T08:54:39+00:00","og_image":[{"width":488,"height":512,"url":"https:\/\/www.norgeswood.ee\/wp-content\/uploads\/2021\/10\/liimpuit_hinnad_1.jpg","type":"image\/jpeg"}],"twitter_card":"summary_large_image","twitter_misc":{"Est. reading time":"2 minutes"},"schema":{"@context":"https:\/\/schema.org","@graph":[{"@type":"WebPage","@id":"https:\/\/www.norgeswood.ee\/lv\/limkoka-cenas\/","url":"https:\/\/www.norgeswood.ee\/lv\/limkoka-cenas\/","name":"L\u012bmkoka cenas - Wooden Houses - NorgesWood","isPartOf":{"@id":"https:\/\/www.norgeswood.ee\/#website"},"primaryImageOfPage":{"@id":"https:\/\/www.norgeswood.ee\/lv\/limkoka-cenas\/#primaryimage"},"image":{"@id":"https:\/\/www.norgeswood.ee\/lv\/limkoka-cenas\/#primaryimage"},"thumbnailUrl":"https:\/\/www.norgeswood.ee\/wp-content\/uploads\/2021\/10\/liimpuit_hinnad_1.jpg","datePublished":"2021-10-08T08:57:22+00:00","dateModified":"2022-08-12T08:54:39+00:00","description":"Liimpuittalad hinnad - Liimpuit LAOSEIS - Liimpuittalad NorgesWood - K\u00e4esolevate liimpuittalade ristl\u00f5iked on meie standard valikud","breadcrumb":{"@id":"https:\/\/www.norgeswood.ee\/lv\/limkoka-cenas\/#breadcrumb"},"inLanguage":"lv-LV","potentialAction":[{"@type":"ReadAction","target":["https:\/\/www.norgeswood.ee\/lv\/limkoka-cenas\/"]}]},{"@type":"ImageObject","inLanguage":"lv-LV","@id":"https:\/\/www.norgeswood.ee\/lv\/limkoka-cenas\/#primaryimage","url":"https:\/\/www.norgeswood.ee\/wp-content\/uploads\/2021\/10\/liimpuit_hinnad_1.jpg","contentUrl":"https:\/\/www.norgeswood.ee\/wp-content\/uploads\/2021\/10\/liimpuit_hinnad_1.jpg","width":488,"height":512},{"@type":"BreadcrumbList","@id":"https:\/\/www.norgeswood.ee\/lv\/limkoka-cenas\/#breadcrumb","itemListElement":[{"@type":"ListItem","position":1,"name":"Home","item":"https:\/\/www.norgeswood.ee\/lv\/homepage\/"},{"@type":"ListItem","position":2,"name":"L\u012bmkoka cenas"}]},{"@type":"WebSite","@id":"https:\/\/www.norgeswood.ee\/#website","url":"https:\/\/www.norgeswood.ee\/","name":"Wooden Houses - NorgesWood","description":"Wooden Houses","publisher":{"@id":"https:\/\/www.norgeswood.ee\/#organization"},"potentialAction":[{"@type":"SearchAction","target":{"@type":"EntryPoint","urlTemplate":"https:\/\/www.norgeswood.ee\/?s={search_term_string}"},"query-input":{"@type":"PropertyValueSpecification","valueRequired":true,"valueName":"search_term_string"}}],"inLanguage":"lv-LV"},{"@type":"Organization","@id":"https:\/\/www.norgeswood.ee\/#organization","name":"Wooden Houses - NorgesWood","url":"https:\/\/www.norgeswood.ee\/","logo":{"@type":"ImageObject","inLanguage":"lv-LV","@id":"https:\/\/www.norgeswood.ee\/#\/schema\/logo\/image\/","url":"https:\/\/www.norgeswood.ee\/wp-content\/uploads\/2021\/10\/logo_norgeshus.png","contentUrl":"https:\/\/www.norgeswood.ee\/wp-content\/uploads\/2021\/10\/logo_norgeshus.png","width":248,"height":57,"caption":"Wooden Houses - NorgesWood"},"image":{"@id":"https:\/\/www.norgeswood.ee\/#\/schema\/logo\/image\/"}}]}},"_links":{"self":[{"href":"https:\/\/www.norgeswood.ee\/lv\/wp-json\/wp\/v2\/pages\/4633","targetHints":{"allow":["GET"]}}],"collection":[{"href":"https:\/\/www.norgeswood.ee\/lv\/wp-json\/wp\/v2\/pages"}],"about":[{"href":"https:\/\/www.norgeswood.ee\/lv\/wp-json\/wp\/v2\/types\/page"}],"author":[{"embeddable":true,"href":"https:\/\/www.norgeswood.ee\/lv\/wp-json\/wp\/v2\/users\/1"}],"replies":[{"embeddable":true,"href":"https:\/\/www.norgeswood.ee\/lv\/wp-json\/wp\/v2\/comments?post=4633"}],"version-history":[{"count":0,"href":"https:\/\/www.norgeswood.ee\/lv\/wp-json\/wp\/v2\/pages\/4633\/revisions"}],"wp:featuredmedia":[{"embeddable":true,"href":"https:\/\/www.norgeswood.ee\/lv\/wp-json\/wp\/v2\/media\/4431"}],"wp:attachment":[{"href":"https:\/\/www.norgeswood.ee\/lv\/wp-json\/wp\/v2\/media?parent=4633"}],"curies":[{"name":"wp","href":"https:\/\/api.w.org\/{rel}","templated":true}]}}