{"id":4634,"date":"2021-10-17T21:40:06","date_gmt":"2021-10-17T19:40:06","guid":{"rendered":"https:\/\/www.norgeswood.ee\/steico-wall-protect\/"},"modified":"2022-02-06T22:45:56","modified_gmt":"2022-02-06T20:45:56","slug":"steico-wall-protect","status":"publish","type":"page","link":"https:\/\/www.norgeswood.ee\/lv\/steico-wall-protect\/","title":{"rendered":"Steico Wall Protect"},"content":{"rendered":"<div id='layer_slider_1'  class='avia-layerslider main_color avia-shadow  avia-builder-el-0  el_before_av_one_full  avia-builder-el-first  container_wrap sidebar_right'  style='height: 149px;'  ><\/div><div id='after_layer_slider_1'  class='main_color av_default_container_wrap container_wrap sidebar_right'  ><div class='container av-section-cont-open' ><div class='template-page content  av-content-small alpha units'><div class='post-entry post-entry-type-page post-entry-4634'><div class='entry-content-wrapper clearfix'>\n<div class='flex_column av-2hjoek-318e3733e0bda2228482a508b91d4d20 av_one_full  avia-builder-el-1  el_after_av_layerslider  avia-builder-el-no-sibling  first flex_column_div '   ><p><section class=\"av_textblock_section \"  itemscope=\"itemscope\" itemtype=\"https:\/\/schema.org\/CreativeWork\" ><div class='avia_textblock  '   itemprop=\"text\" ><p>Noliktavas prece \/ Steico Wall Protect \u2013 40mm<\/p>\n<p>Steico Wall Protect \u2013 40mm \u2013 kok\u0161\u0137iedru pl\u0101ksne, siltin\u0101juma pl\u0101ksne \u2013 Noliktav\u0101: 168 palikt\u0146i<\/p>\n<\/div><\/section><br \/>\n\n<style type=\"text\/css\" data-created_by=\"avia_inline_auto\" id=\"style-css-av-kuvno4w3-5690d00ad27b551d2f0a08e66e8f2617\">\n.avia-image-container.av-kuvno4w3-5690d00ad27b551d2f0a08e66e8f2617 .av-image-caption-overlay-center{\ncolor:#ffffff;\n}\n<\/style>\n<div  class='avia-image-container av-kuvno4w3-5690d00ad27b551d2f0a08e66e8f2617 av-styling- avia-align-left  avia-builder-el-3  el_after_av_textblock  el_before_av_hr  '  itemprop=\"image\" itemscope=\"itemscope\" itemtype=\"https:\/\/schema.org\/ImageObject\" ><div class=\"avia-image-container-inner\"><div class=\"avia-image-overlay-wrap\"><img decoding=\"async\" class='wp-image-4521 avia-img-lazy-loading-not-4521 avia_image' src=\"https:\/\/www.norgeswood.ee\/wp-content\/uploads\/2021\/10\/steico_wall_protect_1-300x163.jpg\" alt='' title='norgeswood_liimpuittalad_steico wall protect'  height=\"163\" width=\"300\"  itemprop=\"thumbnailUrl\" srcset=\"https:\/\/www.norgeswood.ee\/wp-content\/uploads\/2021\/10\/steico_wall_protect_1-300x163.jpg 300w, https:\/\/www.norgeswood.ee\/wp-content\/uploads\/2021\/10\/steico_wall_protect_1.jpg 415w\" sizes=\"(max-width: 300px) 100vw, 300px\" \/><\/div><\/div><\/div><br \/>\n\n<style type=\"text\/css\" data-created_by=\"avia_inline_auto\" id=\"style-css-av-kuvp942l-a4d9b02f7625629f31a0dedd67a3f96a\">\n#top .hr.hr-invisible.av-kuvp942l-a4d9b02f7625629f31a0dedd67a3f96a{\nheight:5px;\n}\n<\/style>\n<div  class='hr av-kuvp942l-a4d9b02f7625629f31a0dedd67a3f96a hr-invisible  avia-builder-el-4  el_after_av_image  el_before_av_textblock  '><span class='hr-inner '><span class=\"hr-inner-style\"><\/span><\/span><\/div><br \/>\n<section class=\"av_textblock_section \"  itemscope=\"itemscope\" itemtype=\"https:\/\/schema.org\/CreativeWork\" ><div class='avia_textblock  '   itemprop=\"text\" ><p>Tilpuma svars 265 kg\/m3 (tips H) un apm\u0113ram 230 kg\/m3 (tips M).<br \/>\nStabila apmetuma pl\u0101ksne. Stiprin\u0101ma tie\u0161i pie karkasa. Apmetama.<\/p>\n<\/div><\/section><br \/>\n<section class=\"av_textblock_section \"  itemscope=\"itemscope\" itemtype=\"https:\/\/schema.org\/CreativeWork\" ><div class='avia_textblock  '   itemprop=\"text\" ><p>Pl\u0101ksnes izm\u0113ri 1325 x 600 mm \/ pl\u0101ksnes biezums <strong style=\"color: #444444;\">40 mm<\/strong><\/p>\n<p><strong style=\"color: #444444;\">Uz palikt\u0146a 44,52 m\u00b2<\/strong> \/ <strong style=\"color: #444444;\">Uz palikt\u0146a 56 gab<\/strong><\/p>\n<p>Palikt\u0146a svars: 478 kg \u2013 Palikt\u0146a izm\u0113ri 1325 x 1200 mm<\/p>\n<p><strong style=\"color: #444444;\">Palikt\u0146a cena: 1000.-\u20ac + km<\/strong> \/ <strong style=\"color: #444444;\">Noliktav\u0101: 168 palikt\u0146i<\/strong><\/p>\n<\/div><\/section><br \/>\n<section class=\"av_textblock_section \"  itemscope=\"itemscope\" itemtype=\"https:\/\/schema.org\/CreativeWork\" ><div class='avia_textblock  '   itemprop=\"text\" ><p>Kok\u0161\u0137iedras v\u0113ju aizturo\u0161a pl\u0101ksne sienu un jumtu siltin\u0101\u0161anai. Atbilst normat\u012bviem EN 13171 un EN 13986.<\/p>\n<p>Pie Steico pre\u010du z\u012bmes pieder pl\u0101k\u0161\u0146u materi\u0101li no koka \u0161\u0137iedras, siltin\u0101juma materi\u0101li no koka un<br \/>\nka\u0146ep\u0113m, neso\u0161\u0101s konstrukcijas jumtiem, griestiem un sien\u0101m. V\u0101cu firma Steico AG<br \/>\nir viena no pirmaj\u0101m, kas uzs\u0101ka siltin\u0101\u0161anas materi\u0101lu ra\u017eo\u0161anu no koka.<\/p>\n<p>Izstr\u0101d\u0101jumi atbilst EN 13171, EN 13986, EN 622-4 pras\u012bb\u0101m.<\/p>\n<\/div><\/section><br \/>\n\n<style type=\"text\/css\" data-created_by=\"avia_inline_auto\" id=\"style-css-av-kuvo5op0-fffea7b7333a153e70ac2cd8b7ee89d4\">\n.avia-image-container.av-kuvo5op0-fffea7b7333a153e70ac2cd8b7ee89d4 .av-image-caption-overlay-center{\ncolor:#ffffff;\n}\n<\/style>\n<div  class='avia-image-container av-kuvo5op0-fffea7b7333a153e70ac2cd8b7ee89d4 av-styling- avia-align-left  avia-builder-el-8  el_after_av_textblock  el_before_av_hr  '  itemprop=\"image\" itemscope=\"itemscope\" itemtype=\"https:\/\/schema.org\/ImageObject\" ><div class=\"avia-image-container-inner\"><div class=\"avia-image-overlay-wrap\"><img decoding=\"async\" class='wp-image-4526 avia-img-lazy-loading-not-4526 avia_image' src=\"https:\/\/www.norgeswood.ee\/wp-content\/uploads\/2021\/10\/steico_wall_protect_2.jpg\" alt='' title='steico_wall_protect_2'  height=\"385\" width=\"460\"  itemprop=\"thumbnailUrl\" srcset=\"https:\/\/www.norgeswood.ee\/wp-content\/uploads\/2021\/10\/steico_wall_protect_2.jpg 460w, https:\/\/www.norgeswood.ee\/wp-content\/uploads\/2021\/10\/steico_wall_protect_2-300x251.jpg 300w\" sizes=\"(max-width: 460px) 100vw, 460px\" \/><\/div><\/div><\/div><br \/>\n\n<style type=\"text\/css\" data-created_by=\"avia_inline_auto\" id=\"style-css-av-kuvohs28-7aa44a63f04fccb047365202674fc747\">\n#top .hr.hr-invisible.av-kuvohs28-7aa44a63f04fccb047365202674fc747{\nheight:10px;\n}\n<\/style>\n<div  class='hr av-kuvohs28-7aa44a63f04fccb047365202674fc747 hr-invisible  avia-builder-el-9  el_after_av_image  el_before_av_textblock  '><span class='hr-inner '><span class=\"hr-inner-style\"><\/span><\/span><\/div><br \/>\n<section class=\"av_textblock_section \"  itemscope=\"itemscope\" itemtype=\"https:\/\/schema.org\/CreativeWork\" ><div class='avia_textblock  '   itemprop=\"text\" ><p>Univers\u0101la stingra siltin\u0101juma pl\u0101tne. Piem\u0113rota koka m\u0101ju siltin\u0101\u0161anai (\u0101rsien\u0101m un jumtam); Uzliekama uz<br \/>\njumta neso\u0161\u0101s konstrukcijas vai karkasa; pl\u0101ksne tr\u012bs vien\u0101 \u2013 siltin\u0101juma materi\u0101ls, aizsarg\u0101 pret v\u0113ju<br \/>\nun citiem laikapst\u0101k\u013ciem; var uzst\u0101d\u012bt t\u016bl\u012bt bez papildu nostiprin\u0101juma \u2013 siltumvad\u012btsp\u0113ja 0,048<\/p>\n<ul>\n<li>Siltin\u0101juma pl\u0101tne koka m\u0101ju siltin\u0101\u0161anai (\u0101rsienas un jumti)<\/li>\n<li>Uzliekama uz jumta neso\u0161\u0101s konstrukcijas vai karkasa<\/li>\n<li>Pl\u0101ksne tr\u012bs vien\u0101 \u2013 siltin\u0101juma materi\u0101ls, aizsarg\u0101 pret v\u0113ju un citiem laikapst\u0101k\u013ciem<\/li>\n<li>Var uzst\u0101d\u012bt t\u016bl\u012bt bez papildu nostiprin\u0101juma<\/li>\n<li>Siltumvad\u012btsp\u0113ja 0,048 [W\/(m*K)]<\/li>\n<li>Siltumietilp\u012bba c 2100 [J\/(kg*K)]<\/li>\n<li>Bl\u012bvums 270 kg\/m3<\/li>\n<li>Pieejamie biezumi (mm) 22 \/ 24 \/ 35 \/ 52 \/ 60<\/li>\n<li>Samazina aukstuma tiltus konstrukcij\u0101s<\/li>\n<li>Samazina konstrukcijas ska\u0146as caurlaid\u012bbu<\/li>\n<li>Laba \u016bdensnotur\u012bba jumtiem bez papildu seguma, ar sl\u012bpumu, kas liel\u0101ks par 18 gr\u0101diem<\/li>\n<li>Ekolo\u0123iska un videi draudz\u012bga produkta sertifik\u0101ts<\/li>\n<li>Atk\u0101rtoti izmantojams<\/li>\n<\/ul>\n<\/div><\/section><br \/>\n<section class=\"av_textblock_section \"  itemscope=\"itemscope\" itemtype=\"https:\/\/schema.org\/CreativeWork\" ><div class='avia_textblock  '   itemprop=\"text\" ><p><strong>Pas\u016bt\u012b\u0161ana:<\/strong><br \/>\nEmail: <a style=\"color: #666666;\" href=\"mailto:info@norgeshus.ee\">info@norgeshus.ee<\/a><br \/>\nTel: <a style=\"color: #666666;\" href=\"tel:+37256821601\">+372 56821601<\/a><\/p>\n<\/div><\/section><\/p><\/div>\n","protected":false},"excerpt":{"rendered":"","protected":false},"author":1,"featured_media":4521,"parent":0,"menu_order":0,"comment_status":"closed","ping_status":"closed","template":"","meta":{"footnotes":""},"class_list":["post-4634","page","type-page","status-publish","has-post-thumbnail","hentry"],"yoast_head":"<!-- This site is optimized with the Yoast SEO plugin v27.0 - https:\/\/yoast.com\/product\/yoast-seo-wordpress\/ -->\n<title>Steico Wall Protect - Wooden Houses - NorgesWood<\/title>\n<meta name=\"description\" content=\"Laokaup \/ Steico Wall Protect - 40mmSteico Wall Protect \u2013 40mm - Puitkiudplaat, soojustusplaat \u2013 Laoseis: 168 alust\" \/>\n<meta name=\"robots\" content=\"index, follow, max-snippet:-1, max-image-preview:large, max-video-preview:-1\" \/>\n<link rel=\"canonical\" href=\"https:\/\/www.norgeswood.ee\/lv\/steico-wall-protect\/\" \/>\n<meta property=\"og:locale\" content=\"lv_LV\" \/>\n<meta property=\"og:type\" content=\"article\" \/>\n<meta property=\"og:title\" content=\"Steico Wall Protect - Wooden Houses - NorgesWood\" \/>\n<meta property=\"og:description\" content=\"Laokaup \/ Steico Wall Protect - 40mmSteico Wall Protect \u2013 40mm - Puitkiudplaat, soojustusplaat \u2013 Laoseis: 168 alust\" \/>\n<meta property=\"og:url\" content=\"https:\/\/www.norgeswood.ee\/lv\/steico-wall-protect\/\" \/>\n<meta property=\"og:site_name\" content=\"Wooden Houses - NorgesWood\" \/>\n<meta property=\"article:modified_time\" content=\"2022-02-06T20:45:56+00:00\" \/>\n<meta property=\"og:image\" content=\"https:\/\/www.norgeswood.ee\/wp-content\/uploads\/2021\/10\/steico_wall_protect_1.jpg\" \/>\n\t<meta property=\"og:image:width\" content=\"415\" \/>\n\t<meta property=\"og:image:height\" content=\"226\" \/>\n\t<meta property=\"og:image:type\" content=\"image\/jpeg\" \/>\n<meta name=\"twitter:card\" content=\"summary_large_image\" \/>\n<meta name=\"twitter:label1\" content=\"Est. reading time\" \/>\n\t<meta name=\"twitter:data1\" content=\"6 minutes\" \/>\n<script type=\"application\/ld+json\" class=\"yoast-schema-graph\">{\"@context\":\"https:\/\/schema.org\",\"@graph\":[{\"@type\":\"WebPage\",\"@id\":\"https:\/\/www.norgeswood.ee\/lv\/steico-wall-protect\/\",\"url\":\"https:\/\/www.norgeswood.ee\/lv\/steico-wall-protect\/\",\"name\":\"Steico Wall Protect - Wooden Houses - NorgesWood\",\"isPartOf\":{\"@id\":\"https:\/\/www.norgeswood.ee\/#website\"},\"primaryImageOfPage\":{\"@id\":\"https:\/\/www.norgeswood.ee\/lv\/steico-wall-protect\/#primaryimage\"},\"image\":{\"@id\":\"https:\/\/www.norgeswood.ee\/lv\/steico-wall-protect\/#primaryimage\"},\"thumbnailUrl\":\"https:\/\/www.norgeswood.ee\/wp-content\/uploads\/2021\/10\/steico_wall_protect_1.jpg\",\"datePublished\":\"2021-10-17T19:40:06+00:00\",\"dateModified\":\"2022-02-06T20:45:56+00:00\",\"description\":\"Laokaup \/ Steico Wall Protect - 40mmSteico Wall Protect \u2013 40mm - Puitkiudplaat, soojustusplaat \u2013 Laoseis: 168 alust\",\"breadcrumb\":{\"@id\":\"https:\/\/www.norgeswood.ee\/lv\/steico-wall-protect\/#breadcrumb\"},\"inLanguage\":\"lv-LV\",\"potentialAction\":[{\"@type\":\"ReadAction\",\"target\":[\"https:\/\/www.norgeswood.ee\/lv\/steico-wall-protect\/\"]}]},{\"@type\":\"ImageObject\",\"inLanguage\":\"lv-LV\",\"@id\":\"https:\/\/www.norgeswood.ee\/lv\/steico-wall-protect\/#primaryimage\",\"url\":\"https:\/\/www.norgeswood.ee\/wp-content\/uploads\/2021\/10\/steico_wall_protect_1.jpg\",\"contentUrl\":\"https:\/\/www.norgeswood.ee\/wp-content\/uploads\/2021\/10\/steico_wall_protect_1.jpg\",\"width\":415,\"height\":226},{\"@type\":\"BreadcrumbList\",\"@id\":\"https:\/\/www.norgeswood.ee\/lv\/steico-wall-protect\/#breadcrumb\",\"itemListElement\":[{\"@type\":\"ListItem\",\"position\":1,\"name\":\"Home\",\"item\":\"https:\/\/www.norgeswood.ee\/lv\/homepage\/\"},{\"@type\":\"ListItem\",\"position\":2,\"name\":\"Steico Wall Protect\"}]},{\"@type\":\"WebSite\",\"@id\":\"https:\/\/www.norgeswood.ee\/#website\",\"url\":\"https:\/\/www.norgeswood.ee\/\",\"name\":\"Wooden Houses - NorgesWood\",\"description\":\"Wooden Houses\",\"publisher\":{\"@id\":\"https:\/\/www.norgeswood.ee\/#organization\"},\"potentialAction\":[{\"@type\":\"SearchAction\",\"target\":{\"@type\":\"EntryPoint\",\"urlTemplate\":\"https:\/\/www.norgeswood.ee\/?s={search_term_string}\"},\"query-input\":{\"@type\":\"PropertyValueSpecification\",\"valueRequired\":true,\"valueName\":\"search_term_string\"}}],\"inLanguage\":\"lv-LV\"},{\"@type\":\"Organization\",\"@id\":\"https:\/\/www.norgeswood.ee\/#organization\",\"name\":\"Wooden Houses - NorgesWood\",\"url\":\"https:\/\/www.norgeswood.ee\/\",\"logo\":{\"@type\":\"ImageObject\",\"inLanguage\":\"lv-LV\",\"@id\":\"https:\/\/www.norgeswood.ee\/#\/schema\/logo\/image\/\",\"url\":\"https:\/\/www.norgeswood.ee\/wp-content\/uploads\/2021\/10\/logo_norgeshus.png\",\"contentUrl\":\"https:\/\/www.norgeswood.ee\/wp-content\/uploads\/2021\/10\/logo_norgeshus.png\",\"width\":248,\"height\":57,\"caption\":\"Wooden Houses - NorgesWood\"},\"image\":{\"@id\":\"https:\/\/www.norgeswood.ee\/#\/schema\/logo\/image\/\"}}]}<\/script>\n<!-- \/ Yoast SEO plugin. -->","yoast_head_json":{"title":"Steico Wall Protect - Wooden Houses - NorgesWood","description":"Laokaup \/ Steico Wall Protect - 40mmSteico Wall Protect \u2013 40mm - Puitkiudplaat, soojustusplaat \u2013 Laoseis: 168 alust","robots":{"index":"index","follow":"follow","max-snippet":"max-snippet:-1","max-image-preview":"max-image-preview:large","max-video-preview":"max-video-preview:-1"},"canonical":"https:\/\/www.norgeswood.ee\/lv\/steico-wall-protect\/","og_locale":"lv_LV","og_type":"article","og_title":"Steico Wall Protect - Wooden Houses - NorgesWood","og_description":"Laokaup \/ Steico Wall Protect - 40mmSteico Wall Protect \u2013 40mm - Puitkiudplaat, soojustusplaat \u2013 Laoseis: 168 alust","og_url":"https:\/\/www.norgeswood.ee\/lv\/steico-wall-protect\/","og_site_name":"Wooden Houses - NorgesWood","article_modified_time":"2022-02-06T20:45:56+00:00","og_image":[{"width":415,"height":226,"url":"https:\/\/www.norgeswood.ee\/wp-content\/uploads\/2021\/10\/steico_wall_protect_1.jpg","type":"image\/jpeg"}],"twitter_card":"summary_large_image","twitter_misc":{"Est. reading time":"6 minutes"},"schema":{"@context":"https:\/\/schema.org","@graph":[{"@type":"WebPage","@id":"https:\/\/www.norgeswood.ee\/lv\/steico-wall-protect\/","url":"https:\/\/www.norgeswood.ee\/lv\/steico-wall-protect\/","name":"Steico Wall Protect - Wooden Houses - NorgesWood","isPartOf":{"@id":"https:\/\/www.norgeswood.ee\/#website"},"primaryImageOfPage":{"@id":"https:\/\/www.norgeswood.ee\/lv\/steico-wall-protect\/#primaryimage"},"image":{"@id":"https:\/\/www.norgeswood.ee\/lv\/steico-wall-protect\/#primaryimage"},"thumbnailUrl":"https:\/\/www.norgeswood.ee\/wp-content\/uploads\/2021\/10\/steico_wall_protect_1.jpg","datePublished":"2021-10-17T19:40:06+00:00","dateModified":"2022-02-06T20:45:56+00:00","description":"Laokaup \/ Steico Wall Protect - 40mmSteico Wall Protect \u2013 40mm - Puitkiudplaat, soojustusplaat \u2013 Laoseis: 168 alust","breadcrumb":{"@id":"https:\/\/www.norgeswood.ee\/lv\/steico-wall-protect\/#breadcrumb"},"inLanguage":"lv-LV","potentialAction":[{"@type":"ReadAction","target":["https:\/\/www.norgeswood.ee\/lv\/steico-wall-protect\/"]}]},{"@type":"ImageObject","inLanguage":"lv-LV","@id":"https:\/\/www.norgeswood.ee\/lv\/steico-wall-protect\/#primaryimage","url":"https:\/\/www.norgeswood.ee\/wp-content\/uploads\/2021\/10\/steico_wall_protect_1.jpg","contentUrl":"https:\/\/www.norgeswood.ee\/wp-content\/uploads\/2021\/10\/steico_wall_protect_1.jpg","width":415,"height":226},{"@type":"BreadcrumbList","@id":"https:\/\/www.norgeswood.ee\/lv\/steico-wall-protect\/#breadcrumb","itemListElement":[{"@type":"ListItem","position":1,"name":"Home","item":"https:\/\/www.norgeswood.ee\/lv\/homepage\/"},{"@type":"ListItem","position":2,"name":"Steico Wall Protect"}]},{"@type":"WebSite","@id":"https:\/\/www.norgeswood.ee\/#website","url":"https:\/\/www.norgeswood.ee\/","name":"Wooden Houses - NorgesWood","description":"Wooden Houses","publisher":{"@id":"https:\/\/www.norgeswood.ee\/#organization"},"potentialAction":[{"@type":"SearchAction","target":{"@type":"EntryPoint","urlTemplate":"https:\/\/www.norgeswood.ee\/?s={search_term_string}"},"query-input":{"@type":"PropertyValueSpecification","valueRequired":true,"valueName":"search_term_string"}}],"inLanguage":"lv-LV"},{"@type":"Organization","@id":"https:\/\/www.norgeswood.ee\/#organization","name":"Wooden Houses - NorgesWood","url":"https:\/\/www.norgeswood.ee\/","logo":{"@type":"ImageObject","inLanguage":"lv-LV","@id":"https:\/\/www.norgeswood.ee\/#\/schema\/logo\/image\/","url":"https:\/\/www.norgeswood.ee\/wp-content\/uploads\/2021\/10\/logo_norgeshus.png","contentUrl":"https:\/\/www.norgeswood.ee\/wp-content\/uploads\/2021\/10\/logo_norgeshus.png","width":248,"height":57,"caption":"Wooden Houses - NorgesWood"},"image":{"@id":"https:\/\/www.norgeswood.ee\/#\/schema\/logo\/image\/"}}]}},"_links":{"self":[{"href":"https:\/\/www.norgeswood.ee\/lv\/wp-json\/wp\/v2\/pages\/4634","targetHints":{"allow":["GET"]}}],"collection":[{"href":"https:\/\/www.norgeswood.ee\/lv\/wp-json\/wp\/v2\/pages"}],"about":[{"href":"https:\/\/www.norgeswood.ee\/lv\/wp-json\/wp\/v2\/types\/page"}],"author":[{"embeddable":true,"href":"https:\/\/www.norgeswood.ee\/lv\/wp-json\/wp\/v2\/users\/1"}],"replies":[{"embeddable":true,"href":"https:\/\/www.norgeswood.ee\/lv\/wp-json\/wp\/v2\/comments?post=4634"}],"version-history":[{"count":0,"href":"https:\/\/www.norgeswood.ee\/lv\/wp-json\/wp\/v2\/pages\/4634\/revisions"}],"wp:featuredmedia":[{"embeddable":true,"href":"https:\/\/www.norgeswood.ee\/lv\/wp-json\/wp\/v2\/media\/4521"}],"wp:attachment":[{"href":"https:\/\/www.norgeswood.ee\/lv\/wp-json\/wp\/v2\/media?parent=4634"}],"curies":[{"name":"wp","href":"https:\/\/api.w.org\/{rel}","templated":true}]}}