{"id":4635,"date":"2021-10-17T17:43:22","date_gmt":"2021-10-17T15:43:22","guid":{"rendered":"https:\/\/www.norgeswood.ee\/kontakt\/"},"modified":"2025-01-09T11:03:05","modified_gmt":"2025-01-09T09:03:05","slug":"kontakti","status":"publish","type":"page","link":"https:\/\/www.norgeswood.ee\/lv\/kontakti\/","title":{"rendered":"Kontakti"},"content":{"rendered":"<div id='layer_slider_1'  class='avia-layerslider main_color avia-shadow  avia-builder-el-0  el_before_av_one_full  avia-builder-el-first  container_wrap sidebar_right'  style='height: 149px;'  ><\/div><div id='after_layer_slider_1'  class='main_color av_default_container_wrap container_wrap sidebar_right'  ><div class='container av-section-cont-open' ><div class='template-page content  av-content-small alpha units'><div class='post-entry post-entry-type-page post-entry-4635'><div class='entry-content-wrapper clearfix'>\n<div class='flex_column av-3aj9ti-669429bfa91290bbf1a3d3eadbea886b av_one_full  avia-builder-el-1  el_after_av_layerslider  avia-builder-el-no-sibling  first flex_column_div '   ><p><section class=\"av_textblock_section \"  itemscope=\"itemscope\" itemtype=\"https:\/\/schema.org\/CreativeWork\" ><div class='avia_textblock  '   itemprop=\"text\" ><p><a href=\"https:\/\/www.norgeswood.ee\/lv\/limkoka-sijas\/\">L\u012bmkoka sijas<\/a> \u2013 uz\u0146\u0113mums Norges Wood, kur\u0161 atrodas Igaunij\u0101, ir specializ\u0113jies l\u012bmkoka siju ra\u017eo\u0161an\u0101.<\/p>\n<p>Gan ra\u017eo\u0161ana, gan birojs atrodas Arukilas ciem\u0101.\u0160obr\u012bd m\u016bsu firm\u0101 str\u0101d\u0101 12 darbinieki,<br \/>\nkas nodarbojas p\u0101rdo\u0161anu, ra\u017eo\u0161anu un tehniskajiem z\u012bm\u0113jumiem.<\/p>\n<p>L\u012bmkoka neso\u0161o konstrukciju projekt\u0113\u0161an\u0101 tiek izmantota m\u016bsdien\u012bga projekt\u0113\u0161anas programma<br \/>\nDietrich\u2019s 3D CAD \/ CAM, ar kuras pal\u012bdz\u012bbu iesp\u0113jams izveidot sare\u017e\u0123\u012btas jumta konstrukcijas<\/p>\n<\/div><\/section><br \/>\n\n<style type=\"text\/css\" data-created_by=\"avia_inline_auto\" id=\"style-css-av-kuvutm3z-09bbbc4b1d5fa6e6b9ee8fce46d98ecf\">\n.avia-image-container.av-kuvutm3z-09bbbc4b1d5fa6e6b9ee8fce46d98ecf .av-image-caption-overlay-center{\ncolor:#ffffff;\n}\n<\/style>\n<div  class='avia-image-container av-kuvutm3z-09bbbc4b1d5fa6e6b9ee8fce46d98ecf av-styling- avia-align-left  avia-builder-el-3  el_after_av_textblock  el_before_av_hr  '  itemprop=\"image\" itemscope=\"itemscope\" itemtype=\"https:\/\/schema.org\/ImageObject\" ><div class=\"avia-image-container-inner\"><div class=\"avia-image-overlay-wrap\"><img decoding=\"async\" class='wp-image-4541 avia-img-lazy-loading-not-4541 avia_image' src=\"https:\/\/www.norgeswood.ee\/wp-content\/uploads\/2021\/10\/kontakt_1.jpg\" alt='' title='norgeswood_liimpuittalad_kontakt'  height=\"375\" width=\"570\"  itemprop=\"thumbnailUrl\" srcset=\"https:\/\/www.norgeswood.ee\/wp-content\/uploads\/2021\/10\/kontakt_1.jpg 570w, https:\/\/www.norgeswood.ee\/wp-content\/uploads\/2021\/10\/kontakt_1-300x197.jpg 300w\" sizes=\"(max-width: 570px) 100vw, 570px\" \/><\/div><\/div><\/div><br \/>\n\n<style type=\"text\/css\" data-created_by=\"avia_inline_auto\" id=\"style-css-av-kuvuyri5-c4b3218a0cee3a15973af9b0a4eba485\">\n#top .hr.hr-invisible.av-kuvuyri5-c4b3218a0cee3a15973af9b0a4eba485{\nheight:10px;\n}\n<\/style>\n<div  class='hr av-kuvuyri5-c4b3218a0cee3a15973af9b0a4eba485 hr-invisible  avia-builder-el-4  el_after_av_image  el_before_av_textblock  '><span class='hr-inner '><span class=\"hr-inner-style\"><\/span><\/span><\/div><br \/>\n<section class=\"av_textblock_section \"  itemscope=\"itemscope\" itemtype=\"https:\/\/schema.org\/CreativeWork\" ><div class='avia_textblock  '   itemprop=\"text\" ><p>L\u012bmkoku gatavojam no augsti kvalitat\u012bva egles koka.<br \/>\nL\u012bmkoka ra\u017eo\u0161ana notiek atbilsto\u0161i EN 14080:2013<\/p>\n<\/div><\/section><br \/>\n<section class=\"av_textblock_section \"  itemscope=\"itemscope\" itemtype=\"https:\/\/schema.org\/CreativeWork\" ><div class='avia_textblock  '   itemprop=\"text\" ><p><strong>Kontakti:<\/strong><br \/>\nEmail: <a style=\"color: #666666;\" href=\"mailto:info@norgeshus.ee\">info@norgeshus.ee<\/a><br \/>\nTel: <a style=\"color: #666666;\" href=\"tel:+37256821601\">+372 56821601<\/a><br \/>\nLao, Kalesi k\u00fcla Raasiku vald Harjumaa 75207 Eesti<\/p>\n<\/div><\/section><\/p><\/div>\n","protected":false},"excerpt":{"rendered":"","protected":false},"author":1,"featured_media":4541,"parent":0,"menu_order":0,"comment_status":"closed","ping_status":"closed","template":"","meta":{"footnotes":""},"class_list":["post-4635","page","type-page","status-publish","has-post-thumbnail","hentry"],"yoast_head":"<!-- This site is optimized with the Yoast SEO plugin v27.0 - https:\/\/yoast.com\/product\/yoast-seo-wordpress\/ -->\n<title>Kontakti - Wooden Houses - NorgesWood<\/title>\n<meta name=\"robots\" content=\"index, follow, max-snippet:-1, max-image-preview:large, max-video-preview:-1\" \/>\n<link rel=\"canonical\" href=\"https:\/\/www.norgeswood.ee\/lv\/kontakti\/\" \/>\n<meta property=\"og:locale\" content=\"lv_LV\" \/>\n<meta property=\"og:type\" content=\"article\" \/>\n<meta property=\"og:title\" content=\"Kontakti - Wooden Houses - NorgesWood\" \/>\n<meta property=\"og:url\" content=\"https:\/\/www.norgeswood.ee\/lv\/kontakti\/\" \/>\n<meta property=\"og:site_name\" content=\"Wooden Houses - NorgesWood\" \/>\n<meta property=\"article:modified_time\" content=\"2025-01-09T09:03:05+00:00\" \/>\n<meta property=\"og:image\" content=\"https:\/\/www.norgeswood.ee\/wp-content\/uploads\/2021\/10\/kontakt_1.jpg\" \/>\n\t<meta property=\"og:image:width\" content=\"570\" \/>\n\t<meta property=\"og:image:height\" content=\"375\" \/>\n\t<meta property=\"og:image:type\" content=\"image\/jpeg\" \/>\n<meta name=\"twitter:card\" content=\"summary_large_image\" \/>\n<meta name=\"twitter:label1\" content=\"Est. reading time\" \/>\n\t<meta name=\"twitter:data1\" content=\"3 minutes\" \/>\n<script type=\"application\/ld+json\" class=\"yoast-schema-graph\">{\"@context\":\"https:\/\/schema.org\",\"@graph\":[{\"@type\":\"WebPage\",\"@id\":\"https:\/\/www.norgeswood.ee\/lv\/kontakti\/\",\"url\":\"https:\/\/www.norgeswood.ee\/lv\/kontakti\/\",\"name\":\"Kontakti - Wooden Houses - NorgesWood\",\"isPartOf\":{\"@id\":\"https:\/\/www.norgeswood.ee\/#website\"},\"primaryImageOfPage\":{\"@id\":\"https:\/\/www.norgeswood.ee\/lv\/kontakti\/#primaryimage\"},\"image\":{\"@id\":\"https:\/\/www.norgeswood.ee\/lv\/kontakti\/#primaryimage\"},\"thumbnailUrl\":\"https:\/\/www.norgeswood.ee\/wp-content\/uploads\/2021\/10\/kontakt_1.jpg\",\"datePublished\":\"2021-10-17T15:43:22+00:00\",\"dateModified\":\"2025-01-09T09:03:05+00:00\",\"breadcrumb\":{\"@id\":\"https:\/\/www.norgeswood.ee\/lv\/kontakti\/#breadcrumb\"},\"inLanguage\":\"lv-LV\",\"potentialAction\":[{\"@type\":\"ReadAction\",\"target\":[\"https:\/\/www.norgeswood.ee\/lv\/kontakti\/\"]}]},{\"@type\":\"ImageObject\",\"inLanguage\":\"lv-LV\",\"@id\":\"https:\/\/www.norgeswood.ee\/lv\/kontakti\/#primaryimage\",\"url\":\"https:\/\/www.norgeswood.ee\/wp-content\/uploads\/2021\/10\/kontakt_1.jpg\",\"contentUrl\":\"https:\/\/www.norgeswood.ee\/wp-content\/uploads\/2021\/10\/kontakt_1.jpg\",\"width\":570,\"height\":375},{\"@type\":\"BreadcrumbList\",\"@id\":\"https:\/\/www.norgeswood.ee\/lv\/kontakti\/#breadcrumb\",\"itemListElement\":[{\"@type\":\"ListItem\",\"position\":1,\"name\":\"Home\",\"item\":\"https:\/\/www.norgeswood.ee\/lv\/homepage\/\"},{\"@type\":\"ListItem\",\"position\":2,\"name\":\"Kontakti\"}]},{\"@type\":\"WebSite\",\"@id\":\"https:\/\/www.norgeswood.ee\/#website\",\"url\":\"https:\/\/www.norgeswood.ee\/\",\"name\":\"Wooden Houses - NorgesWood\",\"description\":\"Wooden Houses\",\"publisher\":{\"@id\":\"https:\/\/www.norgeswood.ee\/#organization\"},\"potentialAction\":[{\"@type\":\"SearchAction\",\"target\":{\"@type\":\"EntryPoint\",\"urlTemplate\":\"https:\/\/www.norgeswood.ee\/?s={search_term_string}\"},\"query-input\":{\"@type\":\"PropertyValueSpecification\",\"valueRequired\":true,\"valueName\":\"search_term_string\"}}],\"inLanguage\":\"lv-LV\"},{\"@type\":\"Organization\",\"@id\":\"https:\/\/www.norgeswood.ee\/#organization\",\"name\":\"Wooden Houses - NorgesWood\",\"url\":\"https:\/\/www.norgeswood.ee\/\",\"logo\":{\"@type\":\"ImageObject\",\"inLanguage\":\"lv-LV\",\"@id\":\"https:\/\/www.norgeswood.ee\/#\/schema\/logo\/image\/\",\"url\":\"https:\/\/www.norgeswood.ee\/wp-content\/uploads\/2021\/10\/logo_norgeshus.png\",\"contentUrl\":\"https:\/\/www.norgeswood.ee\/wp-content\/uploads\/2021\/10\/logo_norgeshus.png\",\"width\":248,\"height\":57,\"caption\":\"Wooden Houses - NorgesWood\"},\"image\":{\"@id\":\"https:\/\/www.norgeswood.ee\/#\/schema\/logo\/image\/\"}}]}<\/script>\n<!-- \/ Yoast SEO plugin. -->","yoast_head_json":{"title":"Kontakti - Wooden Houses - NorgesWood","robots":{"index":"index","follow":"follow","max-snippet":"max-snippet:-1","max-image-preview":"max-image-preview:large","max-video-preview":"max-video-preview:-1"},"canonical":"https:\/\/www.norgeswood.ee\/lv\/kontakti\/","og_locale":"lv_LV","og_type":"article","og_title":"Kontakti - Wooden Houses - NorgesWood","og_url":"https:\/\/www.norgeswood.ee\/lv\/kontakti\/","og_site_name":"Wooden Houses - NorgesWood","article_modified_time":"2025-01-09T09:03:05+00:00","og_image":[{"width":570,"height":375,"url":"https:\/\/www.norgeswood.ee\/wp-content\/uploads\/2021\/10\/kontakt_1.jpg","type":"image\/jpeg"}],"twitter_card":"summary_large_image","twitter_misc":{"Est. reading time":"3 minutes"},"schema":{"@context":"https:\/\/schema.org","@graph":[{"@type":"WebPage","@id":"https:\/\/www.norgeswood.ee\/lv\/kontakti\/","url":"https:\/\/www.norgeswood.ee\/lv\/kontakti\/","name":"Kontakti - Wooden Houses - NorgesWood","isPartOf":{"@id":"https:\/\/www.norgeswood.ee\/#website"},"primaryImageOfPage":{"@id":"https:\/\/www.norgeswood.ee\/lv\/kontakti\/#primaryimage"},"image":{"@id":"https:\/\/www.norgeswood.ee\/lv\/kontakti\/#primaryimage"},"thumbnailUrl":"https:\/\/www.norgeswood.ee\/wp-content\/uploads\/2021\/10\/kontakt_1.jpg","datePublished":"2021-10-17T15:43:22+00:00","dateModified":"2025-01-09T09:03:05+00:00","breadcrumb":{"@id":"https:\/\/www.norgeswood.ee\/lv\/kontakti\/#breadcrumb"},"inLanguage":"lv-LV","potentialAction":[{"@type":"ReadAction","target":["https:\/\/www.norgeswood.ee\/lv\/kontakti\/"]}]},{"@type":"ImageObject","inLanguage":"lv-LV","@id":"https:\/\/www.norgeswood.ee\/lv\/kontakti\/#primaryimage","url":"https:\/\/www.norgeswood.ee\/wp-content\/uploads\/2021\/10\/kontakt_1.jpg","contentUrl":"https:\/\/www.norgeswood.ee\/wp-content\/uploads\/2021\/10\/kontakt_1.jpg","width":570,"height":375},{"@type":"BreadcrumbList","@id":"https:\/\/www.norgeswood.ee\/lv\/kontakti\/#breadcrumb","itemListElement":[{"@type":"ListItem","position":1,"name":"Home","item":"https:\/\/www.norgeswood.ee\/lv\/homepage\/"},{"@type":"ListItem","position":2,"name":"Kontakti"}]},{"@type":"WebSite","@id":"https:\/\/www.norgeswood.ee\/#website","url":"https:\/\/www.norgeswood.ee\/","name":"Wooden Houses - NorgesWood","description":"Wooden Houses","publisher":{"@id":"https:\/\/www.norgeswood.ee\/#organization"},"potentialAction":[{"@type":"SearchAction","target":{"@type":"EntryPoint","urlTemplate":"https:\/\/www.norgeswood.ee\/?s={search_term_string}"},"query-input":{"@type":"PropertyValueSpecification","valueRequired":true,"valueName":"search_term_string"}}],"inLanguage":"lv-LV"},{"@type":"Organization","@id":"https:\/\/www.norgeswood.ee\/#organization","name":"Wooden Houses - NorgesWood","url":"https:\/\/www.norgeswood.ee\/","logo":{"@type":"ImageObject","inLanguage":"lv-LV","@id":"https:\/\/www.norgeswood.ee\/#\/schema\/logo\/image\/","url":"https:\/\/www.norgeswood.ee\/wp-content\/uploads\/2021\/10\/logo_norgeshus.png","contentUrl":"https:\/\/www.norgeswood.ee\/wp-content\/uploads\/2021\/10\/logo_norgeshus.png","width":248,"height":57,"caption":"Wooden Houses - NorgesWood"},"image":{"@id":"https:\/\/www.norgeswood.ee\/#\/schema\/logo\/image\/"}}]}},"_links":{"self":[{"href":"https:\/\/www.norgeswood.ee\/lv\/wp-json\/wp\/v2\/pages\/4635","targetHints":{"allow":["GET"]}}],"collection":[{"href":"https:\/\/www.norgeswood.ee\/lv\/wp-json\/wp\/v2\/pages"}],"about":[{"href":"https:\/\/www.norgeswood.ee\/lv\/wp-json\/wp\/v2\/types\/page"}],"author":[{"embeddable":true,"href":"https:\/\/www.norgeswood.ee\/lv\/wp-json\/wp\/v2\/users\/1"}],"replies":[{"embeddable":true,"href":"https:\/\/www.norgeswood.ee\/lv\/wp-json\/wp\/v2\/comments?post=4635"}],"version-history":[{"count":0,"href":"https:\/\/www.norgeswood.ee\/lv\/wp-json\/wp\/v2\/pages\/4635\/revisions"}],"wp:featuredmedia":[{"embeddable":true,"href":"https:\/\/www.norgeswood.ee\/lv\/wp-json\/wp\/v2\/media\/4541"}],"wp:attachment":[{"href":"https:\/\/www.norgeswood.ee\/lv\/wp-json\/wp\/v2\/media?parent=4635"}],"curies":[{"name":"wp","href":"https:\/\/api.w.org\/{rel}","templated":true}]}}